{"id":1115,"date":"2023-02-10T15:19:52","date_gmt":"2023-02-10T14:19:52","guid":{"rendered":"https:\/\/www.ulclegal.com\/europarecht\/"},"modified":"2025-10-02T09:21:02","modified_gmt":"2025-10-02T07:21:02","slug":"europarecht","status":"publish","type":"page","link":"https:\/\/www.ulclegal.com\/de\/fachgebiete\/europarecht\/","title":{"rendered":"Europarecht"},"content":{"rendered":"<div id=\"pl-gb1115-69e05f13e02d7\"  class=\"panel-layout\" ><div id=\"pg-gb1115-69e05f13e02d7-0\"  class=\"panel-grid panel-no-style\" ><div id=\"pgc-gb1115-69e05f13e02d7-0-0\"  class=\"panel-grid-cell\" ><div id=\"panel-gb1115-69e05f13e02d7-0-0-0\" class=\"so-panel widget widget_sow-image panel-first-child panel-last-child\" data-index=\"0\" ><div\n\t\t\t\n\t\t\tclass=\"so-widget-sow-image so-widget-sow-image-default-8b5b6f678277-1115\"\n\t\t\t\n\t\t>\n<div class=\"sow-image-container\">\n\t\t<img \n\tdata-src=\"https:\/\/www.ulclegal.com\/wp-content\/uploads\/2023\/02\/monument-camillo-benso-rome-italy.jpg\" width=\"2500\" height=\"1663\" data-srcset=\"https:\/\/www.ulclegal.com\/wp-content\/uploads\/2023\/02\/monument-camillo-benso-rome-italy.jpg 2500w, https:\/\/www.ulclegal.com\/wp-content\/uploads\/2023\/02\/monument-camillo-benso-rome-italy-300x200.jpg 300w, https:\/\/www.ulclegal.com\/wp-content\/uploads\/2023\/02\/monument-camillo-benso-rome-italy-1024x681.jpg 1024w, https:\/\/www.ulclegal.com\/wp-content\/uploads\/2023\/02\/monument-camillo-benso-rome-italy-768x511.jpg 768w, https:\/\/www.ulclegal.com\/wp-content\/uploads\/2023\/02\/monument-camillo-benso-rome-italy-1536x1022.jpg 1536w, https:\/\/www.ulclegal.com\/wp-content\/uploads\/2023\/02\/monument-camillo-benso-rome-italy-2048x1363.jpg 2048w, https:\/\/www.ulclegal.com\/wp-content\/uploads\/2023\/02\/monument-camillo-benso-rome-italy-480x319.jpg 480w, https:\/\/www.ulclegal.com\/wp-content\/uploads\/2023\/02\/monument-camillo-benso-rome-italy-992x660.jpg 992w, https:\/\/www.ulclegal.com\/wp-content\/uploads\/2023\/02\/monument-camillo-benso-rome-italy-1200x798.jpg 1200w, https:\/\/www.ulclegal.com\/wp-content\/uploads\/2023\/02\/monument-camillo-benso-rome-italy-272x182.jpg 272w\" data-sizes=\"(max-width: 2500px) 100vw, 2500px\" title=\"Monument to Camillo Benso located in front of the Supreme Court of Cassation in Rome, Italy\" alt=\"krypto-advokat-bratislava-slovakia\" \t\tclass=\"so-widget-image lazyload\" src=\"data:image\/svg+xml;base64,PHN2ZyB3aWR0aD0iMSIgaGVpZ2h0PSIxIiB4bWxucz0iaHR0cDovL3d3dy53My5vcmcvMjAwMC9zdmciPjwvc3ZnPg==\" style=\"--smush-placeholder-width: 2500px; --smush-placeholder-aspect-ratio: 2500\/1663;\" \/>\n\t<\/div>\n\n<\/div><\/div><\/div><div id=\"pgc-gb1115-69e05f13e02d7-0-1\"  class=\"panel-grid-cell panel-grid-cell-empty\" ><\/div><div id=\"pgc-gb1115-69e05f13e02d7-0-2\"  class=\"panel-grid-cell\" ><div id=\"panel-gb1115-69e05f13e02d7-0-2-0\" class=\"so-panel widget widget_sow-editor panel-first-child panel-last-child\" data-index=\"1\" ><div\n\t\t\t\n\t\t\tclass=\"so-widget-sow-editor so-widget-sow-editor-base\"\n\t\t\t\n\t\t>\n<div class=\"siteorigin-widget-tinymce textwidget\">\n\t<h2>Europarechts rechtsberatend<\/h2>\n<p>Wir sind hier bei ULC \u010carnogursk\u00fd in vielen Bereichen des Europarechts rechtsberatend t\u00e4tig, besondere Kenntnisse haben wir in der Umsetzung und Anwendung von europ\u00e4ischem Recht in Hinblick auf den gemeinsamen Markt, weiters im Wettbewerbsrecht und der Rechtslage bei Finanzdienstleistungen, sowie dem Au\u00dfenhandel.<\/p>\n<p><a class=\"button button-no-fill\" title=\"\" href=\"..\/kontakt\">KONTAKTIERE UNS<\/a><\/p>\n<\/div>\n<\/div><\/div><\/div><\/div><\/div>","protected":false},"excerpt":{"rendered":"<p>Europarechts rechtsberatend Wir sind hier bei ULC \u010carnogursk\u00fd in vielen Bereichen des Europarechts rechtsberatend t\u00e4tig, besondere Kenntnisse haben wir in der Umsetzung und Anwendung von europ\u00e4ischem Recht in Hinblick auf den gemeinsamen Markt, weiters im Wettbewerbsrecht und der Rechtslage bei Finanzdienstleistungen, sowie dem Au\u00dfenhandel. KONTAKTIERE UNS<\/p>\n","protected":false},"author":9,"featured_media":452,"parent":1189,"menu_order":0,"comment_status":"closed","ping_status":"closed","template":"","meta":{"_acf_changed":false,"footnotes":""},"class_list":["post-1115","page","type-page","status-publish","has-post-thumbnail","hentry"],"acf":[],"_links":{"self":[{"href":"https:\/\/www.ulclegal.com\/de\/wp-json\/wp\/v2\/pages\/1115","targetHints":{"allow":["GET"]}}],"collection":[{"href":"https:\/\/www.ulclegal.com\/de\/wp-json\/wp\/v2\/pages"}],"about":[{"href":"https:\/\/www.ulclegal.com\/de\/wp-json\/wp\/v2\/types\/page"}],"author":[{"embeddable":true,"href":"https:\/\/www.ulclegal.com\/de\/wp-json\/wp\/v2\/users\/9"}],"replies":[{"embeddable":true,"href":"https:\/\/www.ulclegal.com\/de\/wp-json\/wp\/v2\/comments?post=1115"}],"version-history":[{"count":0,"href":"https:\/\/www.ulclegal.com\/de\/wp-json\/wp\/v2\/pages\/1115\/revisions"}],"up":[{"embeddable":true,"href":"https:\/\/www.ulclegal.com\/de\/wp-json\/wp\/v2\/pages\/1189"}],"wp:featuredmedia":[{"embeddable":true,"href":"https:\/\/www.ulclegal.com\/de\/wp-json\/wp\/v2\/media\/452"}],"wp:attachment":[{"href":"https:\/\/www.ulclegal.com\/de\/wp-json\/wp\/v2\/media?parent=1115"}],"curies":[{"name":"wp","href":"https:\/\/api.w.org\/{rel}","templated":true}]}}