{"id":1129,"date":"2023-02-10T13:43:44","date_gmt":"2023-02-10T12:43:44","guid":{"rendered":"https:\/\/www.ulclegal.com\/mergers-acquisitions\/"},"modified":"2026-03-30T05:03:18","modified_gmt":"2026-03-30T03:03:18","slug":"mergers-acquisitions","status":"publish","type":"page","link":"https:\/\/www.ulclegal.com\/de\/fachgebiete\/mergers-acquisitions\/","title":{"rendered":"Mergers &amp; Acquisitions"},"content":{"rendered":"<div id=\"pl-gb1129-69deba4f8b1ee\"  class=\"panel-layout\" ><div id=\"pg-gb1129-69deba4f8b1ee-0\"  class=\"panel-grid panel-no-style\" ><div id=\"pgc-gb1129-69deba4f8b1ee-0-0\"  class=\"panel-grid-cell panel-grid-cell-empty\" ><\/div><div id=\"pgc-gb1129-69deba4f8b1ee-0-1\"  class=\"panel-grid-cell panel-grid-cell-mobile-last\" ><div id=\"panel-gb1129-69deba4f8b1ee-0-1-0\" class=\"so-panel widget widget_sow-editor panel-first-child panel-last-child\" data-index=\"0\" ><div\n\t\t\t\n\t\t\tclass=\"so-widget-sow-editor so-widget-sow-editor-base\"\n\t\t\t\n\t\t>\n<div class=\"siteorigin-widget-tinymce textwidget\">\n\t<h4 style=\"text-align: center\">Unsere Dienste beinhalten Due Diligence, Risikoanalyse, Unterst\u00fctzung bei Verhandlungen, Erwerb oder Verkauf von Unternehmen oder Unternehmensanteilen, Anlageverm\u00f6gen, Aktien oder Stock Options, sowie ebenso der Entwurf von Unternehmensvertr\u00e4gen.<\/h4>\n<\/div>\n<\/div><\/div><\/div><div id=\"pgc-gb1129-69deba4f8b1ee-0-2\"  class=\"panel-grid-cell panel-grid-cell-empty\" ><\/div><\/div><div id=\"pg-gb1129-69deba4f8b1ee-1\"  class=\"panel-grid panel-no-style\" ><div id=\"pgc-gb1129-69deba4f8b1ee-1-0\"  class=\"panel-grid-cell\" ><div id=\"panel-gb1129-69deba4f8b1ee-1-0-0\" class=\"so-panel widget widget_sow-image panel-first-child panel-last-child\" data-index=\"1\" ><div\n\t\t\t\n\t\t\tclass=\"so-widget-sow-image so-widget-sow-image-default-8b5b6f678277-1129\"\n\t\t\t\n\t\t>\n<div class=\"sow-image-container\">\n\t\t<img \n\tdata-src=\"https:\/\/www.ulclegal.com\/wp-content\/uploads\/2023\/02\/young-business-woman-working-laptop.jpg\" width=\"2500\" height=\"1667\" data-srcset=\"https:\/\/www.ulclegal.com\/wp-content\/uploads\/2023\/02\/young-business-woman-working-laptop.jpg 2500w, https:\/\/www.ulclegal.com\/wp-content\/uploads\/2023\/02\/young-business-woman-working-laptop-300x200.jpg 300w, https:\/\/www.ulclegal.com\/wp-content\/uploads\/2023\/02\/young-business-woman-working-laptop-1024x683.jpg 1024w, https:\/\/www.ulclegal.com\/wp-content\/uploads\/2023\/02\/young-business-woman-working-laptop-768x512.jpg 768w, https:\/\/www.ulclegal.com\/wp-content\/uploads\/2023\/02\/young-business-woman-working-laptop-1536x1024.jpg 1536w, https:\/\/www.ulclegal.com\/wp-content\/uploads\/2023\/02\/young-business-woman-working-laptop-2048x1366.jpg 2048w, https:\/\/www.ulclegal.com\/wp-content\/uploads\/2023\/02\/young-business-woman-working-laptop-480x320.jpg 480w, https:\/\/www.ulclegal.com\/wp-content\/uploads\/2023\/02\/young-business-woman-working-laptop-992x661.jpg 992w, https:\/\/www.ulclegal.com\/wp-content\/uploads\/2023\/02\/young-business-woman-working-laptop-1200x800.jpg 1200w, https:\/\/www.ulclegal.com\/wp-content\/uploads\/2023\/02\/young-business-woman-working-laptop-272x182.jpg 272w\" data-sizes=\"(max-width: 2500px) 100vw, 2500px\" title=\"Young business woman working on laptop\" alt=\"telefonuje\" \t\tclass=\"so-widget-image lazyload\" src=\"data:image\/svg+xml;base64,PHN2ZyB3aWR0aD0iMSIgaGVpZ2h0PSIxIiB4bWxucz0iaHR0cDovL3d3dy53My5vcmcvMjAwMC9zdmciPjwvc3ZnPg==\" style=\"--smush-placeholder-width: 2500px; --smush-placeholder-aspect-ratio: 2500\/1667;\" \/>\n\t<\/div>\n\n<\/div><\/div><\/div><div id=\"pgc-gb1129-69deba4f8b1ee-1-1\"  class=\"panel-grid-cell panel-grid-cell-empty\" ><\/div><div id=\"pgc-gb1129-69deba4f8b1ee-1-2\"  class=\"panel-grid-cell\" ><div id=\"panel-gb1129-69deba4f8b1ee-1-2-0\" class=\"so-panel widget widget_sow-editor panel-first-child panel-last-child\" data-index=\"2\" ><div\n\t\t\t\n\t\t\tclass=\"so-widget-sow-editor so-widget-sow-editor-base\"\n\t\t\t\n\t\t>\n<div class=\"siteorigin-widget-tinymce textwidget\">\n\t<p>Wir bieten fundierte Rechtsberatung im Bereich des Wettbewerbsrechts und vertreten unsere Klienten vor der Antimonopolbeh\u00f6rde der Slowakischen Republik.<\/p>\n<p><a class=\"button button-no-fill\" title=\"\" href=\"..\/kontakt\">KONTAKTIERE UNS<\/a><\/p>\n<\/div>\n<\/div><\/div><\/div><\/div><\/div>","protected":false},"excerpt":{"rendered":"<p>Unsere Dienste beinhalten Due Diligence, Risikoanalyse, Unterst\u00fctzung bei Verhandlungen, Erwerb oder Verkauf von Unternehmen oder Unternehmensanteilen, Anlageverm\u00f6gen, Aktien oder Stock Options, sowie ebenso der Entwurf von Unternehmensvertr\u00e4gen. Wir bieten fundierte Rechtsberatung im Bereich des Wettbewerbsrechts und vertreten unsere Klienten vor der Antimonopolbeh\u00f6rde der Slowakischen Republik. KONTAKTIERE UNS<\/p>\n","protected":false},"author":9,"featured_media":387,"parent":1189,"menu_order":0,"comment_status":"closed","ping_status":"closed","template":"","meta":{"_acf_changed":false,"footnotes":""},"class_list":["post-1129","page","type-page","status-publish","has-post-thumbnail","hentry"],"acf":[],"_links":{"self":[{"href":"https:\/\/www.ulclegal.com\/de\/wp-json\/wp\/v2\/pages\/1129","targetHints":{"allow":["GET"]}}],"collection":[{"href":"https:\/\/www.ulclegal.com\/de\/wp-json\/wp\/v2\/pages"}],"about":[{"href":"https:\/\/www.ulclegal.com\/de\/wp-json\/wp\/v2\/types\/page"}],"author":[{"embeddable":true,"href":"https:\/\/www.ulclegal.com\/de\/wp-json\/wp\/v2\/users\/9"}],"replies":[{"embeddable":true,"href":"https:\/\/www.ulclegal.com\/de\/wp-json\/wp\/v2\/comments?post=1129"}],"version-history":[{"count":1,"href":"https:\/\/www.ulclegal.com\/de\/wp-json\/wp\/v2\/pages\/1129\/revisions"}],"predecessor-version":[{"id":11521,"href":"https:\/\/www.ulclegal.com\/de\/wp-json\/wp\/v2\/pages\/1129\/revisions\/11521"}],"up":[{"embeddable":true,"href":"https:\/\/www.ulclegal.com\/de\/wp-json\/wp\/v2\/pages\/1189"}],"wp:featuredmedia":[{"embeddable":true,"href":"https:\/\/www.ulclegal.com\/de\/wp-json\/wp\/v2\/media\/387"}],"wp:attachment":[{"href":"https:\/\/www.ulclegal.com\/de\/wp-json\/wp\/v2\/media?parent=1129"}],"curies":[{"name":"wp","href":"https:\/\/api.w.org\/{rel}","templated":true}]}}