{"id":1139,"date":"2023-02-10T15:50:39","date_gmt":"2023-02-10T14:50:39","guid":{"rendered":"https:\/\/www.ulclegal.com\/green-field-brown-field-projects\/"},"modified":"2023-02-16T09:38:39","modified_gmt":"2023-02-16T08:38:39","slug":"green-field-brown-field-projects","status":"publish","type":"page","link":"https:\/\/www.ulclegal.com\/de\/fachgebiete\/green-field-brown-field-projects\/","title":{"rendered":"Green-field &amp; brown-field projects"},"content":{"rendered":"<div id=\"pl-gb1139-69df6ba31d527\"  class=\"panel-layout\" ><div id=\"pg-gb1139-69df6ba31d527-0\"  class=\"panel-grid panel-no-style\" ><div id=\"pgc-gb1139-69df6ba31d527-0-0\"  class=\"panel-grid-cell\" ><div id=\"panel-gb1139-69df6ba31d527-0-0-0\" class=\"so-panel widget widget_sow-image panel-first-child panel-last-child\" data-index=\"0\" ><div\n\t\t\t\n\t\t\tclass=\"so-widget-sow-image so-widget-sow-image-default-8b5b6f678277-1139\"\n\t\t\t\n\t\t>\n<div class=\"sow-image-container\">\n\t\t<img \n\tdata-src=\"https:\/\/www.ulclegal.com\/wp-content\/uploads\/2023\/02\/business-growth-progress-success-concept-businessman-trader-is-showing-growing-virtual-hologram-stock-invest-trading-illustration-e1676041479797.jpg\" width=\"1750\" height=\"1343\" data-srcset=\"https:\/\/www.ulclegal.com\/wp-content\/uploads\/2023\/02\/business-growth-progress-success-concept-businessman-trader-is-showing-growing-virtual-hologram-stock-invest-trading-illustration-e1676041479797.jpg 1750w, https:\/\/www.ulclegal.com\/wp-content\/uploads\/2023\/02\/business-growth-progress-success-concept-businessman-trader-is-showing-growing-virtual-hologram-stock-invest-trading-illustration-e1676041479797-300x230.jpg 300w, https:\/\/www.ulclegal.com\/wp-content\/uploads\/2023\/02\/business-growth-progress-success-concept-businessman-trader-is-showing-growing-virtual-hologram-stock-invest-trading-illustration-e1676041479797-1024x786.jpg 1024w, https:\/\/www.ulclegal.com\/wp-content\/uploads\/2023\/02\/business-growth-progress-success-concept-businessman-trader-is-showing-growing-virtual-hologram-stock-invest-trading-illustration-e1676041479797-768x589.jpg 768w, https:\/\/www.ulclegal.com\/wp-content\/uploads\/2023\/02\/business-growth-progress-success-concept-businessman-trader-is-showing-growing-virtual-hologram-stock-invest-trading-illustration-e1676041479797-1536x1179.jpg 1536w, https:\/\/www.ulclegal.com\/wp-content\/uploads\/2023\/02\/business-growth-progress-success-concept-businessman-trader-is-showing-growing-virtual-hologram-stock-invest-trading-illustration-e1676041479797-480x368.jpg 480w, https:\/\/www.ulclegal.com\/wp-content\/uploads\/2023\/02\/business-growth-progress-success-concept-businessman-trader-is-showing-growing-virtual-hologram-stock-invest-trading-illustration-e1676041479797-992x761.jpg 992w, https:\/\/www.ulclegal.com\/wp-content\/uploads\/2023\/02\/business-growth-progress-success-concept-businessman-trader-is-showing-growing-virtual-hologram-stock-invest-trading-illustration-e1676041479797-1200x921.jpg 1200w\" data-sizes=\"(max-width: 1750px) 100vw, 1750px\" title=\"Business growth, progress or success concept. Businessman or trader is showing a growing virtual hologram stock, invest in trading illustration\" alt=\"krypto-advokat-bratislava-slovakia\" \t\tclass=\"so-widget-image lazyload\" src=\"data:image\/svg+xml;base64,PHN2ZyB3aWR0aD0iMSIgaGVpZ2h0PSIxIiB4bWxucz0iaHR0cDovL3d3dy53My5vcmcvMjAwMC9zdmciPjwvc3ZnPg==\" style=\"--smush-placeholder-width: 1750px; --smush-placeholder-aspect-ratio: 1750\/1343;\" \/>\n\t<\/div>\n\n<\/div><\/div><\/div><div id=\"pgc-gb1139-69df6ba31d527-0-1\"  class=\"panel-grid-cell panel-grid-cell-empty\" ><\/div><div id=\"pgc-gb1139-69df6ba31d527-0-2\"  class=\"panel-grid-cell\" ><div id=\"panel-gb1139-69df6ba31d527-0-2-0\" class=\"so-panel widget widget_sow-editor panel-first-child panel-last-child\" data-index=\"1\" ><div\n\t\t\t\n\t\t\tclass=\"so-widget-sow-editor so-widget-sow-editor-base\"\n\t\t\t\n\t\t>\n<div class=\"siteorigin-widget-tinymce textwidget\">\n\t<h2>Rechtliche Beratung<\/h2>\n<p>Unsere Dienste umfassen kompetente Unterst\u00fctzung bei der Errichtung von Investmentunternehmen und weiteren dazu notwendigen Dokumenten, sowie dem Entwurf, der Errichtung und der \u00dcberpr\u00fcfung von Bauvertr\u00e4gen.Weiters beraten wir auch bei der Einhaltung von umweltrechtlichen Anforderungen und der Errichtung daf\u00fcr notwendiger Vertr\u00e4ge, bei Finanzierungsfragen, beim Entwurf von Arbeitgeber- und Arbeitnehmervorschriften und geben auch einen \u00dcberblick \u00fcber die wichtigsten Institutionen, sowie \u00fcber die wirtschaftliche und rechtspolitische Situation in der Slowakei.<\/p>\n<p><a href=\"..\/kontakt\" title=\"\" class=\"button button-no-fill\">KONTAKTIERE UNS<\/a><\/p>\n<\/div>\n<\/div><\/div><\/div><\/div><\/div>","protected":false},"excerpt":{"rendered":"<p>Rechtliche Beratung Unsere Dienste umfassen kompetente Unterst\u00fctzung bei der Errichtung von Investmentunternehmen und weiteren dazu notwendigen Dokumenten, sowie dem Entwurf, der Errichtung und der \u00dcberpr\u00fcfung von Bauvertr\u00e4gen.Weiters beraten wir auch bei der Einhaltung von umweltrechtlichen Anforderungen und der Errichtung daf\u00fcr notwendiger Vertr\u00e4ge, bei Finanzierungsfragen, beim Entwurf von Arbeitgeber- und Arbeitnehmervorschriften und geben auch einen \u00dcberblick [&hellip;]<\/p>\n","protected":false},"author":9,"featured_media":481,"parent":1189,"menu_order":0,"comment_status":"closed","ping_status":"closed","template":"","meta":{"_acf_changed":false,"footnotes":""},"class_list":["post-1139","page","type-page","status-publish","has-post-thumbnail","hentry"],"acf":[],"_links":{"self":[{"href":"https:\/\/www.ulclegal.com\/de\/wp-json\/wp\/v2\/pages\/1139","targetHints":{"allow":["GET"]}}],"collection":[{"href":"https:\/\/www.ulclegal.com\/de\/wp-json\/wp\/v2\/pages"}],"about":[{"href":"https:\/\/www.ulclegal.com\/de\/wp-json\/wp\/v2\/types\/page"}],"author":[{"embeddable":true,"href":"https:\/\/www.ulclegal.com\/de\/wp-json\/wp\/v2\/users\/9"}],"replies":[{"embeddable":true,"href":"https:\/\/www.ulclegal.com\/de\/wp-json\/wp\/v2\/comments?post=1139"}],"version-history":[{"count":0,"href":"https:\/\/www.ulclegal.com\/de\/wp-json\/wp\/v2\/pages\/1139\/revisions"}],"up":[{"embeddable":true,"href":"https:\/\/www.ulclegal.com\/de\/wp-json\/wp\/v2\/pages\/1189"}],"wp:featuredmedia":[{"embeddable":true,"href":"https:\/\/www.ulclegal.com\/de\/wp-json\/wp\/v2\/media\/481"}],"wp:attachment":[{"href":"https:\/\/www.ulclegal.com\/de\/wp-json\/wp\/v2\/media?parent=1139"}],"curies":[{"name":"wp","href":"https:\/\/api.w.org\/{rel}","templated":true}]}}