{"id":1147,"date":"2023-02-10T15:30:45","date_gmt":"2023-02-10T14:30:45","guid":{"rendered":"https:\/\/www.ulclegal.com\/immaterialgueterrecht\/"},"modified":"2023-02-16T09:38:39","modified_gmt":"2023-02-16T08:38:39","slug":"immaterialgueterrecht","status":"publish","type":"page","link":"https:\/\/www.ulclegal.com\/de\/fachgebiete\/immaterialgueterrecht\/","title":{"rendered":"Immaterialg\u00fcterrecht"},"content":{"rendered":"<div id=\"pl-gb1147-69dddd3193e7d\"  class=\"panel-layout\" ><div id=\"pg-gb1147-69dddd3193e7d-0\"  class=\"panel-grid panel-no-style\" ><div id=\"pgc-gb1147-69dddd3193e7d-0-0\"  class=\"panel-grid-cell\" ><div id=\"panel-gb1147-69dddd3193e7d-0-0-0\" class=\"so-panel widget widget_sow-editor panel-first-child panel-last-child\" data-index=\"0\" ><div\n\t\t\t\n\t\t\tclass=\"so-widget-sow-editor so-widget-sow-editor-base\"\n\t\t\t\n\t\t>\n<div class=\"siteorigin-widget-tinymce textwidget\">\n\t<h2>Umfassende Rechtsberatung<\/h2>\n<p>Wir sind spezialisiert auf den Schutz von Urheberrechten, Firmennamen, Betriebsgeheimnissen und von Fach- oder Betriebswissen. Weiters haben wir viel Erfahrung auf dem Gebiet des Markenrechts, des Schutzes von personenbezogenen Daten, bei Streitigkeiten zu Domain-Namen, etc.<\/p>\n<p><a class=\"button button-no-fill\" title=\"\" href=\"..\/kontakt\">KONTAKTIERE UNS<\/a><\/p>\n<\/div>\n<\/div><\/div><\/div><div id=\"pgc-gb1147-69dddd3193e7d-0-1\"  class=\"panel-grid-cell panel-grid-cell-empty\" ><\/div><div id=\"pgc-gb1147-69dddd3193e7d-0-2\"  class=\"panel-grid-cell\" ><div id=\"panel-gb1147-69dddd3193e7d-0-2-0\" class=\"so-panel widget widget_sow-image panel-first-child panel-last-child\" data-index=\"1\" ><div\n\t\t\t\n\t\t\tclass=\"so-widget-sow-image so-widget-sow-image-default-8b5b6f678277-1147\"\n\t\t\t\n\t\t>\n<div class=\"sow-image-container\">\n\t\t<img \n\tdata-src=\"https:\/\/www.ulclegal.com\/wp-content\/uploads\/2023\/02\/book-library-with-open-textbook.jpg\" width=\"2500\" height=\"1668\" data-srcset=\"https:\/\/www.ulclegal.com\/wp-content\/uploads\/2023\/02\/book-library-with-open-textbook.jpg 2500w, https:\/\/www.ulclegal.com\/wp-content\/uploads\/2023\/02\/book-library-with-open-textbook-300x200.jpg 300w, https:\/\/www.ulclegal.com\/wp-content\/uploads\/2023\/02\/book-library-with-open-textbook-1024x683.jpg 1024w, https:\/\/www.ulclegal.com\/wp-content\/uploads\/2023\/02\/book-library-with-open-textbook-768x513.jpg 768w, https:\/\/www.ulclegal.com\/wp-content\/uploads\/2023\/02\/book-library-with-open-textbook-1536x1025.jpg 1536w, https:\/\/www.ulclegal.com\/wp-content\/uploads\/2023\/02\/book-library-with-open-textbook-2048x1367.jpg 2048w, https:\/\/www.ulclegal.com\/wp-content\/uploads\/2023\/02\/book-library-with-open-textbook-480x320.jpg 480w, https:\/\/www.ulclegal.com\/wp-content\/uploads\/2023\/02\/book-library-with-open-textbook-992x662.jpg 992w, https:\/\/www.ulclegal.com\/wp-content\/uploads\/2023\/02\/book-library-with-open-textbook-1200x801.jpg 1200w, https:\/\/www.ulclegal.com\/wp-content\/uploads\/2023\/02\/book-library-with-open-textbook-272x182.jpg 272w\" data-sizes=\"(max-width: 2500px) 100vw, 2500px\" title=\"Book in library with open textbook,education learning concept\" alt=\"krypto-advokat-bratislava-slovakia\" \t\tclass=\"so-widget-image lazyload\" src=\"data:image\/svg+xml;base64,PHN2ZyB3aWR0aD0iMSIgaGVpZ2h0PSIxIiB4bWxucz0iaHR0cDovL3d3dy53My5vcmcvMjAwMC9zdmciPjwvc3ZnPg==\" style=\"--smush-placeholder-width: 2500px; --smush-placeholder-aspect-ratio: 2500\/1668;\" \/>\n\t<\/div>\n\n<\/div><\/div><\/div><\/div><div id=\"pg-gb1147-69dddd3193e7d-1\"  class=\"panel-grid panel-has-style\" ><div class=\"panel-row-style panel-row-style-for-gb1147-69dddd3193e7d-1\" ><div id=\"pgc-gb1147-69dddd3193e7d-1-0\"  class=\"panel-grid-cell panel-grid-cell-empty\" ><\/div><div id=\"pgc-gb1147-69dddd3193e7d-1-1\"  class=\"panel-grid-cell panel-grid-cell-mobile-last\" ><div id=\"panel-gb1147-69dddd3193e7d-1-1-0\" class=\"so-panel widget widget_sow-editor panel-first-child panel-last-child\" data-index=\"2\" ><div\n\t\t\t\n\t\t\tclass=\"so-widget-sow-editor so-widget-sow-editor-base\"\n\t\t\t\n\t\t>\n<div class=\"siteorigin-widget-tinymce textwidget\">\n\t<h4 style=\"text-align: center;\">Wir vertreten unsere Mandanten vor der Beh\u00f6rde f\u00fcr gewerbliche Schutzrechte in der Slowakischen Republik, die ihren Sitz in Bansk\u00e1 Bystrica hat.<\/h4>\n<\/div>\n<\/div><\/div><\/div><div id=\"pgc-gb1147-69dddd3193e7d-1-2\"  class=\"panel-grid-cell panel-grid-cell-empty\" ><\/div><\/div><\/div><\/div>","protected":false},"excerpt":{"rendered":"<p>Umfassende Rechtsberatung Wir sind spezialisiert auf den Schutz von Urheberrechten, Firmennamen, Betriebsgeheimnissen und von Fach- oder Betriebswissen. Weiters haben wir viel Erfahrung auf dem Gebiet des Markenrechts, des Schutzes von personenbezogenen Daten, bei Streitigkeiten zu Domain-Namen, etc. KONTAKTIERE UNS Wir vertreten unsere Mandanten vor der Beh\u00f6rde f\u00fcr gewerbliche Schutzrechte in der Slowakischen Republik, die ihren [&hellip;]<\/p>\n","protected":false},"author":9,"featured_media":474,"parent":1189,"menu_order":0,"comment_status":"closed","ping_status":"closed","template":"","meta":{"_acf_changed":false,"footnotes":""},"class_list":["post-1147","page","type-page","status-publish","has-post-thumbnail","hentry"],"acf":[],"_links":{"self":[{"href":"https:\/\/www.ulclegal.com\/de\/wp-json\/wp\/v2\/pages\/1147","targetHints":{"allow":["GET"]}}],"collection":[{"href":"https:\/\/www.ulclegal.com\/de\/wp-json\/wp\/v2\/pages"}],"about":[{"href":"https:\/\/www.ulclegal.com\/de\/wp-json\/wp\/v2\/types\/page"}],"author":[{"embeddable":true,"href":"https:\/\/www.ulclegal.com\/de\/wp-json\/wp\/v2\/users\/9"}],"replies":[{"embeddable":true,"href":"https:\/\/www.ulclegal.com\/de\/wp-json\/wp\/v2\/comments?post=1147"}],"version-history":[{"count":0,"href":"https:\/\/www.ulclegal.com\/de\/wp-json\/wp\/v2\/pages\/1147\/revisions"}],"up":[{"embeddable":true,"href":"https:\/\/www.ulclegal.com\/de\/wp-json\/wp\/v2\/pages\/1189"}],"wp:featuredmedia":[{"embeddable":true,"href":"https:\/\/www.ulclegal.com\/de\/wp-json\/wp\/v2\/media\/474"}],"wp:attachment":[{"href":"https:\/\/www.ulclegal.com\/de\/wp-json\/wp\/v2\/media?parent=1147"}],"curies":[{"name":"wp","href":"https:\/\/api.w.org\/{rel}","templated":true}]}}