{"id":1153,"date":"2023-02-10T14:07:27","date_gmt":"2023-02-10T13:07:27","guid":{"rendered":"https:\/\/www.ulclegal.com\/wettbewerbsrecht\/"},"modified":"2025-11-22T19:03:39","modified_gmt":"2025-11-22T18:03:39","slug":"wettbewerbsrecht","status":"publish","type":"page","link":"https:\/\/www.ulclegal.com\/de\/fachgebiete\/wettbewerbsrecht\/","title":{"rendered":"Wettbewerbsrecht"},"content":{"rendered":"<div id=\"pl-gb1153-69d298ef5d9c8\"  class=\"panel-layout\" ><div id=\"pg-gb1153-69d298ef5d9c8-0\"  class=\"panel-grid panel-no-style\" ><div id=\"pgc-gb1153-69d298ef5d9c8-0-0\"  class=\"panel-grid-cell\" ><div id=\"panel-gb1153-69d298ef5d9c8-0-0-0\" class=\"so-panel widget widget_sow-image panel-first-child panel-last-child\" data-index=\"0\" ><div\n\t\t\t\n\t\t\tclass=\"so-widget-sow-image so-widget-sow-image-default-8b5b6f678277-1153\"\n\t\t\t\n\t\t>\n<div class=\"sow-image-container\">\n\t\t<img \n\tdata-src=\"https:\/\/www.ulclegal.com\/wp-content\/uploads\/2023\/02\/successful-group-business-people-working-plans.jpg\" width=\"2500\" height=\"1667\" data-srcset=\"https:\/\/www.ulclegal.com\/wp-content\/uploads\/2023\/02\/successful-group-business-people-working-plans.jpg 2500w, https:\/\/www.ulclegal.com\/wp-content\/uploads\/2023\/02\/successful-group-business-people-working-plans-300x200.jpg 300w, https:\/\/www.ulclegal.com\/wp-content\/uploads\/2023\/02\/successful-group-business-people-working-plans-1024x683.jpg 1024w, https:\/\/www.ulclegal.com\/wp-content\/uploads\/2023\/02\/successful-group-business-people-working-plans-768x512.jpg 768w, https:\/\/www.ulclegal.com\/wp-content\/uploads\/2023\/02\/successful-group-business-people-working-plans-1536x1024.jpg 1536w, https:\/\/www.ulclegal.com\/wp-content\/uploads\/2023\/02\/successful-group-business-people-working-plans-2048x1365.jpg 2048w, https:\/\/www.ulclegal.com\/wp-content\/uploads\/2023\/02\/successful-group-business-people-working-plans-480x320.jpg 480w, https:\/\/www.ulclegal.com\/wp-content\/uploads\/2023\/02\/successful-group-business-people-working-plans-992x661.jpg 992w, https:\/\/www.ulclegal.com\/wp-content\/uploads\/2023\/02\/successful-group-business-people-working-plans-1200x800.jpg 1200w, https:\/\/www.ulclegal.com\/wp-content\/uploads\/2023\/02\/successful-group-business-people-working-plans-272x182.jpg 272w\" data-sizes=\"(max-width: 2500px) 100vw, 2500px\" title=\"Successful group of business people working on plans\" alt=\"krypto-advokat-bratislava-slovakia\" \t\tclass=\"so-widget-image lazyload\" src=\"data:image\/svg+xml;base64,PHN2ZyB3aWR0aD0iMSIgaGVpZ2h0PSIxIiB4bWxucz0iaHR0cDovL3d3dy53My5vcmcvMjAwMC9zdmciPjwvc3ZnPg==\" style=\"--smush-placeholder-width: 2500px; --smush-placeholder-aspect-ratio: 2500\/1667;\" \/>\n\t<\/div>\n\n<\/div><\/div><\/div><div id=\"pgc-gb1153-69d298ef5d9c8-0-1\"  class=\"panel-grid-cell panel-grid-cell-empty\" ><\/div><div id=\"pgc-gb1153-69d298ef5d9c8-0-2\"  class=\"panel-grid-cell\" ><div id=\"panel-gb1153-69d298ef5d9c8-0-2-0\" class=\"so-panel widget widget_sow-editor panel-first-child panel-last-child\" data-index=\"1\" ><div\n\t\t\t\n\t\t\tclass=\"so-widget-sow-editor so-widget-sow-editor-base\"\n\t\t\t\n\t\t>\n<div class=\"siteorigin-widget-tinymce textwidget\">\n\t<h2>Umfassende Rechtsberatung<\/h2>\n<p>Auf der einen Seite liegt unsere T\u00e4tigkeit in der rechtlichen Pr\u00fcfung von Vertragsbeziehungen, die dazu dienen unsere Klienten vor hohen Strafen zu bewahren, die sich bei Verst\u00f6\u00dfen gegen slowakisches oder europ\u00e4isches Wettbewerbsrecht ergeben k\u00f6nnen (verbotene Absprachen, Missbrauch einer marktbeherrschenden Stellung),<\/p>\n<p><a class=\"button button-no-fill\" title=\"\" href=\"..\/kontakt\">KONTAKTIERE UNS<\/a><\/p>\n<\/div>\n<\/div><\/div><\/div><\/div><div id=\"pg-gb1153-69d298ef5d9c8-1\"  class=\"panel-grid panel-has-style\" ><div class=\"panel-row-style panel-row-style-for-gb1153-69d298ef5d9c8-1\" ><div id=\"pgc-gb1153-69d298ef5d9c8-1-0\"  class=\"panel-grid-cell panel-grid-cell-empty\" ><\/div><div id=\"pgc-gb1153-69d298ef5d9c8-1-1\"  class=\"panel-grid-cell panel-grid-cell-mobile-last\" ><div id=\"panel-gb1153-69d298ef5d9c8-1-1-0\" class=\"so-panel widget widget_sow-editor panel-first-child panel-last-child\" data-index=\"2\" ><div\n\t\t\t\n\t\t\tclass=\"so-widget-sow-editor so-widget-sow-editor-base\"\n\t\t\t\n\t\t>\n<div class=\"siteorigin-widget-tinymce textwidget\">\n\t<h3 style=\"text-align: center\">Seite beraten wir unsere Mandanten in F\u00e4llen von unlauterem Wettbewerb. Wir vertreten unsere Klienten auch vor der Antimonopolbeh\u00f6rde der Slowakischen Republik.<\/h3>\n<\/div>\n<\/div><\/div><\/div><div id=\"pgc-gb1153-69d298ef5d9c8-1-2\"  class=\"panel-grid-cell panel-grid-cell-empty\" ><\/div><\/div><\/div><\/div>","protected":false},"excerpt":{"rendered":"<p>Umfassende Rechtsberatung Auf der einen Seite liegt unsere T\u00e4tigkeit in der rechtlichen Pr\u00fcfung von Vertragsbeziehungen, die dazu dienen unsere Klienten vor hohen Strafen zu bewahren, die sich bei Verst\u00f6\u00dfen gegen slowakisches oder europ\u00e4isches Wettbewerbsrecht ergeben k\u00f6nnen (verbotene Absprachen, Missbrauch einer marktbeherrschenden Stellung), KONTAKTIERE UNS Seite beraten wir unsere Mandanten in F\u00e4llen von unlauterem Wettbewerb. Wir [&hellip;]<\/p>\n","protected":false},"author":9,"featured_media":409,"parent":1189,"menu_order":0,"comment_status":"closed","ping_status":"closed","template":"","meta":{"_acf_changed":false,"footnotes":""},"class_list":["post-1153","page","type-page","status-publish","has-post-thumbnail","hentry"],"acf":[],"_links":{"self":[{"href":"https:\/\/www.ulclegal.com\/de\/wp-json\/wp\/v2\/pages\/1153","targetHints":{"allow":["GET"]}}],"collection":[{"href":"https:\/\/www.ulclegal.com\/de\/wp-json\/wp\/v2\/pages"}],"about":[{"href":"https:\/\/www.ulclegal.com\/de\/wp-json\/wp\/v2\/types\/page"}],"author":[{"embeddable":true,"href":"https:\/\/www.ulclegal.com\/de\/wp-json\/wp\/v2\/users\/9"}],"replies":[{"embeddable":true,"href":"https:\/\/www.ulclegal.com\/de\/wp-json\/wp\/v2\/comments?post=1153"}],"version-history":[{"count":0,"href":"https:\/\/www.ulclegal.com\/de\/wp-json\/wp\/v2\/pages\/1153\/revisions"}],"up":[{"embeddable":true,"href":"https:\/\/www.ulclegal.com\/de\/wp-json\/wp\/v2\/pages\/1189"}],"wp:featuredmedia":[{"embeddable":true,"href":"https:\/\/www.ulclegal.com\/de\/wp-json\/wp\/v2\/media\/409"}],"wp:attachment":[{"href":"https:\/\/www.ulclegal.com\/de\/wp-json\/wp\/v2\/media?parent=1153"}],"curies":[{"name":"wp","href":"https:\/\/api.w.org\/{rel}","templated":true}]}}