{"id":1159,"date":"2023-02-09T12:17:14","date_gmt":"2023-02-09T11:17:14","guid":{"rendered":"https:\/\/www.ulclegal.com\/gesellschaftsrecht\/"},"modified":"2026-03-29T06:25:46","modified_gmt":"2026-03-29T04:25:46","slug":"gesellschaftsrecht","status":"publish","type":"page","link":"https:\/\/www.ulclegal.com\/de\/fachgebiete\/gesellschaftsrecht\/","title":{"rendered":"Gesellschaftsrecht"},"content":{"rendered":"<div id=\"pl-gb1159-69dddd3d1c069\"  class=\"panel-layout\" ><div id=\"pg-gb1159-69dddd3d1c069-0\"  class=\"panel-grid panel-no-style\" ><div id=\"pgc-gb1159-69dddd3d1c069-0-0\"  class=\"panel-grid-cell\" ><div id=\"panel-gb1159-69dddd3d1c069-0-0-0\" class=\"so-panel widget widget_sow-image panel-first-child panel-last-child\" data-index=\"0\" ><div\n\t\t\t\n\t\t\tclass=\"so-widget-sow-image so-widget-sow-image-default-8b5b6f678277-1159\"\n\t\t\t\n\t\t>\n<div class=\"sow-image-container\">\n\t\t<img \n\tdata-src=\"https:\/\/www.ulclegal.com\/wp-content\/uploads\/2023\/02\/close-up-business-partners-discussing-financial-issues-office-weekdays.png\" width=\"1866\" height=\"1393\" data-srcset=\"https:\/\/www.ulclegal.com\/wp-content\/uploads\/2023\/02\/close-up-business-partners-discussing-financial-issues-office-weekdays.png 1866w, https:\/\/www.ulclegal.com\/wp-content\/uploads\/2023\/02\/close-up-business-partners-discussing-financial-issues-office-weekdays-300x224.png 300w, https:\/\/www.ulclegal.com\/wp-content\/uploads\/2023\/02\/close-up-business-partners-discussing-financial-issues-office-weekdays-1024x764.png 1024w, https:\/\/www.ulclegal.com\/wp-content\/uploads\/2023\/02\/close-up-business-partners-discussing-financial-issues-office-weekdays-768x573.png 768w, https:\/\/www.ulclegal.com\/wp-content\/uploads\/2023\/02\/close-up-business-partners-discussing-financial-issues-office-weekdays-1536x1147.png 1536w, https:\/\/www.ulclegal.com\/wp-content\/uploads\/2023\/02\/close-up-business-partners-discussing-financial-issues-office-weekdays-480x358.png 480w, https:\/\/www.ulclegal.com\/wp-content\/uploads\/2023\/02\/close-up-business-partners-discussing-financial-issues-office-weekdays-992x741.png 992w, https:\/\/www.ulclegal.com\/wp-content\/uploads\/2023\/02\/close-up-business-partners-discussing-financial-issues-office-weekdays-1200x896.png 1200w\" data-sizes=\"(max-width: 1866px) 100vw, 1866px\" alt=\"krypto-advokat-bratislava-slovakia\" \t\tclass=\"so-widget-image lazyload\" src=\"data:image\/svg+xml;base64,PHN2ZyB3aWR0aD0iMSIgaGVpZ2h0PSIxIiB4bWxucz0iaHR0cDovL3d3dy53My5vcmcvMjAwMC9zdmciPjwvc3ZnPg==\" style=\"--smush-placeholder-width: 1866px; --smush-placeholder-aspect-ratio: 1866\/1393;\" \/>\n\t<\/div>\n\n<\/div><\/div><\/div><div id=\"pgc-gb1159-69dddd3d1c069-0-1\"  class=\"panel-grid-cell panel-grid-cell-empty\" ><\/div><div id=\"pgc-gb1159-69dddd3d1c069-0-2\"  class=\"panel-grid-cell\" ><div id=\"panel-gb1159-69dddd3d1c069-0-2-0\" class=\"so-panel widget widget_sow-editor panel-first-child panel-last-child\" data-index=\"1\" ><div\n\t\t\t\n\t\t\tclass=\"so-widget-sow-editor so-widget-sow-editor-base\"\n\t\t\t\n\t\t>\n<div class=\"siteorigin-widget-tinymce textwidget\">\n\t<h2>Societas Europea<\/h2>\n<p>Des Weiteren unterst\u00fctzen wir unsere Klienten auch in Firmenbuchangelegenheiten, vermitteln vor\u00fcbergehende B\u00fcros\/Adressen f\u00fcr Unternehmen oder treten in Kontakt mit slowakischen Beh\u00f6rden (Gewerbeamt, Finanzamt, Arbeitsamt und Krankenkassen, etc.).<\/p>\n<p><a href=\"..\/kontakt\" title=\"\" class=\"button button-no-fill\">KONTAKTIERE UNS<\/a><\/p>\n<\/div>\n<\/div><\/div><\/div><\/div><div id=\"pg-gb1159-69dddd3d1c069-1\"  class=\"panel-grid panel-has-style\" ><div class=\"panel-row-style panel-row-style-for-gb1159-69dddd3d1c069-1\" ><div id=\"pgc-gb1159-69dddd3d1c069-1-0\"  class=\"panel-grid-cell\" ><div id=\"panel-gb1159-69dddd3d1c069-1-0-0\" class=\"so-panel widget widget_sow-editor panel-first-child panel-last-child\" data-index=\"2\" ><div\n\t\t\t\n\t\t\tclass=\"so-widget-sow-editor so-widget-sow-editor-base\"\n\t\t\t\n\t\t>\n<div class=\"siteorigin-widget-tinymce textwidget\">\n\t<p>Wir erf\u00fcllen auch die Anforderungen unserer Mandanten bez\u00fcglich der Durchf\u00fchrung von \u00c4nderungen oder L\u00f6schungen von Daten von im Handelsregister eingetragenen Handelsgesellschaften und Genossenschaften, der Sicherstellung der Rechtskonformit\u00e4t bei Hauptversammlungen oder Kapitalerh\u00f6hungen und -herabsetzungen.<\/p>\n<\/div>\n<\/div><\/div><\/div><div id=\"pgc-gb1159-69dddd3d1c069-1-1\"  class=\"panel-grid-cell panel-grid-cell-empty\" ><\/div><div id=\"pgc-gb1159-69dddd3d1c069-1-2\"  class=\"panel-grid-cell\" ><div id=\"panel-gb1159-69dddd3d1c069-1-2-0\" class=\"so-panel widget widget_sow-editor panel-first-child panel-last-child\" data-index=\"3\" ><div\n\t\t\t\n\t\t\tclass=\"so-widget-sow-editor so-widget-sow-editor-base\"\n\t\t\t\n\t\t>\n<div class=\"siteorigin-widget-tinymce textwidget\">\n\t<h4>Neben dieser wirtschaftsrechtlichen Agenda ist unsere Kanzlei auch bereit, juristische Dienstleistungen im Bereich der Gr\u00fcndung von Joint Ventures zu erbringen.<\/h4>\n<\/div>\n<\/div><\/div><\/div><\/div><\/div><\/div>","protected":false},"excerpt":{"rendered":"<p>Societas Europea Des Weiteren unterst\u00fctzen wir unsere Klienten auch in Firmenbuchangelegenheiten, vermitteln vor\u00fcbergehende B\u00fcros\/Adressen f\u00fcr Unternehmen oder treten in Kontakt mit slowakischen Beh\u00f6rden (Gewerbeamt, Finanzamt, Arbeitsamt und Krankenkassen, etc.). KONTAKTIERE UNS Wir erf\u00fcllen auch die Anforderungen unserer Mandanten bez\u00fcglich der Durchf\u00fchrung von \u00c4nderungen oder L\u00f6schungen von Daten von im Handelsregister eingetragenen Handelsgesellschaften und Genossenschaften, der [&hellip;]<\/p>\n","protected":false},"author":1,"featured_media":269,"parent":1189,"menu_order":0,"comment_status":"closed","ping_status":"closed","template":"","meta":{"_acf_changed":false,"footnotes":""},"class_list":["post-1159","page","type-page","status-publish","has-post-thumbnail","hentry"],"acf":[],"_links":{"self":[{"href":"https:\/\/www.ulclegal.com\/de\/wp-json\/wp\/v2\/pages\/1159","targetHints":{"allow":["GET"]}}],"collection":[{"href":"https:\/\/www.ulclegal.com\/de\/wp-json\/wp\/v2\/pages"}],"about":[{"href":"https:\/\/www.ulclegal.com\/de\/wp-json\/wp\/v2\/types\/page"}],"author":[{"embeddable":true,"href":"https:\/\/www.ulclegal.com\/de\/wp-json\/wp\/v2\/users\/1"}],"replies":[{"embeddable":true,"href":"https:\/\/www.ulclegal.com\/de\/wp-json\/wp\/v2\/comments?post=1159"}],"version-history":[{"count":1,"href":"https:\/\/www.ulclegal.com\/de\/wp-json\/wp\/v2\/pages\/1159\/revisions"}],"predecessor-version":[{"id":11503,"href":"https:\/\/www.ulclegal.com\/de\/wp-json\/wp\/v2\/pages\/1159\/revisions\/11503"}],"up":[{"embeddable":true,"href":"https:\/\/www.ulclegal.com\/de\/wp-json\/wp\/v2\/pages\/1189"}],"wp:featuredmedia":[{"embeddable":true,"href":"https:\/\/www.ulclegal.com\/de\/wp-json\/wp\/v2\/media\/269"}],"wp:attachment":[{"href":"https:\/\/www.ulclegal.com\/de\/wp-json\/wp\/v2\/media?parent=1159"}],"curies":[{"name":"wp","href":"https:\/\/api.w.org\/{rel}","templated":true}]}}