{"id":1171,"date":"2023-02-10T13:40:03","date_gmt":"2023-02-10T12:40:03","guid":{"rendered":"https:\/\/www.ulclegal.com\/gerichtsverfahren\/"},"modified":"2025-12-27T03:17:24","modified_gmt":"2025-12-27T02:17:24","slug":"gerichtsverfahren","status":"publish","type":"page","link":"https:\/\/www.ulclegal.com\/de\/fachgebiete\/gerichtsverfahren\/","title":{"rendered":"Gerichtsverfahren"},"content":{"rendered":"<div id=\"pl-gb1171-69dd5617d7139\"  class=\"panel-layout\" ><div id=\"pg-gb1171-69dd5617d7139-0\"  class=\"panel-grid panel-no-style\" ><div id=\"pgc-gb1171-69dd5617d7139-0-0\"  class=\"panel-grid-cell\" ><div id=\"panel-gb1171-69dd5617d7139-0-0-0\" class=\"so-panel widget widget_sow-image panel-first-child panel-last-child\" data-index=\"0\" ><div\n\t\t\t\n\t\t\tclass=\"so-widget-sow-image so-widget-sow-image-default-8b5b6f678277-1171\"\n\t\t\t\n\t\t>\n<div class=\"sow-image-container\">\n\t\t<img \n\tdata-src=\"https:\/\/www.ulclegal.com\/wp-content\/uploads\/2023\/02\/businessman-reading-contract-closeup.jpg\" width=\"2500\" height=\"1667\" data-srcset=\"https:\/\/www.ulclegal.com\/wp-content\/uploads\/2023\/02\/businessman-reading-contract-closeup.jpg 2500w, https:\/\/www.ulclegal.com\/wp-content\/uploads\/2023\/02\/businessman-reading-contract-closeup-300x200.jpg 300w, https:\/\/www.ulclegal.com\/wp-content\/uploads\/2023\/02\/businessman-reading-contract-closeup-1024x683.jpg 1024w, https:\/\/www.ulclegal.com\/wp-content\/uploads\/2023\/02\/businessman-reading-contract-closeup-768x512.jpg 768w, https:\/\/www.ulclegal.com\/wp-content\/uploads\/2023\/02\/businessman-reading-contract-closeup-1536x1024.jpg 1536w, https:\/\/www.ulclegal.com\/wp-content\/uploads\/2023\/02\/businessman-reading-contract-closeup-2048x1365.jpg 2048w, https:\/\/www.ulclegal.com\/wp-content\/uploads\/2023\/02\/businessman-reading-contract-closeup-480x320.jpg 480w, https:\/\/www.ulclegal.com\/wp-content\/uploads\/2023\/02\/businessman-reading-contract-closeup-992x661.jpg 992w, https:\/\/www.ulclegal.com\/wp-content\/uploads\/2023\/02\/businessman-reading-contract-closeup-1200x800.jpg 1200w, https:\/\/www.ulclegal.com\/wp-content\/uploads\/2023\/02\/businessman-reading-contract-closeup-272x182.jpg 272w\" data-sizes=\"(max-width: 2500px) 100vw, 2500px\" title=\"Closeup portrait of unrecognizable successful businessman wearing black formal suit reviewing documents and signing contract during meeting\" alt=\"krypto-advokat-bratislava-slovakia\" \t\tclass=\"so-widget-image lazyload\" src=\"data:image\/svg+xml;base64,PHN2ZyB3aWR0aD0iMSIgaGVpZ2h0PSIxIiB4bWxucz0iaHR0cDovL3d3dy53My5vcmcvMjAwMC9zdmciPjwvc3ZnPg==\" style=\"--smush-placeholder-width: 2500px; --smush-placeholder-aspect-ratio: 2500\/1667;\" \/>\n\t<\/div>\n\n<\/div><\/div><\/div><div id=\"pgc-gb1171-69dd5617d7139-0-1\"  class=\"panel-grid-cell panel-grid-cell-empty\" ><\/div><div id=\"pgc-gb1171-69dd5617d7139-0-2\"  class=\"panel-grid-cell\" ><div id=\"panel-gb1171-69dd5617d7139-0-2-0\" class=\"so-panel widget widget_sow-editor panel-first-child panel-last-child\" data-index=\"1\" ><div\n\t\t\t\n\t\t\tclass=\"so-widget-sow-editor so-widget-sow-editor-base\"\n\t\t\t\n\t\t>\n<div class=\"siteorigin-widget-tinymce textwidget\">\n\t<p>Abgesehen von Gerichtsverfahren in zivil- oder unternehmensrechtlichen Angelegenheiten, vertreten wir unsere Klienten auch in Schiedsgerichtsverfahren auf nationaler oder internationaler Ebene. Weiters werden wir als Rechtsvertreter auch bei Beh\u00f6rdeng\u00e4ngen t\u00e4tig, wie z.B. Gewerbeamt und Katastralamt, Beh\u00f6rde zum Schutz von pers\u00f6nlichen Daten, Telekommunikationsbeh\u00f6rde, Antimonopolbeh\u00f6rde, Rundfunkbeh\u00f6rde, etc<\/p>\n<p><a href=\"..\/kontakt\" title=\"\" class=\"button button-no-fill\">KONTAKTIERE UNS<\/a><\/p>\n<\/div>\n<\/div><\/div><\/div><\/div><\/div>","protected":false},"excerpt":{"rendered":"<p>Abgesehen von Gerichtsverfahren in zivil- oder unternehmensrechtlichen Angelegenheiten, vertreten wir unsere Klienten auch in Schiedsgerichtsverfahren auf nationaler oder internationaler Ebene. Weiters werden wir als Rechtsvertreter auch bei Beh\u00f6rdeng\u00e4ngen t\u00e4tig, wie z.B. Gewerbeamt und Katastralamt, Beh\u00f6rde zum Schutz von pers\u00f6nlichen Daten, Telekommunikationsbeh\u00f6rde, Antimonopolbeh\u00f6rde, Rundfunkbeh\u00f6rde, etc KONTAKTIERE UNS<\/p>\n","protected":false},"author":9,"featured_media":355,"parent":1189,"menu_order":0,"comment_status":"closed","ping_status":"closed","template":"","meta":{"_acf_changed":false,"footnotes":""},"class_list":["post-1171","page","type-page","status-publish","has-post-thumbnail","hentry"],"acf":[],"_links":{"self":[{"href":"https:\/\/www.ulclegal.com\/de\/wp-json\/wp\/v2\/pages\/1171","targetHints":{"allow":["GET"]}}],"collection":[{"href":"https:\/\/www.ulclegal.com\/de\/wp-json\/wp\/v2\/pages"}],"about":[{"href":"https:\/\/www.ulclegal.com\/de\/wp-json\/wp\/v2\/types\/page"}],"author":[{"embeddable":true,"href":"https:\/\/www.ulclegal.com\/de\/wp-json\/wp\/v2\/users\/9"}],"replies":[{"embeddable":true,"href":"https:\/\/www.ulclegal.com\/de\/wp-json\/wp\/v2\/comments?post=1171"}],"version-history":[{"count":0,"href":"https:\/\/www.ulclegal.com\/de\/wp-json\/wp\/v2\/pages\/1171\/revisions"}],"up":[{"embeddable":true,"href":"https:\/\/www.ulclegal.com\/de\/wp-json\/wp\/v2\/pages\/1189"}],"wp:featuredmedia":[{"embeddable":true,"href":"https:\/\/www.ulclegal.com\/de\/wp-json\/wp\/v2\/media\/355"}],"wp:attachment":[{"href":"https:\/\/www.ulclegal.com\/de\/wp-json\/wp\/v2\/media?parent=1171"}],"curies":[{"name":"wp","href":"https:\/\/api.w.org\/{rel}","templated":true}]}}