{"id":1177,"date":"2023-02-10T15:07:41","date_gmt":"2023-02-10T14:07:41","guid":{"rendered":"https:\/\/www.ulclegal.com\/staatliche-beihilfen-projektfinanzierung-und-investitionsfoerderungen\/"},"modified":"2023-02-16T09:38:39","modified_gmt":"2023-02-16T08:38:39","slug":"staatliche-beihilfen-projektfinanzierung-und-investitionsfoerderungen","status":"publish","type":"page","link":"https:\/\/www.ulclegal.com\/de\/fachgebiete\/staatliche-beihilfen-projektfinanzierung-und-investitionsfoerderungen\/","title":{"rendered":"Staatliche Beihilfen, Projektfinanzierung und Investitionsf\u00f6rderungen"},"content":{"rendered":"<div id=\"pl-gb1177-69dddc6f65726\"  class=\"panel-layout\" ><div id=\"pg-gb1177-69dddc6f65726-0\"  class=\"panel-grid panel-no-style\" ><div id=\"pgc-gb1177-69dddc6f65726-0-0\"  class=\"panel-grid-cell\" ><div id=\"panel-gb1177-69dddc6f65726-0-0-0\" class=\"so-panel widget widget_sow-image panel-first-child panel-last-child\" data-index=\"0\" ><div\n\t\t\t\n\t\t\tclass=\"so-widget-sow-image so-widget-sow-image-default-8b5b6f678277-1177\"\n\t\t\t\n\t\t>\n<div class=\"sow-image-container\">\n\t\t<img \n\tdata-src=\"https:\/\/www.ulclegal.com\/wp-content\/uploads\/2023\/02\/business-woman-lawyers-discussing-using-digital-tablet-wooden-desk-office-law-legal-services-advice-justice-concept.jpg\" width=\"2500\" height=\"1667\" data-srcset=\"https:\/\/www.ulclegal.com\/wp-content\/uploads\/2023\/02\/business-woman-lawyers-discussing-using-digital-tablet-wooden-desk-office-law-legal-services-advice-justice-concept.jpg 2500w, https:\/\/www.ulclegal.com\/wp-content\/uploads\/2023\/02\/business-woman-lawyers-discussing-using-digital-tablet-wooden-desk-office-law-legal-services-advice-justice-concept-300x200.jpg 300w, https:\/\/www.ulclegal.com\/wp-content\/uploads\/2023\/02\/business-woman-lawyers-discussing-using-digital-tablet-wooden-desk-office-law-legal-services-advice-justice-concept-1024x683.jpg 1024w, https:\/\/www.ulclegal.com\/wp-content\/uploads\/2023\/02\/business-woman-lawyers-discussing-using-digital-tablet-wooden-desk-office-law-legal-services-advice-justice-concept-768x512.jpg 768w, https:\/\/www.ulclegal.com\/wp-content\/uploads\/2023\/02\/business-woman-lawyers-discussing-using-digital-tablet-wooden-desk-office-law-legal-services-advice-justice-concept-1536x1024.jpg 1536w, https:\/\/www.ulclegal.com\/wp-content\/uploads\/2023\/02\/business-woman-lawyers-discussing-using-digital-tablet-wooden-desk-office-law-legal-services-advice-justice-concept-2048x1365.jpg 2048w, https:\/\/www.ulclegal.com\/wp-content\/uploads\/2023\/02\/business-woman-lawyers-discussing-using-digital-tablet-wooden-desk-office-law-legal-services-advice-justice-concept-480x320.jpg 480w, https:\/\/www.ulclegal.com\/wp-content\/uploads\/2023\/02\/business-woman-lawyers-discussing-using-digital-tablet-wooden-desk-office-law-legal-services-advice-justice-concept-992x661.jpg 992w, https:\/\/www.ulclegal.com\/wp-content\/uploads\/2023\/02\/business-woman-lawyers-discussing-using-digital-tablet-wooden-desk-office-law-legal-services-advice-justice-concept-1200x800.jpg 1200w, https:\/\/www.ulclegal.com\/wp-content\/uploads\/2023\/02\/business-woman-lawyers-discussing-using-digital-tablet-wooden-desk-office-law-legal-services-advice-justice-concept-272x182.jpg 272w\" data-sizes=\"(max-width: 2500px) 100vw, 2500px\" title=\"Business woman and lawyers discussing and using digital tablet  on wooden desk in office. Law, legal services, advice, Justice concept.\" alt=\"krypto-advokat-bratislava-slovakia\" \t\tclass=\"so-widget-image lazyload\" src=\"data:image\/svg+xml;base64,PHN2ZyB3aWR0aD0iMSIgaGVpZ2h0PSIxIiB4bWxucz0iaHR0cDovL3d3dy53My5vcmcvMjAwMC9zdmciPjwvc3ZnPg==\" style=\"--smush-placeholder-width: 2500px; --smush-placeholder-aspect-ratio: 2500\/1667;\" \/>\n\t<\/div>\n\n<\/div><\/div><\/div><div id=\"pgc-gb1177-69dddc6f65726-0-1\"  class=\"panel-grid-cell panel-grid-cell-empty\" ><\/div><div id=\"pgc-gb1177-69dddc6f65726-0-2\"  class=\"panel-grid-cell\" ><div id=\"panel-gb1177-69dddc6f65726-0-2-0\" class=\"so-panel widget widget_sow-editor panel-first-child panel-last-child\" data-index=\"1\" ><div\n\t\t\t\n\t\t\tclass=\"so-widget-sow-editor so-widget-sow-editor-base\"\n\t\t\t\n\t\t>\n<div class=\"siteorigin-widget-tinymce textwidget\">\n\t<h2>Anwaltskanzlei ULC \u010carnogursk\u00fd<\/h2>\n<p>Wir leisten kompetente Rechtsberatung zur Erzielung von Subventionen f\u00fcr den Aufbau von Industrieparks und bereiten die Dokumente zur Einreichung der Antr\u00e4ge f\u00fcr Investitionsf\u00f6rderungen vor und setzten weiters auch die notwendigen Vertr\u00e4ge auf.<\/p>\n<p><a class=\"button button-no-fill\" title=\"\" href=\"..\/kontakt\">KONTAKTIERE UNS<\/a><\/p>\n<\/div>\n<\/div><\/div><\/div><\/div><div id=\"pg-gb1177-69dddc6f65726-1\"  class=\"panel-grid panel-has-style\" ><div class=\"panel-row-style panel-row-style-for-gb1177-69dddc6f65726-1\" ><div id=\"pgc-gb1177-69dddc6f65726-1-0\"  class=\"panel-grid-cell panel-grid-cell-empty\" ><\/div><div id=\"pgc-gb1177-69dddc6f65726-1-1\"  class=\"panel-grid-cell panel-grid-cell-mobile-last\" ><div id=\"panel-gb1177-69dddc6f65726-1-1-0\" class=\"so-panel widget widget_sow-editor panel-first-child panel-last-child\" data-index=\"2\" ><div\n\t\t\t\n\t\t\tclass=\"so-widget-sow-editor so-widget-sow-editor-base\"\n\t\t\t\n\t\t>\n<div class=\"siteorigin-widget-tinymce textwidget\">\n\t<h4 style=\"text-align: center;\">Unsere Anw\u00e4lte haben ebenso weitreichende Kenntnis im Bereich von Projektfinanzierungen durch die Europ\u00e4ische Union und bieten auch hier ausf\u00fchrliche Rechtsberatung an.<\/h4>\n<\/div>\n<\/div><\/div><\/div><div id=\"pgc-gb1177-69dddc6f65726-1-2\"  class=\"panel-grid-cell panel-grid-cell-empty\" ><\/div><\/div><\/div><\/div>","protected":false},"excerpt":{"rendered":"<p>Anwaltskanzlei ULC \u010carnogursk\u00fd Wir leisten kompetente Rechtsberatung zur Erzielung von Subventionen f\u00fcr den Aufbau von Industrieparks und bereiten die Dokumente zur Einreichung der Antr\u00e4ge f\u00fcr Investitionsf\u00f6rderungen vor und setzten weiters auch die notwendigen Vertr\u00e4ge auf. KONTAKTIERE UNS Unsere Anw\u00e4lte haben ebenso weitreichende Kenntnis im Bereich von Projektfinanzierungen durch die Europ\u00e4ische Union und bieten auch hier [&hellip;]<\/p>\n","protected":false},"author":9,"featured_media":439,"parent":1189,"menu_order":0,"comment_status":"closed","ping_status":"closed","template":"","meta":{"_acf_changed":false,"footnotes":""},"class_list":["post-1177","page","type-page","status-publish","has-post-thumbnail","hentry"],"acf":[],"_links":{"self":[{"href":"https:\/\/www.ulclegal.com\/de\/wp-json\/wp\/v2\/pages\/1177","targetHints":{"allow":["GET"]}}],"collection":[{"href":"https:\/\/www.ulclegal.com\/de\/wp-json\/wp\/v2\/pages"}],"about":[{"href":"https:\/\/www.ulclegal.com\/de\/wp-json\/wp\/v2\/types\/page"}],"author":[{"embeddable":true,"href":"https:\/\/www.ulclegal.com\/de\/wp-json\/wp\/v2\/users\/9"}],"replies":[{"embeddable":true,"href":"https:\/\/www.ulclegal.com\/de\/wp-json\/wp\/v2\/comments?post=1177"}],"version-history":[{"count":0,"href":"https:\/\/www.ulclegal.com\/de\/wp-json\/wp\/v2\/pages\/1177\/revisions"}],"up":[{"embeddable":true,"href":"https:\/\/www.ulclegal.com\/de\/wp-json\/wp\/v2\/pages\/1189"}],"wp:featuredmedia":[{"embeddable":true,"href":"https:\/\/www.ulclegal.com\/de\/wp-json\/wp\/v2\/media\/439"}],"wp:attachment":[{"href":"https:\/\/www.ulclegal.com\/de\/wp-json\/wp\/v2\/media?parent=1177"}],"curies":[{"name":"wp","href":"https:\/\/api.w.org\/{rel}","templated":true}]}}