{"id":1185,"date":"2023-02-10T14:32:25","date_gmt":"2023-02-10T13:32:25","guid":{"rendered":"https:\/\/www.ulclegal.com\/geltendmachung-von-forderungen-und-insolvenzverfahren\/"},"modified":"2023-02-16T09:38:39","modified_gmt":"2023-02-16T08:38:39","slug":"geltendmachung-von-forderungen-und-insolvenzverfahren","status":"publish","type":"page","link":"https:\/\/www.ulclegal.com\/de\/fachgebiete\/geltendmachung-von-forderungen-und-insolvenzverfahren\/","title":{"rendered":"Geltendmachung von Forderungen und Insolvenzverfahren"},"content":{"rendered":"<div id=\"pl-gb1185-69dd561a8e42a\"  class=\"panel-layout\" ><div id=\"pg-gb1185-69dd561a8e42a-0\"  class=\"panel-grid panel-no-style\" ><div id=\"pgc-gb1185-69dd561a8e42a-0-0\"  class=\"panel-grid-cell\" ><div id=\"panel-gb1185-69dd561a8e42a-0-0-0\" class=\"so-panel widget widget_sow-image panel-first-child panel-last-child\" data-index=\"0\" ><div\n\t\t\t\n\t\t\tclass=\"so-widget-sow-image so-widget-sow-image-default-8b5b6f678277-1185\"\n\t\t\t\n\t\t>\n<div class=\"sow-image-container\">\n\t\t<img \n\tdata-src=\"https:\/\/www.ulclegal.com\/wp-content\/uploads\/2023\/02\/group-business-people-working-office.jpg\" width=\"2500\" height=\"1667\" data-srcset=\"https:\/\/www.ulclegal.com\/wp-content\/uploads\/2023\/02\/group-business-people-working-office.jpg 2500w, https:\/\/www.ulclegal.com\/wp-content\/uploads\/2023\/02\/group-business-people-working-office-300x200.jpg 300w, https:\/\/www.ulclegal.com\/wp-content\/uploads\/2023\/02\/group-business-people-working-office-1024x683.jpg 1024w, https:\/\/www.ulclegal.com\/wp-content\/uploads\/2023\/02\/group-business-people-working-office-768x512.jpg 768w, https:\/\/www.ulclegal.com\/wp-content\/uploads\/2023\/02\/group-business-people-working-office-1536x1024.jpg 1536w, https:\/\/www.ulclegal.com\/wp-content\/uploads\/2023\/02\/group-business-people-working-office-2048x1366.jpg 2048w, https:\/\/www.ulclegal.com\/wp-content\/uploads\/2023\/02\/group-business-people-working-office-480x320.jpg 480w, https:\/\/www.ulclegal.com\/wp-content\/uploads\/2023\/02\/group-business-people-working-office-992x661.jpg 992w, https:\/\/www.ulclegal.com\/wp-content\/uploads\/2023\/02\/group-business-people-working-office-1200x800.jpg 1200w, https:\/\/www.ulclegal.com\/wp-content\/uploads\/2023\/02\/group-business-people-working-office-272x182.jpg 272w\" data-sizes=\"(max-width: 2500px) 100vw, 2500px\" title=\"Group of business people working in office\" alt=\"krypto-advokat-bratislava-slovakia\" \t\tclass=\"so-widget-image lazyload\" src=\"data:image\/svg+xml;base64,PHN2ZyB3aWR0aD0iMSIgaGVpZ2h0PSIxIiB4bWxucz0iaHR0cDovL3d3dy53My5vcmcvMjAwMC9zdmciPjwvc3ZnPg==\" style=\"--smush-placeholder-width: 2500px; --smush-placeholder-aspect-ratio: 2500\/1667;\" \/>\n\t<\/div>\n\n<\/div><\/div><\/div><div id=\"pgc-gb1185-69dd561a8e42a-0-1\"  class=\"panel-grid-cell panel-grid-cell-empty\" ><\/div><div id=\"pgc-gb1185-69dd561a8e42a-0-2\"  class=\"panel-grid-cell\" ><div id=\"panel-gb1185-69dd561a8e42a-0-2-0\" class=\"so-panel widget widget_sow-editor panel-first-child panel-last-child\" data-index=\"1\" ><div\n\t\t\t\n\t\t\tclass=\"so-widget-sow-editor so-widget-sow-editor-base\"\n\t\t\t\n\t\t>\n<div class=\"siteorigin-widget-tinymce textwidget\">\n\t<h2>Rechtsberatung<\/h2>\n<p>Ebenso vertreten wir unsere Mandanten bei der gerichtlichen Geltendmachung von Forderungen, bei au\u00dfergerichtlichen Einigungen, bei Insolvenzverfahren und bei freiwilligen Versteigerungen, sowie auch bei au\u00dfergerichtlichen Vergleichen mit Schuldnergemeinschaften.<\/p>\n<p>Die Geltendmachung von Forderungen in Insolvenzverfahren verlangt oftmals nach rechtlichem Beistand, beginnend mit der Antragsanmeldung, weiters mit der Erhebung von Klagen, der Vertretung unserer Klienten w\u00e4hrend der verschiedenen Anh\u00f6rungen und der Treffen mit den Gl\u00e4ubigern oder Gl\u00e4ubigervertretern. mit den Gl\u00e4ubigern oder Gl\u00e4ubigervertretern.<\/p>\n<p><a class=\"button button-no-fill\" title=\"\" href=\"..\/kontakt\">KONTAKTIERE UNS<\/a><\/p>\n<\/div>\n<\/div><\/div><\/div><\/div><div id=\"pg-gb1185-69dd561a8e42a-1\"  class=\"panel-grid panel-has-style\" ><div class=\"panel-row-style panel-row-style-for-gb1185-69dd561a8e42a-1\" ><div id=\"pgc-gb1185-69dd561a8e42a-1-0\"  class=\"panel-grid-cell panel-grid-cell-empty\" ><\/div><div id=\"pgc-gb1185-69dd561a8e42a-1-1\"  class=\"panel-grid-cell panel-grid-cell-mobile-last\" ><div id=\"panel-gb1185-69dd561a8e42a-1-1-0\" class=\"so-panel widget widget_sow-editor panel-first-child panel-last-child\" data-index=\"2\" ><div\n\t\t\t\n\t\t\tclass=\"so-widget-sow-editor so-widget-sow-editor-base\"\n\t\t\t\n\t\t>\n<div class=\"siteorigin-widget-tinymce textwidget\">\n\t<h3 style=\"text-align: center;\">Unsere Erfahrung umfasst das gerichtliche und au\u00dfergerichtliche Inkasso gegen ein gro\u00dfes Schuldnerportfolio.<\/h3>\n<\/div>\n<\/div><\/div><\/div><div id=\"pgc-gb1185-69dd561a8e42a-1-2\"  class=\"panel-grid-cell panel-grid-cell-empty\" ><\/div><\/div><\/div><\/div>","protected":false},"excerpt":{"rendered":"<p>Rechtsberatung Ebenso vertreten wir unsere Mandanten bei der gerichtlichen Geltendmachung von Forderungen, bei au\u00dfergerichtlichen Einigungen, bei Insolvenzverfahren und bei freiwilligen Versteigerungen, sowie auch bei au\u00dfergerichtlichen Vergleichen mit Schuldnergemeinschaften. Die Geltendmachung von Forderungen in Insolvenzverfahren verlangt oftmals nach rechtlichem Beistand, beginnend mit der Antragsanmeldung, weiters mit der Erhebung von Klagen, der Vertretung unserer Klienten w\u00e4hrend der [&hellip;]<\/p>\n","protected":false},"author":9,"featured_media":426,"parent":1189,"menu_order":0,"comment_status":"closed","ping_status":"closed","template":"","meta":{"_acf_changed":false,"footnotes":""},"class_list":["post-1185","page","type-page","status-publish","has-post-thumbnail","hentry"],"acf":[],"_links":{"self":[{"href":"https:\/\/www.ulclegal.com\/de\/wp-json\/wp\/v2\/pages\/1185","targetHints":{"allow":["GET"]}}],"collection":[{"href":"https:\/\/www.ulclegal.com\/de\/wp-json\/wp\/v2\/pages"}],"about":[{"href":"https:\/\/www.ulclegal.com\/de\/wp-json\/wp\/v2\/types\/page"}],"author":[{"embeddable":true,"href":"https:\/\/www.ulclegal.com\/de\/wp-json\/wp\/v2\/users\/9"}],"replies":[{"embeddable":true,"href":"https:\/\/www.ulclegal.com\/de\/wp-json\/wp\/v2\/comments?post=1185"}],"version-history":[{"count":0,"href":"https:\/\/www.ulclegal.com\/de\/wp-json\/wp\/v2\/pages\/1185\/revisions"}],"up":[{"embeddable":true,"href":"https:\/\/www.ulclegal.com\/de\/wp-json\/wp\/v2\/pages\/1189"}],"wp:featuredmedia":[{"embeddable":true,"href":"https:\/\/www.ulclegal.com\/de\/wp-json\/wp\/v2\/media\/426"}],"wp:attachment":[{"href":"https:\/\/www.ulclegal.com\/de\/wp-json\/wp\/v2\/media?parent=1185"}],"curies":[{"name":"wp","href":"https:\/\/api.w.org\/{rel}","templated":true}]}}