{"id":1189,"date":"2023-02-10T14:03:11","date_gmt":"2023-02-10T13:03:11","guid":{"rendered":"https:\/\/www.ulclegal.com\/fachgebiete\/"},"modified":"2026-04-14T14:33:56","modified_gmt":"2026-04-14T12:33:56","slug":"fachgebiete","status":"publish","type":"page","link":"https:\/\/www.ulclegal.com\/de\/fachgebiete\/","title":{"rendered":"Fachgebiete"},"content":{"rendered":"<div id=\"pl-gb1189-69deba30a63a3\"  class=\"panel-layout\" ><div id=\"pg-gb1189-69deba30a63a3-0\"  class=\"panel-grid panel-no-style\" ><div id=\"pgc-gb1189-69deba30a63a3-0-0\"  class=\"panel-grid-cell\" ><div id=\"panel-gb1189-69deba30a63a3-0-0-0\" class=\"so-panel widget widget_sow-editor panel-first-child panel-last-child\" data-index=\"0\" ><div\n\t\t\t\n\t\t\tclass=\"so-widget-sow-editor so-widget-sow-editor-base\"\n\t\t\t\n\t\t>\n<div class=\"siteorigin-widget-tinymce textwidget\">\n\t<h4>Unsere Rechtsanw\u00e4lte bei ULC \u010carnogursk\u00fd haben umfassende Kenntnis und Erfahrung in allen wichtigen Bereichen der Rechtspraxis.<\/h4>\n<p>Die folgende \u00dcbersicht stellt eine Zusammenfassung der am h\u00e4ufigsten angebotenen und in Anspruch genommenen Fachgebiete unserer Rechtsberatung dar. Zus\u00e4tzlich zu diesen Hauptgebieten bieten wir unseren Mandanten gerne umfassende Beratung und Unterst\u00fctzung in allen anderen Rechtsbereichen an.<\/p>\n<\/div>\n<\/div><\/div><\/div><div id=\"pgc-gb1189-69deba30a63a3-0-1\"  class=\"panel-grid-cell\" ><div id=\"panel-gb1189-69deba30a63a3-0-1-0\" class=\"so-panel widget widget_sow-editor panel-first-child panel-last-child\" data-index=\"1\" ><div\n\t\t\t\n\t\t\tclass=\"so-widget-sow-editor so-widget-sow-editor-base\"\n\t\t\t\n\t\t>\n<div class=\"siteorigin-widget-tinymce textwidget\">\n\t<ul>\n<li><a href=\"https:\/\/www.ulclegal.com\/oblasti-praxe\/public-private-partnership\/\">Public Private Partnership<\/a><\/li>\n<li><a href=\"https:\/\/www.ulclegal.com\/oblasti-praxe\/riesenie-sporov\/\">Rie\u0161enie sporov<br \/>\n<\/a><\/li>\n<li><a href=\"https:\/\/www.ulclegal.com\/oblasti-praxe\/fuzie-a-akvizicie\/\">F\u00fazie a akviz\u00edcie<br \/>\n<\/a><\/li>\n<li><a href=\"https:\/\/www.ulclegal.com\/oblasti-praxe\/pravo-obchodnych-spolocnosti\/\">Pr\u00e1vo hospod\u00e1rskej s\u00fa\u0165a\u017ee<br \/>\n<\/a><\/li>\n<li><a href=\"https:\/\/www.ulclegal.com\/oblasti-praxe\/vymahanie-pohladavok-a-konkurzne-pravo\/\">Vym\u00e1hanie poh\u013ead\u00e1vok a konkurzn\u00e9 pr\u00e1vo<\/a><\/li>\n<li><a href=\"https:\/\/www.ulclegal.com\/oblasti-praxe\/pravo-obchodnych-spolocnosti\/\">Pr\u00e1vo obchodn\u00fdch spolo\u010dnost\u00ed<\/a><\/li>\n<li><a href=\"https:\/\/www.ulclegal.com\/oblasti-praxe\/statna-pomoc-investicne-stimuly-a-projektove-financovanie\/\">\u0160t\u00e1tna pomoc, investi\u010dn\u00e9 stimuly a projektov\u00e9 financovanie<\/a><\/li>\n<li><a href=\"https:\/\/www.ulclegal.com\/oblasti-praxe\/europske-pravo\/\">Eur\u00f3pske pr\u00e1vo<\/a><\/li>\n<li><a href=\"https:\/\/www.ulclegal.com\/oblasti-praxe\/pravo-dusevneho-vlastnictva\/\">Pr\u00e1vo du\u0161evn\u00e9ho vlastn\u00edctva<\/a><\/li>\n<li><a href=\"https:\/\/www.ulclegal.com\/oblasti-praxe\/green-field-a-brown-field-projekty\/\">Green-field a brown-field projekty<\/a><\/li>\n<\/ul>\n<\/div>\n<\/div><\/div><\/div><\/div><\/div>","protected":false},"excerpt":{"rendered":"<p>Unsere Rechtsanw\u00e4lte bei ULC \u010carnogursk\u00fd haben umfassende Kenntnis und Erfahrung in allen wichtigen Bereichen der Rechtspraxis. Die folgende \u00dcbersicht stellt eine Zusammenfassung der am h\u00e4ufigsten angebotenen und in Anspruch genommenen Fachgebiete unserer Rechtsberatung dar. Zus\u00e4tzlich zu diesen Hauptgebieten bieten wir unseren Mandanten gerne umfassende Beratung und Unterst\u00fctzung in allen anderen Rechtsbereichen an. Public Private Partnership [&hellip;]<\/p>\n","protected":false},"author":9,"featured_media":524,"parent":0,"menu_order":0,"comment_status":"closed","ping_status":"closed","template":"","meta":{"_acf_changed":false,"footnotes":""},"class_list":["post-1189","page","type-page","status-publish","has-post-thumbnail","hentry"],"acf":[],"_links":{"self":[{"href":"https:\/\/www.ulclegal.com\/de\/wp-json\/wp\/v2\/pages\/1189","targetHints":{"allow":["GET"]}}],"collection":[{"href":"https:\/\/www.ulclegal.com\/de\/wp-json\/wp\/v2\/pages"}],"about":[{"href":"https:\/\/www.ulclegal.com\/de\/wp-json\/wp\/v2\/types\/page"}],"author":[{"embeddable":true,"href":"https:\/\/www.ulclegal.com\/de\/wp-json\/wp\/v2\/users\/9"}],"replies":[{"embeddable":true,"href":"https:\/\/www.ulclegal.com\/de\/wp-json\/wp\/v2\/comments?post=1189"}],"version-history":[{"count":1,"href":"https:\/\/www.ulclegal.com\/de\/wp-json\/wp\/v2\/pages\/1189\/revisions"}],"predecessor-version":[{"id":11576,"href":"https:\/\/www.ulclegal.com\/de\/wp-json\/wp\/v2\/pages\/1189\/revisions\/11576"}],"wp:featuredmedia":[{"embeddable":true,"href":"https:\/\/www.ulclegal.com\/de\/wp-json\/wp\/v2\/media\/524"}],"wp:attachment":[{"href":"https:\/\/www.ulclegal.com\/de\/wp-json\/wp\/v2\/media?parent=1189"}],"curies":[{"name":"wp","href":"https:\/\/api.w.org\/{rel}","templated":true}]}}