{"id":1254,"date":"2023-02-13T15:00:50","date_gmt":"2023-02-13T14:00:50","guid":{"rendered":"https:\/\/www.ulclegal.com\/karriere\/"},"modified":"2023-03-08T10:23:07","modified_gmt":"2023-03-08T09:23:07","slug":"karriere","status":"publish","type":"page","link":"https:\/\/www.ulclegal.com\/de\/karriere\/","title":{"rendered":"Karriere"},"content":{"rendered":"<div id=\"pl-1254\"  class=\"panel-layout\" ><div id=\"pg-1254-0\"  class=\"panel-grid panel-no-style\" ><div id=\"pgc-1254-0-0\"  class=\"panel-grid-cell\" ><div id=\"panel-1254-0-0-0\" class=\"so-panel widget widget_sow-image panel-first-child panel-last-child\" data-index=\"0\" ><div\n\t\t\t\n\t\t\tclass=\"so-widget-sow-image so-widget-sow-image-default-8b5b6f678277-1254\"\n\t\t\t\n\t\t>\n<div class=\"sow-image-container\">\n\t\t<img \n\tdata-src=\"https:\/\/www.ulclegal.com\/wp-content\/uploads\/2023\/02\/businessman-working-with-documentation-desk.jpg\" width=\"2500\" height=\"1667\" data-srcset=\"https:\/\/www.ulclegal.com\/wp-content\/uploads\/2023\/02\/businessman-working-with-documentation-desk.jpg 2500w, https:\/\/www.ulclegal.com\/wp-content\/uploads\/2023\/02\/businessman-working-with-documentation-desk-300x200.jpg 300w, https:\/\/www.ulclegal.com\/wp-content\/uploads\/2023\/02\/businessman-working-with-documentation-desk-1024x683.jpg 1024w, https:\/\/www.ulclegal.com\/wp-content\/uploads\/2023\/02\/businessman-working-with-documentation-desk-768x512.jpg 768w, https:\/\/www.ulclegal.com\/wp-content\/uploads\/2023\/02\/businessman-working-with-documentation-desk-1536x1024.jpg 1536w, https:\/\/www.ulclegal.com\/wp-content\/uploads\/2023\/02\/businessman-working-with-documentation-desk-2048x1365.jpg 2048w, https:\/\/www.ulclegal.com\/wp-content\/uploads\/2023\/02\/businessman-working-with-documentation-desk-480x320.jpg 480w, https:\/\/www.ulclegal.com\/wp-content\/uploads\/2023\/02\/businessman-working-with-documentation-desk-992x661.jpg 992w, https:\/\/www.ulclegal.com\/wp-content\/uploads\/2023\/02\/businessman-working-with-documentation-desk-1200x800.jpg 1200w, https:\/\/www.ulclegal.com\/wp-content\/uploads\/2023\/02\/businessman-working-with-documentation-desk-272x182.jpg 272w\" data-sizes=\"(max-width: 2500px) 100vw, 2500px\" title=\"Portrait of modern bearded businessman holding papers in hands, reading and analyzing contract documentation at desk with laptop\" alt=\"krypto-advokat-bratislava-slovakia\" \t\tclass=\"so-widget-image lazyload\" src=\"data:image\/svg+xml;base64,PHN2ZyB3aWR0aD0iMSIgaGVpZ2h0PSIxIiB4bWxucz0iaHR0cDovL3d3dy53My5vcmcvMjAwMC9zdmciPjwvc3ZnPg==\" style=\"--smush-placeholder-width: 2500px; --smush-placeholder-aspect-ratio: 2500\/1667;\" \/>\n\t<\/div>\n\n<\/div><\/div><\/div><div id=\"pgc-1254-0-1\"  class=\"panel-grid-cell\" ><div id=\"panel-1254-0-1-0\" class=\"so-panel widget widget_sow-editor panel-first-child panel-last-child\" data-index=\"1\" ><div\n\t\t\t\n\t\t\tclass=\"so-widget-sow-editor so-widget-sow-editor-base\"\n\t\t\t\n\t\t>\n<div class=\"siteorigin-widget-tinymce textwidget\">\n\t<h4>Unsere Anwaltskanzlei bietet ihren Klienten fundierte Rechtsberatung, die auf dem Vertrauen zwischen unseren Klienten und unseren Anw\u00e4lten basiert, wie auch auf ethischen Prinzipien, die grundlegend f\u00fcr den Anwaltsberuf sind. Daher ist weitreichendes Fachwissen die Schl\u00fcsselkompetenz unserer zuk\u00fcnftigen Anw\u00e4lte.<\/h4>\n<p>Gelehrsamkeit ist daher die Schl\u00fcsselkompetenz f\u00fcr potenzielle Mitarbeiter. Seit unserer Gr\u00fcndung bieten wir nationale, sowie internationale niveauvolle Rechtsberatung an und erm\u00f6glichen somit unseren slowakischen Klienten, wie auch den ausl\u00e4ndischen Investoren, sich am slowakischen Markt zu etablieren.<\/p>\n<\/div>\n<\/div><\/div><\/div><\/div><div id=\"pg-1254-1\"  class=\"panel-grid panel-has-style\" ><div class=\"panel-row-style panel-row-style-for-1254-1\" ><div id=\"pgc-1254-1-0\"  class=\"panel-grid-cell\" ><div id=\"panel-1254-1-0-0\" class=\"so-panel widget widget_sow-editor panel-first-child panel-last-child\" data-index=\"2\" ><div\n\t\t\t\n\t\t\tclass=\"so-widget-sow-editor so-widget-sow-editor-base\"\n\t\t\t\n\t\t>\n<div class=\"siteorigin-widget-tinymce textwidget\">\n\t<p>Jedoch auch ihre pers\u00f6nlichen St\u00e4rken, wie Kommunikationsf\u00e4higkeit, Flexibilit\u00e4t, Genauigkeit, Stressresistenz, Lernbereitschaft und eine andauernde Begeisterung f\u00fcr den Rechtsberuf sind ebenso wichtig f\u00fcr uns. Sie ihr Studium der Rechtswissenschaften bereits abgeschlossen haben, oder zurzeit noch an einer rechtswissenschaftlichen Fakult\u00e4t studieren und nach einer neuen Arbeit suchen, kontaktieren Sie uns einfach.<\/p>\n<\/div>\n<\/div><\/div><\/div><div id=\"pgc-1254-1-1\"  class=\"panel-grid-cell panel-grid-cell-empty\" ><\/div><div id=\"pgc-1254-1-2\"  class=\"panel-grid-cell\" ><div id=\"panel-1254-1-2-0\" class=\"so-panel widget widget_sow-editor panel-first-child panel-last-child\" data-index=\"3\" ><div\n\t\t\t\n\t\t\tclass=\"so-widget-sow-editor so-widget-sow-editor-base\"\n\t\t\t\n\t\t>\n<div class=\"siteorigin-widget-tinymce textwidget\">\n\t<p>Der ideale Bewerber sollte das Studium der Rechtswissenschaften bereits abgeschlossen haben, strebsam sein und gen\u00fcgend Potential haben, um eine Bereicherung f\u00fcr unser bestehendes Team zu sein. Die Kenntnis mindestens einer Fremdsprache ist eine Grundvoraussetzung.<\/p>\n<\/div>\n<\/div><\/div><\/div><\/div><\/div><div id=\"pg-1254-2\"  class=\"panel-grid panel-no-style\" ><div id=\"pgc-1254-2-0\"  class=\"panel-grid-cell panel-grid-cell-empty\" ><\/div><div id=\"pgc-1254-2-1\"  class=\"panel-grid-cell panel-grid-cell-mobile-last\" ><div id=\"panel-1254-2-1-0\" class=\"so-panel widget widget_sow-editor panel-first-child panel-last-child\" data-index=\"4\" ><div\n\t\t\t\n\t\t\tclass=\"so-widget-sow-editor so-widget-sow-editor-base\"\n\t\t\t\n\t\t>\n<div class=\"siteorigin-widget-tinymce textwidget\">\n\t<h2 style=\"text-align: center;\">Sollten Sie den oben angef\u00fchrten Kriterien entsprechen, kontaktiere uns unter<a href=\"mailto:%20kariera@ulclegal.com\">kariera@ulclegal.com<\/a><\/h2>\n<\/div>\n<\/div><\/div><\/div><div id=\"pgc-1254-2-2\"  class=\"panel-grid-cell panel-grid-cell-empty\" ><\/div><\/div><\/div>","protected":false},"excerpt":{"rendered":"<p>Unsere Anwaltskanzlei bietet ihren Klienten fundierte Rechtsberatung, die auf dem Vertrauen zwischen unseren Klienten und unseren Anw\u00e4lten basiert, wie auch auf ethischen Prinzipien, die grundlegend f\u00fcr den Anwaltsberuf sind. Daher ist weitreichendes Fachwissen die Schl\u00fcsselkompetenz unserer zuk\u00fcnftigen Anw\u00e4lte. Gelehrsamkeit ist daher die Schl\u00fcsselkompetenz f\u00fcr potenzielle Mitarbeiter. Seit unserer Gr\u00fcndung bieten wir nationale, sowie internationale niveauvolle [&hellip;]<\/p>\n","protected":false},"author":9,"featured_media":1056,"parent":0,"menu_order":0,"comment_status":"closed","ping_status":"closed","template":"","meta":{"_acf_changed":false,"footnotes":""},"class_list":["post-1254","page","type-page","status-publish","has-post-thumbnail","hentry"],"acf":[],"_links":{"self":[{"href":"https:\/\/www.ulclegal.com\/de\/wp-json\/wp\/v2\/pages\/1254","targetHints":{"allow":["GET"]}}],"collection":[{"href":"https:\/\/www.ulclegal.com\/de\/wp-json\/wp\/v2\/pages"}],"about":[{"href":"https:\/\/www.ulclegal.com\/de\/wp-json\/wp\/v2\/types\/page"}],"author":[{"embeddable":true,"href":"https:\/\/www.ulclegal.com\/de\/wp-json\/wp\/v2\/users\/9"}],"replies":[{"embeddable":true,"href":"https:\/\/www.ulclegal.com\/de\/wp-json\/wp\/v2\/comments?post=1254"}],"version-history":[{"count":0,"href":"https:\/\/www.ulclegal.com\/de\/wp-json\/wp\/v2\/pages\/1254\/revisions"}],"wp:featuredmedia":[{"embeddable":true,"href":"https:\/\/www.ulclegal.com\/de\/wp-json\/wp\/v2\/media\/1056"}],"wp:attachment":[{"href":"https:\/\/www.ulclegal.com\/de\/wp-json\/wp\/v2\/media?parent=1254"}],"curies":[{"name":"wp","href":"https:\/\/api.w.org\/{rel}","templated":true}]}}