{"id":1479,"date":"2023-02-10T13:13:19","date_gmt":"2023-02-10T12:13:19","guid":{"rendered":"https:\/\/www.ulclegal.com\/kontakt\/"},"modified":"2026-04-15T11:25:29","modified_gmt":"2026-04-15T09:25:29","slug":"kontakt","status":"publish","type":"page","link":"https:\/\/www.ulclegal.com\/de\/kontakt\/","title":{"rendered":"Kontakt"},"content":{"rendered":"<div id=\"pl-gb1479-69e0781572e1b\"  class=\"panel-layout\" ><div id=\"pg-gb1479-69e0781572e1b-0\"  class=\"panel-grid panel-no-style\" ><div id=\"pgc-gb1479-69e0781572e1b-0-0\"  class=\"panel-grid-cell\" ><div id=\"panel-gb1479-69e0781572e1b-0-0-0\" class=\"so-panel widget widget_sow-editor panel-first-child panel-last-child\" data-index=\"0\" ><div\n\t\t\t\n\t\t\tclass=\"so-widget-sow-editor so-widget-sow-editor-base\"\n\t\t\t\n\t\t>\n<div class=\"siteorigin-widget-tinymce textwidget\">\n\t<div style=\"width: 100%\"><\/div>\n<\/div>\n<\/div><\/div><\/div><div id=\"pgc-gb1479-69e0781572e1b-0-1\"  class=\"panel-grid-cell\" ><div id=\"panel-gb1479-69e0781572e1b-0-1-0\" class=\"so-panel widget widget_sow-editor panel-first-child panel-last-child\" data-index=\"1\" ><div\n\t\t\t\n\t\t\tclass=\"so-widget-sow-editor so-widget-sow-editor-base\"\n\t\t\t\n\t\t>\n<div class=\"siteorigin-widget-tinymce textwidget\">\n\t<h4>ULC \u010carnogursk\u00fd s.r.o.<\/h4>\n<p>Tvaro\u017ekova 5, P.O.Box 21<br \/>\n814 99 Bratislava 1<br \/>\nSlowakei<\/p>\n<p>MWSt.: 35975016<br \/>\nMwSt.: 2022119231<br \/>\nMwSt., Ust.: SK2022119231<\/p>\n<p>Tel.: <a>+421-2-5720 1717<\/a><br \/>\nFax: <a>+421-2-5720 1777<\/a><br \/>\nE-mail: <a href=\"mailto:office@ulclegal.com\">office@ulclegal.com<\/a><\/p>\n<\/div>\n<\/div><\/div><\/div><\/div><\/div>","protected":false},"excerpt":{"rendered":"<p>ULC \u010carnogursk\u00fd s.r.o. Tvaro\u017ekova 5, P.O.Box 21 814 99 Bratislava 1 Slowakei MWSt.: 35975016 MwSt.: 2022119231 MwSt., Ust.: SK2022119231 Tel.: +421-2-5720 1717 Fax: +421-2-5720 1777 E-mail: office@ulclegal.com<\/p>\n","protected":false},"author":9,"featured_media":534,"parent":0,"menu_order":0,"comment_status":"closed","ping_status":"closed","template":"","meta":{"_acf_changed":false,"footnotes":""},"class_list":["post-1479","page","type-page","status-publish","has-post-thumbnail","hentry"],"acf":[],"_links":{"self":[{"href":"https:\/\/www.ulclegal.com\/de\/wp-json\/wp\/v2\/pages\/1479","targetHints":{"allow":["GET"]}}],"collection":[{"href":"https:\/\/www.ulclegal.com\/de\/wp-json\/wp\/v2\/pages"}],"about":[{"href":"https:\/\/www.ulclegal.com\/de\/wp-json\/wp\/v2\/types\/page"}],"author":[{"embeddable":true,"href":"https:\/\/www.ulclegal.com\/de\/wp-json\/wp\/v2\/users\/9"}],"replies":[{"embeddable":true,"href":"https:\/\/www.ulclegal.com\/de\/wp-json\/wp\/v2\/comments?post=1479"}],"version-history":[{"count":1,"href":"https:\/\/www.ulclegal.com\/de\/wp-json\/wp\/v2\/pages\/1479\/revisions"}],"predecessor-version":[{"id":11587,"href":"https:\/\/www.ulclegal.com\/de\/wp-json\/wp\/v2\/pages\/1479\/revisions\/11587"}],"wp:featuredmedia":[{"embeddable":true,"href":"https:\/\/www.ulclegal.com\/de\/wp-json\/wp\/v2\/media\/534"}],"wp:attachment":[{"href":"https:\/\/www.ulclegal.com\/de\/wp-json\/wp\/v2\/media?parent=1479"}],"curies":[{"name":"wp","href":"https:\/\/api.w.org\/{rel}","templated":true}]}}