{"id":4468,"date":"2024-01-02T14:59:58","date_gmt":"2024-01-02T13:59:58","guid":{"rendered":"https:\/\/www.ulclegal.com\/?page_id=4468"},"modified":"2025-07-23T16:44:26","modified_gmt":"2025-07-23T14:44:26","slug":"bc-peter-preto","status":"publish","type":"page","link":"https:\/\/www.ulclegal.com\/de\/bc-peter-preto\/","title":{"rendered":"Bc. Peter Pre\u0165o"},"content":{"rendered":"<div id=\"pl-4468\"  class=\"panel-layout\" ><div id=\"pg-4468-0\"  class=\"panel-grid panel-no-style\" ><div id=\"pgc-4468-0-0\"  class=\"panel-grid-cell\" ><div id=\"panel-4468-0-0-0\" class=\"so-panel widget widget_sow-editor panel-first-child panel-last-child\" data-index=\"0\" ><div\n\t\t\t\n\t\t\tclass=\"so-widget-sow-editor so-widget-sow-editor-base\"\n\t\t\t\n\t\t>\n<div class=\"siteorigin-widget-tinymce textwidget\">\n\t<p>Peter Pre\u0165o ist Masterstudent im ersten Jahr an der Juristischen Fakult\u00e4t der Comenius-Universit\u00e4t in Bratislava.<\/p>\n<p id=\"tw-target-text\" class=\"tw-data-text tw-text-large tw-ta\" dir=\"ltr\" data-placeholder=\"Preklad\" data-ved=\"2ahUKEwjzuI6D8r6DAxWPgf0HHVpvCqAQ3ewLegQIARAQ\"><span class=\"Y2IQFc\" lang=\"de\">Peter arbeitet in der Anwaltskanzlei ULC \u010carnogursk\u00fd seit Juli 2023.<\/span><\/p>\n<p class=\"tw-data-text tw-text-large tw-ta\" dir=\"ltr\" data-placeholder=\"Preklad\" data-ved=\"2ahUKEwjzuI6D8r6DAxWPgf0HHVpvCqAQ3ewLegQIARAQ\"><span class=\"Y2IQFc\" lang=\"de\">Er beherrscht die englische Sprache.<\/span><\/p>\n<\/div>\n<\/div><\/div><\/div><\/div><\/div>","protected":false},"excerpt":{"rendered":"<p>Peter Pre\u0165o ist Masterstudent im ersten Jahr an der Juristischen Fakult\u00e4t der Comenius-Universit\u00e4t in Bratislava. Peter arbeitet in der Anwaltskanzlei ULC \u010carnogursk\u00fd seit Juli 2023. Er beherrscht die englische Sprache.<\/p>\n","protected":false},"author":8,"featured_media":7872,"parent":0,"menu_order":0,"comment_status":"closed","ping_status":"closed","template":"","meta":{"_acf_changed":false,"footnotes":""},"class_list":["post-4468","page","type-page","status-publish","has-post-thumbnail","hentry"],"acf":[],"_links":{"self":[{"href":"https:\/\/www.ulclegal.com\/de\/wp-json\/wp\/v2\/pages\/4468","targetHints":{"allow":["GET"]}}],"collection":[{"href":"https:\/\/www.ulclegal.com\/de\/wp-json\/wp\/v2\/pages"}],"about":[{"href":"https:\/\/www.ulclegal.com\/de\/wp-json\/wp\/v2\/types\/page"}],"author":[{"embeddable":true,"href":"https:\/\/www.ulclegal.com\/de\/wp-json\/wp\/v2\/users\/8"}],"replies":[{"embeddable":true,"href":"https:\/\/www.ulclegal.com\/de\/wp-json\/wp\/v2\/comments?post=4468"}],"version-history":[{"count":0,"href":"https:\/\/www.ulclegal.com\/de\/wp-json\/wp\/v2\/pages\/4468\/revisions"}],"wp:featuredmedia":[{"embeddable":true,"href":"https:\/\/www.ulclegal.com\/de\/wp-json\/wp\/v2\/media\/7872"}],"wp:attachment":[{"href":"https:\/\/www.ulclegal.com\/de\/wp-json\/wp\/v2\/media?parent=4468"}],"curies":[{"name":"wp","href":"https:\/\/api.w.org\/{rel}","templated":true}]}}