{"id":5083,"date":"2024-09-17T08:39:33","date_gmt":"2024-09-17T06:39:33","guid":{"rendered":"https:\/\/www.ulclegal.com\/esg-verantwortung\/"},"modified":"2025-10-31T14:46:53","modified_gmt":"2025-10-31T13:46:53","slug":"esg-verantwortung","status":"publish","type":"page","link":"https:\/\/www.ulclegal.com\/de\/esg-verantwortung\/","title":{"rendered":"ESG Verantwortung"},"content":{"rendered":"<div id=\"pl-gb5083-69e07823ec48a\"  class=\"panel-layout wp-block-siteorigin-panels-layout-block\" ><div id=\"pg-gb5083-69e07823ec48a-0\"  class=\"panel-grid panel-no-style\" ><div id=\"pgc-gb5083-69e07823ec48a-0-0\"  class=\"panel-grid-cell\" ><div id=\"panel-gb5083-69e07823ec48a-0-0-0\" class=\"so-panel widget widget_sow-image panel-first-child panel-last-child\" data-index=\"0\" ><div\n\t\t\t\n\t\t\tclass=\"so-widget-sow-image so-widget-sow-image-default-8b5b6f678277-5083\"\n\t\t\t\n\t\t>\n<div class=\"sow-image-container\">\n\t\t<img \n\tdata-src=\"https:\/\/www.ulclegal.com\/wp-content\/uploads\/2024\/09\/Ule-v-ULC.jpg\" width=\"2048\" height=\"1153\" data-srcset=\"https:\/\/www.ulclegal.com\/wp-content\/uploads\/2024\/09\/Ule-v-ULC.jpg 2048w, https:\/\/www.ulclegal.com\/wp-content\/uploads\/2024\/09\/Ule-v-ULC-300x169.jpg 300w, https:\/\/www.ulclegal.com\/wp-content\/uploads\/2024\/09\/Ule-v-ULC-1024x577.jpg 1024w, https:\/\/www.ulclegal.com\/wp-content\/uploads\/2024\/09\/Ule-v-ULC-768x432.jpg 768w, https:\/\/www.ulclegal.com\/wp-content\/uploads\/2024\/09\/Ule-v-ULC-1536x865.jpg 1536w, https:\/\/www.ulclegal.com\/wp-content\/uploads\/2024\/09\/Ule-v-ULC-480x270.jpg 480w, https:\/\/www.ulclegal.com\/wp-content\/uploads\/2024\/09\/Ule-v-ULC-992x558.jpg 992w, https:\/\/www.ulclegal.com\/wp-content\/uploads\/2024\/09\/Ule-v-ULC-1200x676.jpg 1200w\" data-sizes=\"(max-width: 2048px) 100vw, 2048px\" title=\"\u00dale v ULC\" alt=\"\u00daleULC\" \t\tclass=\"so-widget-image lazyload\" src=\"data:image\/svg+xml;base64,PHN2ZyB3aWR0aD0iMSIgaGVpZ2h0PSIxIiB4bWxucz0iaHR0cDovL3d3dy53My5vcmcvMjAwMC9zdmciPjwvc3ZnPg==\" style=\"--smush-placeholder-width: 2048px; --smush-placeholder-aspect-ratio: 2048\/1153;\" \/>\n\t<\/div>\n\n<\/div><\/div><\/div><div id=\"pgc-gb5083-69e07823ec48a-0-1\"  class=\"panel-grid-cell\" ><div id=\"panel-gb5083-69e07823ec48a-0-1-0\" class=\"so-panel widget widget_sow-editor panel-first-child panel-last-child\" data-index=\"1\" ><div\n\t\t\t\n\t\t\tclass=\"so-widget-sow-editor so-widget-sow-editor-base\"\n\t\t\t\n\t\t>\n<div class=\"siteorigin-widget-tinymce textwidget\">\n\t<h4>Die Bienen in unseren Bienenst\u00f6cken sind nicht nur ein Symbol f\u00fcr unsere Verantwortung gegen\u00fcber der Umwelt, sondern auch eine Quelle f\u00fcr hochwertigen Honig, den wir mit viel Liebe herstellen.<\/h4>\n<p>Gemeinsam mit unseren Mitarbeitern sorgen wir f\u00fcr ihre Gesundheit und ihr Wohlergehen und tragen so zu einer nachhaltigen Zukunft bei. Diese flei\u00dfigen Bienen produzieren nicht nur k\u00f6stlichen Honig, sondern tragen auch zur Best\u00e4ubung von Pflanzen bei, was f\u00fcr die Erhaltung der Artenvielfalt von entscheidender Bedeutung ist. Wir sind stolz darauf, zu ihrem Schutz beizutragen und eine gesunde Umwelt zu f\u00f6rdern.  <\/p>\n<p>&nbsp;<\/p>\n<\/div>\n<\/div><\/div><\/div><\/div><div id=\"pg-gb5083-69e07823ec48a-1\"  class=\"panel-grid panel-has-style\" ><div class=\"panel-row-style panel-row-style-for-gb5083-69e07823ec48a-1\" ><div id=\"pgc-gb5083-69e07823ec48a-1-0\"  class=\"panel-grid-cell\" ><div id=\"panel-gb5083-69e07823ec48a-1-0-0\" class=\"so-panel widget widget_sow-editor panel-first-child panel-last-child\" data-index=\"2\" ><div\n\t\t\t\n\t\t\tclass=\"so-widget-sow-editor so-widget-sow-editor-base\"\n\t\t\t\n\t\t>\n<div class=\"siteorigin-widget-tinymce textwidget\">\n\t<h4>Wir sind Verfechter der Solarenergie, schlie\u00dflich ist die Sonne das st\u00e4rkste Atomkraftwerk in unserem Sonnensystem.<\/h4>\n<p>Deshalb haben wir auf dem Dach unseres B\u00fcros Sonnenkollektoren installiert, mit denen wir \u00fcber 60 % unseres Stromverbrauchs im Jahr decken k\u00f6nnen.<\/p>\n<p>Sie stellen nicht nur eine finanzielle Ersparnis dar, sondern sie sch\u00fctzen vor allem unsere Natur. Solarstrom ist sehr billig und leicht zug\u00e4nglich und ersetzt erfolgreich Strom, der aus fossilen oder anderen nicht erneuerbaren Quellen stammt. <\/p>\n<\/div>\n<\/div><\/div><\/div><div id=\"pgc-gb5083-69e07823ec48a-1-1\"  class=\"panel-grid-cell\" ><div id=\"panel-gb5083-69e07823ec48a-1-1-0\" class=\"so-panel widget widget_sow-image panel-first-child panel-last-child\" data-index=\"3\" ><div\n\t\t\t\n\t\t\tclass=\"so-widget-sow-image so-widget-sow-image-default-8b5b6f678277-5083\"\n\t\t\t\n\t\t>\n<div class=\"sow-image-container\">\n\t\t<img \n\tdata-src=\"https:\/\/www.ulclegal.com\/wp-content\/uploads\/2024\/09\/123456-rotated-e1726657556569.jpg\" width=\"1536\" height=\"1522\" data-srcset=\"https:\/\/www.ulclegal.com\/wp-content\/uploads\/2024\/09\/123456-rotated-e1726657556569.jpg 1536w, https:\/\/www.ulclegal.com\/wp-content\/uploads\/2024\/09\/123456-rotated-e1726657556569-300x297.jpg 300w, https:\/\/www.ulclegal.com\/wp-content\/uploads\/2024\/09\/123456-rotated-e1726657556569-1024x1015.jpg 1024w, https:\/\/www.ulclegal.com\/wp-content\/uploads\/2024\/09\/123456-rotated-e1726657556569-150x150.jpg 150w, https:\/\/www.ulclegal.com\/wp-content\/uploads\/2024\/09\/123456-rotated-e1726657556569-768x761.jpg 768w, https:\/\/www.ulclegal.com\/wp-content\/uploads\/2024\/09\/123456-rotated-e1726657556569-480x476.jpg 480w, https:\/\/www.ulclegal.com\/wp-content\/uploads\/2024\/09\/123456-rotated-e1726657556569-992x983.jpg 992w, https:\/\/www.ulclegal.com\/wp-content\/uploads\/2024\/09\/123456-rotated-e1726657556569-1200x1189.jpg 1200w\" data-sizes=\"(max-width: 1536px) 100vw, 1536px\" title=\"123456\" alt=\"BudovaZozadu\" \t\tclass=\"so-widget-image lazyload\" src=\"data:image\/svg+xml;base64,PHN2ZyB3aWR0aD0iMSIgaGVpZ2h0PSIxIiB4bWxucz0iaHR0cDovL3d3dy53My5vcmcvMjAwMC9zdmciPjwvc3ZnPg==\" style=\"--smush-placeholder-width: 1536px; --smush-placeholder-aspect-ratio: 1536\/1522;\" \/>\n\t<\/div>\n\n<\/div><\/div><\/div><\/div><\/div><div id=\"pg-gb5083-69e07823ec48a-2\"  class=\"panel-grid panel-no-style\" ><div id=\"pgc-gb5083-69e07823ec48a-2-0\"  class=\"panel-grid-cell panel-grid-cell-empty\" ><\/div><div id=\"pgc-gb5083-69e07823ec48a-2-1\"  class=\"panel-grid-cell panel-grid-cell-mobile-last\" ><div id=\"panel-gb5083-69e07823ec48a-2-1-0\" class=\"so-panel widget widget_sow-editor panel-first-child panel-last-child\" data-index=\"4\" ><div\n\t\t\t\n\t\t\tclass=\"so-widget-sow-editor so-widget-sow-editor-base\"\n\t\t\t\n\t\t>\n<div class=\"siteorigin-widget-tinymce textwidget\">\n\t<h2 style=\"text-align: center\">Wir sind sehr froh, dass wir auch auf diese Weise zum Schutz unserer Umwelt beitragen k\u00f6nnen!<\/h2>\n<\/div>\n<\/div><\/div><\/div><div id=\"pgc-gb5083-69e07823ec48a-2-2\"  class=\"panel-grid-cell panel-grid-cell-empty\" ><\/div><\/div><\/div>","protected":false},"excerpt":{"rendered":"<p>Unsere Rechtsanwaltskanzlei ist stolz darauf, den Naturschutz und die Artenvielfalt zu unterst\u00fctzen. In unserem Garten haben wir zwei sch\u00f6ne Bienenst\u00f6cke mit Arbeitsbienen installiert. Diese erstaunlichen Kreaturen sind ein wesentlicher Bestandteil des \u00d6kosystems und ihre Anwesenheit ist f\u00fcr die Best\u00e4ubung der Pflanzen entscheidend.  <\/p>\n","protected":false},"author":9,"featured_media":5077,"parent":0,"menu_order":0,"comment_status":"closed","ping_status":"closed","template":"","meta":{"_acf_changed":false,"footnotes":""},"class_list":["post-5083","page","type-page","status-publish","has-post-thumbnail","hentry"],"acf":[],"_links":{"self":[{"href":"https:\/\/www.ulclegal.com\/de\/wp-json\/wp\/v2\/pages\/5083","targetHints":{"allow":["GET"]}}],"collection":[{"href":"https:\/\/www.ulclegal.com\/de\/wp-json\/wp\/v2\/pages"}],"about":[{"href":"https:\/\/www.ulclegal.com\/de\/wp-json\/wp\/v2\/types\/page"}],"author":[{"embeddable":true,"href":"https:\/\/www.ulclegal.com\/de\/wp-json\/wp\/v2\/users\/9"}],"replies":[{"embeddable":true,"href":"https:\/\/www.ulclegal.com\/de\/wp-json\/wp\/v2\/comments?post=5083"}],"version-history":[{"count":0,"href":"https:\/\/www.ulclegal.com\/de\/wp-json\/wp\/v2\/pages\/5083\/revisions"}],"wp:featuredmedia":[{"embeddable":true,"href":"https:\/\/www.ulclegal.com\/de\/wp-json\/wp\/v2\/media\/5077"}],"wp:attachment":[{"href":"https:\/\/www.ulclegal.com\/de\/wp-json\/wp\/v2\/media?parent=5083"}],"curies":[{"name":"wp","href":"https:\/\/api.w.org\/{rel}","templated":true}]}}