{"id":9943,"date":"2025-11-26T17:19:08","date_gmt":"2025-11-26T16:19:08","guid":{"rendered":"https:\/\/www.ulclegal.com\/judr-mag-jan-carnogursky-mba\/"},"modified":"2025-11-26T17:26:04","modified_gmt":"2025-11-26T16:26:04","slug":"judr-mag-jan-carnogursky-mba","status":"publish","type":"page","link":"https:\/\/www.ulclegal.com\/de\/judr-mag-jan-carnogursky-mba\/","title":{"rendered":"JUDr.Mag. J\u00e1n \u010carnogursk\u00fd, MBA"},"content":{"rendered":"<div id=\"pl-9943\"  class=\"panel-layout\" ><div id=\"pg-9943-0\"  class=\"panel-grid panel-no-style\" ><div id=\"pgc-9943-0-0\"  class=\"panel-grid-cell panel-grid-cell-empty\" ><\/div><div id=\"pgc-9943-0-1\"  class=\"panel-grid-cell panel-grid-cell-mobile-last\" ><div id=\"panel-9943-0-1-0\" class=\"so-panel widget widget_sow-editor panel-first-child panel-last-child\" data-index=\"0\" ><div\n\t\t\t\n\t\t\tclass=\"so-widget-sow-editor so-widget-sow-editor-base\"\n\t\t\t\n\t\t>\n<div class=\"siteorigin-widget-tinymce textwidget\">\n\t<div class=\"abstract\">\n<div class=\"abstract\">\n<div class=\"abstract\">\n<p class=\"font-claude-response-body whitespace-normal break-words\"><strong>Bildung<\/strong><\/p>\n<p class=\"font-claude-response-body whitespace-normal break-words\">J\u00e1n \u010carnogursk\u00fd erwarb seinen Magister Iuris Titel an der Juristischen Fakult\u00e4t der Universit\u00e4t Wien (1995). Anschliessend schloss er sein Studium an der Juristischen Fakult\u00e4t der Comenius Universit\u00e4t in Bratislava (1997) erfolgreich ab, wo er 1999 den Titel eines Doktors der Rechtswissenschaften (JUDr.) erhielte. Im Jahr 2025 schloss er sein Studium an der University of Cumbria ab und erwarb den Titel Master of Business Administration. <\/p>\n<p class=\"font-claude-response-body whitespace-normal break-words\"><strong>Akademische T\u00e4tigkeit<\/strong><\/p>\n<p class=\"font-claude-response-body whitespace-normal break-words\">Nach Abschluss seines Studiums in Wien war er als Wissenschaftlicher Mitarbeiter am Forschungsinstitut f\u00fcr mittel- und osteurop\u00e4isches Wirtschaftsrecht an der Wirtschaftsuniversit\u00e4t Wien t\u00e4tig.<\/p>\n<p class=\"font-claude-response-body whitespace-normal break-words\"><strong>Berufliche Praxis<\/strong><\/p>\n<p class=\"font-claude-response-body whitespace-normal break-words\">JUDr. JUDr. Mag. J\u00e1n \u010carnogursk\u00fd begann seine juristische Laufbahn 1995 als Rechtsanwaltskonzipient. Ab 2000 war er \u00fcber ein Jahrzehnt als Partner in einer f\u00fchrenden internationalen Gro\u00dfkanzlei mit mehr als 1.500 Anw\u00e4lten weltweit t\u00e4tig. Heute ist er gesch\u00e4ftsf\u00fchrender Partner der Anwaltskanzlei ULC \u010carnogursk\u00fd.   <\/p>\n<p class=\"font-claude-response-body whitespace-normal break-words\">Im Laufe seiner T\u00e4tigkeit hat er umfangreiche Erfahrungen in den Bereichen Privatisierung, Fusionen und \u00dcbernahmen sowie Investitionsprojekte gesammelt. Seine Schwerpunkte liegen im Energierecht, Bank- und Finanzrecht, Immobilienrecht, Wertpapierrecht und Zivilrecht. Er leitete Legal-Due-Diligence-Pr\u00fcfungen bei bedeutenden Transaktionen mit Energieunternehmen, Chemiekonzernen, Banken, Versicherungen und Pharmaunternehmen.  <\/p>\n<p class=\"font-claude-response-body whitespace-normal break-words\"><strong>Qualifikationen<\/strong><\/p>\n<p class=\"font-claude-response-body whitespace-normal break-words\">J\u00e1n \u010carnogursk\u00fd ist in der Rechtsanwaltsliste der Slowakischen Rechtsanwaltskammer eingetragen und ist ein zertifizierter Cyber Security Manager.<\/p>\n<p class=\"font-claude-response-body whitespace-normal break-words\"><strong>Sprachen:<\/strong> Slowakisch, Englisch, Deutsch, Russisch<\/p>\n<p class=\"font-claude-response-body whitespace-normal break-words\">Im Jahr 2011 bestieg er erfolgreich den h\u00f6chsten Berg der Welt - den Mount Everest (8.848 m).<\/p>\n<\/div>\n<\/div>\n<\/div>\n<\/div>\n<\/div><\/div><\/div><div id=\"pgc-9943-0-2\"  class=\"panel-grid-cell panel-grid-cell-empty\" ><\/div><\/div><\/div>","protected":false},"excerpt":{"rendered":"<p>Bildung J\u00e1n \u010carnogursk\u00fd erwarb seinen Magister Iuris Titel an der Juristischen Fakult\u00e4t der Universit\u00e4t Wien (1995). Anschliessend schloss er sein Studium an der Juristischen Fakult\u00e4t der Comenius Universit\u00e4t in Bratislava (1997) erfolgreich ab, wo er 1999 den Titel eines Doktors der Rechtswissenschaften (JUDr.) erhielte. Im Jahr 2025 schloss er sein Studium an der University of [&hellip;]<\/p>\n","protected":false},"author":8,"featured_media":5325,"parent":0,"menu_order":0,"comment_status":"closed","ping_status":"closed","template":"","meta":{"_acf_changed":false,"footnotes":""},"class_list":["post-9943","page","type-page","status-publish","has-post-thumbnail","hentry"],"acf":[],"_links":{"self":[{"href":"https:\/\/www.ulclegal.com\/de\/wp-json\/wp\/v2\/pages\/9943","targetHints":{"allow":["GET"]}}],"collection":[{"href":"https:\/\/www.ulclegal.com\/de\/wp-json\/wp\/v2\/pages"}],"about":[{"href":"https:\/\/www.ulclegal.com\/de\/wp-json\/wp\/v2\/types\/page"}],"author":[{"embeddable":true,"href":"https:\/\/www.ulclegal.com\/de\/wp-json\/wp\/v2\/users\/8"}],"replies":[{"embeddable":true,"href":"https:\/\/www.ulclegal.com\/de\/wp-json\/wp\/v2\/comments?post=9943"}],"version-history":[{"count":0,"href":"https:\/\/www.ulclegal.com\/de\/wp-json\/wp\/v2\/pages\/9943\/revisions"}],"wp:featuredmedia":[{"embeddable":true,"href":"https:\/\/www.ulclegal.com\/de\/wp-json\/wp\/v2\/media\/5325"}],"wp:attachment":[{"href":"https:\/\/www.ulclegal.com\/de\/wp-json\/wp\/v2\/media?parent=9943"}],"curies":[{"name":"wp","href":"https:\/\/api.w.org\/{rel}","templated":true}]}}