{"id":9955,"date":"2025-11-27T15:07:47","date_gmt":"2025-11-27T14:07:47","guid":{"rendered":"https:\/\/www.ulclegal.com\/mgr-bc-katarina-spiess\/"},"modified":"2025-11-27T15:07:47","modified_gmt":"2025-11-27T14:07:47","slug":"mgr-bc-katarina-spiess","status":"publish","type":"page","link":"https:\/\/www.ulclegal.com\/de\/mgr-bc-katarina-spiess\/","title":{"rendered":"Mgr. Bc. Katar\u00edna Spiess"},"content":{"rendered":"<div id=\"pl-9955\"  class=\"panel-layout\" ><div id=\"pg-9955-0\"  class=\"panel-grid panel-no-style\" ><div id=\"pgc-9955-0-0\"  class=\"panel-grid-cell panel-grid-cell-empty\" ><\/div><div id=\"pgc-9955-0-1\"  class=\"panel-grid-cell panel-grid-cell-mobile-last\" ><div id=\"panel-9955-0-1-0\" class=\"so-panel widget widget_sow-editor panel-first-child panel-last-child\" data-index=\"0\" ><div\n\t\t\t\n\t\t\tclass=\"so-widget-sow-editor so-widget-sow-editor-base\"\n\t\t\t\n\t\t>\n<div class=\"siteorigin-widget-tinymce textwidget\">\n\t<div class=\"abstract\">\n<div class=\"abstract\">\n<div class=\"abstract\">\n<p>Katar\u00edna Spiess schloss ihr Jurastudium an der Paneurop\u00e4ischen Universit\u00e4t in Bratislava im Jahr 2011 mit dem Staatsexamen und der Verteidigung ihrer Dissertation ab.<\/p>\n<p>Katar\u00edna ist in der Liste der Anwaltskonzipienten der Slowakischen Anwaltskammer eingetragen.<\/p>\n<p>Sie spricht Englisch, Deutsch und Bulgarisch.<\/p>\n<\/div>\n<\/div>\n<\/div>\n<\/div>\n<\/div><\/div><\/div><div id=\"pgc-9955-0-2\"  class=\"panel-grid-cell panel-grid-cell-empty\" ><\/div><\/div><\/div>","protected":false},"excerpt":{"rendered":"<p>Katar\u00edna Spiess schloss ihr Jurastudium an der Paneurop\u00e4ischen Universit\u00e4t in Bratislava im Jahr 2011 mit dem Staatsexamen und der Verteidigung ihrer Dissertation ab. Katar\u00edna ist in der Liste der Anwaltskonzipienten der Slowakischen Anwaltskammer eingetragen. Sie spricht Englisch, Deutsch und Bulgarisch.<\/p>\n","protected":false},"author":8,"featured_media":9975,"parent":0,"menu_order":0,"comment_status":"closed","ping_status":"closed","template":"","meta":{"_acf_changed":false,"footnotes":""},"class_list":["post-9955","page","type-page","status-publish","has-post-thumbnail","hentry"],"acf":[],"_links":{"self":[{"href":"https:\/\/www.ulclegal.com\/de\/wp-json\/wp\/v2\/pages\/9955","targetHints":{"allow":["GET"]}}],"collection":[{"href":"https:\/\/www.ulclegal.com\/de\/wp-json\/wp\/v2\/pages"}],"about":[{"href":"https:\/\/www.ulclegal.com\/de\/wp-json\/wp\/v2\/types\/page"}],"author":[{"embeddable":true,"href":"https:\/\/www.ulclegal.com\/de\/wp-json\/wp\/v2\/users\/8"}],"replies":[{"embeddable":true,"href":"https:\/\/www.ulclegal.com\/de\/wp-json\/wp\/v2\/comments?post=9955"}],"version-history":[{"count":0,"href":"https:\/\/www.ulclegal.com\/de\/wp-json\/wp\/v2\/pages\/9955\/revisions"}],"wp:featuredmedia":[{"embeddable":true,"href":"https:\/\/www.ulclegal.com\/de\/wp-json\/wp\/v2\/media\/9975"}],"wp:attachment":[{"href":"https:\/\/www.ulclegal.com\/de\/wp-json\/wp\/v2\/media?parent=9955"}],"curies":[{"name":"wp","href":"https:\/\/api.w.org\/{rel}","templated":true}]}}