{"id":9957,"date":"2025-11-27T15:11:25","date_gmt":"2025-11-27T14:11:25","guid":{"rendered":"https:\/\/www.ulclegal.com\/bc-lukas-breda\/"},"modified":"2025-11-27T15:11:25","modified_gmt":"2025-11-27T14:11:25","slug":"bc-lukas-breda","status":"publish","type":"page","link":"https:\/\/www.ulclegal.com\/de\/bc-lukas-breda\/","title":{"rendered":"Bc. Lukas Breda"},"content":{"rendered":"<div id=\"pl-9957\"  class=\"panel-layout\" ><div id=\"pg-9957-0\"  class=\"panel-grid panel-no-style\" ><div id=\"pgc-9957-0-0\"  class=\"panel-grid-cell panel-grid-cell-empty\" ><\/div><div id=\"pgc-9957-0-1\"  class=\"panel-grid-cell panel-grid-cell-mobile-last\" ><div id=\"panel-9957-0-1-0\" class=\"so-panel widget widget_sow-editor panel-first-child panel-last-child\" data-index=\"0\" ><div\n\t\t\t\n\t\t\tclass=\"so-widget-sow-editor so-widget-sow-editor-base\"\n\t\t\t\n\t\t>\n<div class=\"siteorigin-widget-tinymce textwidget\">\n\t<div class=\"abstract\">\n<div class=\"abstract\">\n<div class=\"abstract\">\n<p>Luk\u00e1\u0161 Breda ist Bachelor-Student im dritten Jahr an der Juristischen Fakult\u00e4t der Comenius Universit\u00e4t in Bratislava.<\/p>\n<p>Luk\u00e1\u0161 arbeitet seit Oktober 2024 bei ULC \u010carnogursk\u00fd als juristischer Mitarbeiter.<\/p>\n<p>Er spricht Englisch.<\/p>\n<\/div>\n<\/div>\n<\/div>\n<\/div>\n<\/div><\/div><\/div><div id=\"pgc-9957-0-2\"  class=\"panel-grid-cell panel-grid-cell-empty\" ><\/div><\/div><\/div>","protected":false},"excerpt":{"rendered":"<p>Luk\u00e1\u0161 Breda ist Bachelor-Student im dritten Jahr an der Juristischen Fakult\u00e4t der Comenius Universit\u00e4t in Bratislava. Luk\u00e1\u0161 arbeitet seit Oktober 2024 bei ULC \u010carnogursk\u00fd als juristischer Mitarbeiter. Er spricht Englisch.<\/p>\n","protected":false},"author":8,"featured_media":5866,"parent":0,"menu_order":0,"comment_status":"closed","ping_status":"closed","template":"","meta":{"_acf_changed":false,"footnotes":""},"class_list":["post-9957","page","type-page","status-publish","has-post-thumbnail","hentry"],"acf":[],"_links":{"self":[{"href":"https:\/\/www.ulclegal.com\/de\/wp-json\/wp\/v2\/pages\/9957","targetHints":{"allow":["GET"]}}],"collection":[{"href":"https:\/\/www.ulclegal.com\/de\/wp-json\/wp\/v2\/pages"}],"about":[{"href":"https:\/\/www.ulclegal.com\/de\/wp-json\/wp\/v2\/types\/page"}],"author":[{"embeddable":true,"href":"https:\/\/www.ulclegal.com\/de\/wp-json\/wp\/v2\/users\/8"}],"replies":[{"embeddable":true,"href":"https:\/\/www.ulclegal.com\/de\/wp-json\/wp\/v2\/comments?post=9957"}],"version-history":[{"count":0,"href":"https:\/\/www.ulclegal.com\/de\/wp-json\/wp\/v2\/pages\/9957\/revisions"}],"wp:featuredmedia":[{"embeddable":true,"href":"https:\/\/www.ulclegal.com\/de\/wp-json\/wp\/v2\/media\/5866"}],"wp:attachment":[{"href":"https:\/\/www.ulclegal.com\/de\/wp-json\/wp\/v2\/media?parent=9957"}],"curies":[{"name":"wp","href":"https:\/\/api.w.org\/{rel}","templated":true}]}}