{"id":9959,"date":"2025-11-27T15:22:56","date_gmt":"2025-11-27T14:22:56","guid":{"rendered":"https:\/\/www.ulclegal.com\/bc-peter-preto-2\/"},"modified":"2025-11-27T15:22:56","modified_gmt":"2025-11-27T14:22:56","slug":"bc-peter-preto-2","status":"publish","type":"page","link":"https:\/\/www.ulclegal.com\/de\/bc-peter-preto-2\/","title":{"rendered":"Bc. Peter Pret&#8217;o"},"content":{"rendered":"<div id=\"pl-9959\"  class=\"panel-layout\" ><div id=\"pg-9959-0\"  class=\"panel-grid panel-no-style\" ><div id=\"pgc-9959-0-0\"  class=\"panel-grid-cell panel-grid-cell-empty\" ><\/div><div id=\"pgc-9959-0-1\"  class=\"panel-grid-cell panel-grid-cell-mobile-last\" ><div id=\"panel-9959-0-1-0\" class=\"so-panel widget widget_sow-editor panel-first-child panel-last-child\" data-index=\"0\" ><div\n\t\t\t\n\t\t\tclass=\"so-widget-sow-editor so-widget-sow-editor-base\"\n\t\t\t\n\t\t>\n<div class=\"siteorigin-widget-tinymce textwidget\">\n\t<div class=\"abstract\">\n<div class=\"abstract\">\n<div class=\"abstract\">\n<p>Peter Pre\u0165o ist Masterstudent im ersten Jahr an der Juristischen Fakult\u00e4t der Comenius Universit\u00e4t in Bratislava.<\/p>\n<p>Peter arbeitet seit Juli 2023 bei ULC \u010carnogursk\u00fd als juristischer Mitarbeiter.<\/p>\n<p>Er spricht Englisch.<\/p>\n<\/div>\n<\/div>\n<\/div>\n<\/div>\n<\/div><\/div><\/div><div id=\"pgc-9959-0-2\"  class=\"panel-grid-cell panel-grid-cell-empty\" ><\/div><\/div><\/div>","protected":false},"excerpt":{"rendered":"<p>Peter Pre\u0165o ist Masterstudent im ersten Jahr an der Juristischen Fakult\u00e4t der Comenius Universit\u00e4t in Bratislava. Peter arbeitet seit Juli 2023 bei ULC \u010carnogursk\u00fd als juristischer Mitarbeiter. Er spricht Englisch.<\/p>\n","protected":false},"author":8,"featured_media":7872,"parent":0,"menu_order":0,"comment_status":"closed","ping_status":"closed","template":"","meta":{"_acf_changed":false,"footnotes":""},"class_list":["post-9959","page","type-page","status-publish","has-post-thumbnail","hentry"],"acf":[],"_links":{"self":[{"href":"https:\/\/www.ulclegal.com\/de\/wp-json\/wp\/v2\/pages\/9959","targetHints":{"allow":["GET"]}}],"collection":[{"href":"https:\/\/www.ulclegal.com\/de\/wp-json\/wp\/v2\/pages"}],"about":[{"href":"https:\/\/www.ulclegal.com\/de\/wp-json\/wp\/v2\/types\/page"}],"author":[{"embeddable":true,"href":"https:\/\/www.ulclegal.com\/de\/wp-json\/wp\/v2\/users\/8"}],"replies":[{"embeddable":true,"href":"https:\/\/www.ulclegal.com\/de\/wp-json\/wp\/v2\/comments?post=9959"}],"version-history":[{"count":0,"href":"https:\/\/www.ulclegal.com\/de\/wp-json\/wp\/v2\/pages\/9959\/revisions"}],"wp:featuredmedia":[{"embeddable":true,"href":"https:\/\/www.ulclegal.com\/de\/wp-json\/wp\/v2\/media\/7872"}],"wp:attachment":[{"href":"https:\/\/www.ulclegal.com\/de\/wp-json\/wp\/v2\/media?parent=9959"}],"curies":[{"name":"wp","href":"https:\/\/api.w.org\/{rel}","templated":true}]}}