{"id":9967,"date":"2025-11-27T15:48:31","date_gmt":"2025-11-27T14:48:31","guid":{"rendered":"https:\/\/www.ulclegal.com\/natalia-vasova\/"},"modified":"2025-11-27T15:48:31","modified_gmt":"2025-11-27T14:48:31","slug":"natalia-vasova","status":"publish","type":"page","link":"https:\/\/www.ulclegal.com\/de\/natalia-vasova\/","title":{"rendered":"Nat\u00e1lia V\u00e1\u0161ov\u00e1"},"content":{"rendered":"<div id=\"pl-9967\"  class=\"panel-layout\" ><div id=\"pg-9967-0\"  class=\"panel-grid panel-no-style\" ><div id=\"pgc-9967-0-0\"  class=\"panel-grid-cell panel-grid-cell-empty\" ><\/div><div id=\"pgc-9967-0-1\"  class=\"panel-grid-cell panel-grid-cell-mobile-last\" ><div id=\"panel-9967-0-1-0\" class=\"so-panel widget widget_sow-editor panel-first-child panel-last-child\" data-index=\"0\" ><div\n\t\t\t\n\t\t\tclass=\"so-widget-sow-editor so-widget-sow-editor-base\"\n\t\t\t\n\t\t>\n<div class=\"siteorigin-widget-tinymce textwidget\">\n\t<div class=\"abstract\">\n<div class=\"abstract\">\n<div class=\"abstract\">\n<p>Nat\u00e1lia hat umfangreiche Erfahrungen in der Verwaltung und Kundenbetreuung in multinationalen Unternehmen gesammelt.<\/p>\n<p>Mit seinem Wissen und seiner Erfahrung aus mehreren Jahren Praxis ist er die richtige Hand f\u00fcr die Anw\u00e4lte und sorgt nahtlos f\u00fcr den reibungslosen Ablauf in der Kanzlei.<\/p>\n<p>Nat\u00e1lia ist seit Dezember 2023 bei ULC \u010carnogursk\u00fd.<\/p>\n<p>Sie spricht Englisch.<\/p>\n<\/div>\n<\/div>\n<\/div>\n<\/div>\n<\/div><\/div><\/div><div id=\"pgc-9967-0-2\"  class=\"panel-grid-cell panel-grid-cell-empty\" ><\/div><\/div><\/div>","protected":false},"excerpt":{"rendered":"<p>Nat\u00e1lia hat umfangreiche Erfahrungen in der Verwaltung und Kundenbetreuung in multinationalen Unternehmen gesammelt. Mit seinem Wissen und seiner Erfahrung aus mehreren Jahren Praxis ist er die richtige Hand f\u00fcr die Anw\u00e4lte und sorgt nahtlos f\u00fcr den reibungslosen Ablauf in der Kanzlei. Nat\u00e1lia ist seit Dezember 2023 bei ULC \u010carnogursk\u00fd. Sie spricht Englisch.<\/p>\n","protected":false},"author":8,"featured_media":5294,"parent":0,"menu_order":0,"comment_status":"closed","ping_status":"closed","template":"","meta":{"_acf_changed":false,"footnotes":""},"class_list":["post-9967","page","type-page","status-publish","has-post-thumbnail","hentry"],"acf":[],"_links":{"self":[{"href":"https:\/\/www.ulclegal.com\/de\/wp-json\/wp\/v2\/pages\/9967","targetHints":{"allow":["GET"]}}],"collection":[{"href":"https:\/\/www.ulclegal.com\/de\/wp-json\/wp\/v2\/pages"}],"about":[{"href":"https:\/\/www.ulclegal.com\/de\/wp-json\/wp\/v2\/types\/page"}],"author":[{"embeddable":true,"href":"https:\/\/www.ulclegal.com\/de\/wp-json\/wp\/v2\/users\/8"}],"replies":[{"embeddable":true,"href":"https:\/\/www.ulclegal.com\/de\/wp-json\/wp\/v2\/comments?post=9967"}],"version-history":[{"count":0,"href":"https:\/\/www.ulclegal.com\/de\/wp-json\/wp\/v2\/pages\/9967\/revisions"}],"wp:featuredmedia":[{"embeddable":true,"href":"https:\/\/www.ulclegal.com\/de\/wp-json\/wp\/v2\/media\/5294"}],"wp:attachment":[{"href":"https:\/\/www.ulclegal.com\/de\/wp-json\/wp\/v2\/media?parent=9967"}],"curies":[{"name":"wp","href":"https:\/\/api.w.org\/{rel}","templated":true}]}}