{"id":1074,"date":"2023-02-10T14:03:11","date_gmt":"2023-02-10T13:03:11","guid":{"rendered":"https:\/\/www.ulclegal.com\/areas-of-expertise\/"},"modified":"2026-04-15T19:52:41","modified_gmt":"2026-04-15T17:52:41","slug":"areas-of-expertise","status":"publish","type":"page","link":"https:\/\/www.ulclegal.com\/en\/areas-of-expertise\/","title":{"rendered":"Areas of expertise"},"content":{"rendered":"<div id=\"pl-gb1074-69e18c8834a4a\"  class=\"panel-layout\" ><div id=\"pg-gb1074-69e18c8834a4a-0\"  class=\"panel-grid panel-no-style\" ><div id=\"pgc-gb1074-69e18c8834a4a-0-0\"  class=\"panel-grid-cell\" ><div id=\"panel-gb1074-69e18c8834a4a-0-0-0\" class=\"so-panel widget widget_sow-editor panel-first-child panel-last-child\" data-index=\"0\" ><div\n\t\t\t\n\t\t\tclass=\"so-widget-sow-editor so-widget-sow-editor-base\"\n\t\t\t\n\t\t>\n<div class=\"siteorigin-widget-tinymce textwidget\">\n\t<h4>The areas listed below introduce the most frequently provided and most-requested legal services.<\/h4>\n<p>In addition to these key areas we can provide a wider range of legal services and also represent you in other areas of law.<\/p>\n<\/div>\n<\/div><\/div><\/div><div id=\"pgc-gb1074-69e18c8834a4a-0-1\"  class=\"panel-grid-cell\" ><div id=\"panel-gb1074-69e18c8834a4a-0-1-0\" class=\"so-panel widget widget_sow-editor panel-first-child panel-last-child\" data-index=\"1\" ><div\n\t\t\t\n\t\t\tclass=\"so-widget-sow-editor so-widget-sow-editor-base\"\n\t\t\t\n\t\t>\n<div class=\"siteorigin-widget-tinymce textwidget\">\n\t<ul>\n<li><a href=\"https:\/\/www.ulclegal.com\/oblasti-praxe\/public-private-partnership\/\">Public Private Partnership<\/a><\/li>\n<li><a href=\"https:\/\/www.ulclegal.com\/oblasti-praxe\/riesenie-sporov\/\">Rie\u0161enie sporov<br \/>\n<\/a><\/li>\n<li><a href=\"https:\/\/www.ulclegal.com\/oblasti-praxe\/fuzie-a-akvizicie\/\">F\u00fazie a akviz\u00edcie<br \/>\n<\/a><\/li>\n<li><a href=\"https:\/\/www.ulclegal.com\/oblasti-praxe\/pravo-obchodnych-spolocnosti\/\">Pr\u00e1vo hospod\u00e1rskej s\u00fa\u0165a\u017ee<br \/>\n<\/a><\/li>\n<li><a href=\"https:\/\/www.ulclegal.com\/oblasti-praxe\/vymahanie-pohladavok-a-konkurzne-pravo\/\">Vym\u00e1hanie poh\u013ead\u00e1vok a konkurzn\u00e9 pr\u00e1vo<\/a><\/li>\n<li><a href=\"https:\/\/www.ulclegal.com\/oblasti-praxe\/pravo-obchodnych-spolocnosti\/\">Pr\u00e1vo obchodn\u00fdch spolo\u010dnost\u00ed<\/a><\/li>\n<li><a href=\"https:\/\/www.ulclegal.com\/oblasti-praxe\/statna-pomoc-investicne-stimuly-a-projektove-financovanie\/\">\u0160t\u00e1tna pomoc, investi\u010dn\u00e9 stimuly a projektov\u00e9 financovanie<\/a><\/li>\n<li><a href=\"https:\/\/www.ulclegal.com\/oblasti-praxe\/europske-pravo\/\">Eur\u00f3pske pr\u00e1vo<\/a><\/li>\n<li><a href=\"https:\/\/www.ulclegal.com\/oblasti-praxe\/pravo-dusevneho-vlastnictva\/\">Pr\u00e1vo du\u0161evn\u00e9ho vlastn\u00edctva<\/a><\/li>\n<li><a href=\"https:\/\/www.ulclegal.com\/oblasti-praxe\/green-field-a-brown-field-projekty\/\">Green-field a brown-field projekty<\/a><\/li>\n<\/ul>\n<\/div>\n<\/div><\/div><\/div><\/div><\/div>","protected":false},"excerpt":{"rendered":"<p>The areas listed below introduce the most frequently provided and most-requested legal services. In addition to these key areas we can provide a wider range of legal services and also represent you in other areas of law. Public Private Partnership Rie\u0161enie sporov F\u00fazie a akviz\u00edcie Pr\u00e1vo hospod\u00e1rskej s\u00fa\u0165a\u017ee Vym\u00e1hanie poh\u013ead\u00e1vok a konkurzn\u00e9 pr\u00e1vo Pr\u00e1vo obchodn\u00fdch [&hellip;]<\/p>\n","protected":false},"author":9,"featured_media":523,"parent":0,"menu_order":0,"comment_status":"closed","ping_status":"closed","template":"","meta":{"_acf_changed":false,"footnotes":""},"class_list":["post-1074","page","type-page","status-publish","has-post-thumbnail","hentry"],"acf":[],"_links":{"self":[{"href":"https:\/\/www.ulclegal.com\/en\/wp-json\/wp\/v2\/pages\/1074","targetHints":{"allow":["GET"]}}],"collection":[{"href":"https:\/\/www.ulclegal.com\/en\/wp-json\/wp\/v2\/pages"}],"about":[{"href":"https:\/\/www.ulclegal.com\/en\/wp-json\/wp\/v2\/types\/page"}],"author":[{"embeddable":true,"href":"https:\/\/www.ulclegal.com\/en\/wp-json\/wp\/v2\/users\/9"}],"replies":[{"embeddable":true,"href":"https:\/\/www.ulclegal.com\/en\/wp-json\/wp\/v2\/comments?post=1074"}],"version-history":[{"count":1,"href":"https:\/\/www.ulclegal.com\/en\/wp-json\/wp\/v2\/pages\/1074\/revisions"}],"predecessor-version":[{"id":11577,"href":"https:\/\/www.ulclegal.com\/en\/wp-json\/wp\/v2\/pages\/1074\/revisions\/11577"}],"wp:featuredmedia":[{"embeddable":true,"href":"https:\/\/www.ulclegal.com\/en\/wp-json\/wp\/v2\/media\/523"}],"wp:attachment":[{"href":"https:\/\/www.ulclegal.com\/en\/wp-json\/wp\/v2\/media?parent=1074"}],"curies":[{"name":"wp","href":"https:\/\/api.w.org\/{rel}","templated":true}]}}