{"id":1475,"date":"2023-02-10T13:13:19","date_gmt":"2023-02-10T12:13:19","guid":{"rendered":"https:\/\/www.ulclegal.com\/contact\/"},"modified":"2026-04-03T15:40:52","modified_gmt":"2026-04-03T13:40:52","slug":"contact","status":"publish","type":"page","link":"https:\/\/www.ulclegal.com\/en\/contact\/","title":{"rendered":"Contact"},"content":{"rendered":"<div id=\"pl-gb1475-69dd5683580b3\"  class=\"panel-layout\" ><div id=\"pg-gb1475-69dd5683580b3-0\"  class=\"panel-grid panel-no-style\" ><div id=\"pgc-gb1475-69dd5683580b3-0-0\"  class=\"panel-grid-cell\" ><div id=\"panel-gb1475-69dd5683580b3-0-0-0\" class=\"so-panel widget widget_sow-editor panel-first-child panel-last-child\" data-index=\"0\" ><div\n\t\t\t\n\t\t\tclass=\"so-widget-sow-editor so-widget-sow-editor-base\"\n\t\t\t\n\t\t>\n<div class=\"siteorigin-widget-tinymce textwidget\">\n\t<div style=\"width: 100%\"><\/div>\n<\/div>\n<\/div><\/div><\/div><div id=\"pgc-gb1475-69dd5683580b3-0-1\"  class=\"panel-grid-cell\" ><div id=\"panel-gb1475-69dd5683580b3-0-1-0\" class=\"so-panel widget widget_sow-editor panel-first-child panel-last-child\" data-index=\"1\" ><div\n\t\t\t\n\t\t\tclass=\"so-widget-sow-editor so-widget-sow-editor-base\"\n\t\t\t\n\t\t>\n<div class=\"siteorigin-widget-tinymce textwidget\">\n\t<h4>ULC \u010carnogursk\u00fd s.r.o.<\/h4>\n<p>Tvaro\u017ekova 5, P.O.Box 21<br \/>\n814 99 Bratislava 1<br \/>\nSlovakia<\/p>\n<p>Business ID: 35975016<br \/>\nTax ID: 2022119231<br \/>\nVAT number: SK2022119231<\/p>\n<p>Tel.: <a>+421-2-5720 1717<\/a><br \/>\nFax: <a>+421-2-5720 1777<\/a><br \/>\nE-mail: <a href=\"mailto:office@ulclegal.com\">office@ulclegal.com<\/a><\/p>\n<\/div>\n<\/div><\/div><\/div><\/div><\/div>","protected":false},"excerpt":{"rendered":"<p>ULC \u010carnogursk\u00fd s.r.o. Tvaro\u017ekova 5, P.O.Box 21 814 99 Bratislava 1 Slovakia Business ID: 35975016 Tax ID: 2022119231 VAT number: SK2022119231 Tel.: +421-2-5720 1717 Fax: +421-2-5720 1777 E-mail: office@ulclegal.com<\/p>\n","protected":false},"author":9,"featured_media":533,"parent":0,"menu_order":0,"comment_status":"closed","ping_status":"closed","template":"","meta":{"_acf_changed":false,"footnotes":""},"class_list":["post-1475","page","type-page","status-publish","has-post-thumbnail","hentry"],"acf":[],"_links":{"self":[{"href":"https:\/\/www.ulclegal.com\/en\/wp-json\/wp\/v2\/pages\/1475","targetHints":{"allow":["GET"]}}],"collection":[{"href":"https:\/\/www.ulclegal.com\/en\/wp-json\/wp\/v2\/pages"}],"about":[{"href":"https:\/\/www.ulclegal.com\/en\/wp-json\/wp\/v2\/types\/page"}],"author":[{"embeddable":true,"href":"https:\/\/www.ulclegal.com\/en\/wp-json\/wp\/v2\/users\/9"}],"replies":[{"embeddable":true,"href":"https:\/\/www.ulclegal.com\/en\/wp-json\/wp\/v2\/comments?post=1475"}],"version-history":[{"count":1,"href":"https:\/\/www.ulclegal.com\/en\/wp-json\/wp\/v2\/pages\/1475\/revisions"}],"predecessor-version":[{"id":11583,"href":"https:\/\/www.ulclegal.com\/en\/wp-json\/wp\/v2\/pages\/1475\/revisions\/11583"}],"wp:featuredmedia":[{"embeddable":true,"href":"https:\/\/www.ulclegal.com\/en\/wp-json\/wp\/v2\/media\/533"}],"wp:attachment":[{"href":"https:\/\/www.ulclegal.com\/en\/wp-json\/wp\/v2\/media?parent=1475"}],"curies":[{"name":"wp","href":"https:\/\/api.w.org\/{rel}","templated":true}]}}