{"id":5900,"date":"2025-01-16T10:27:58","date_gmt":"2025-01-16T09:27:58","guid":{"rendered":"https:\/\/www.ulclegal.com\/?page_id=5900"},"modified":"2025-01-16T10:27:58","modified_gmt":"2025-01-16T09:27:58","slug":"lukas-breda","status":"publish","type":"page","link":"https:\/\/www.ulclegal.com\/en\/lukas-breda\/","title":{"rendered":"Luk\u00e1\u0161 Breda"},"content":{"rendered":"<div id=\"pl-5900\"  class=\"panel-layout\" ><div id=\"pg-5900-0\"  class=\"panel-grid panel-no-style\" ><div id=\"pgc-5900-0-0\"  class=\"panel-grid-cell panel-grid-cell-empty\" ><\/div><div id=\"pgc-5900-0-1\"  class=\"panel-grid-cell panel-grid-cell-mobile-last\" ><div id=\"panel-5900-0-1-0\" class=\"so-panel widget widget_sow-editor panel-first-child panel-last-child\" data-index=\"0\" ><div\n\t\t\t\n\t\t\tclass=\"so-widget-sow-editor so-widget-sow-editor-base\"\n\t\t\t\n\t\t>\n<div class=\"siteorigin-widget-tinymce textwidget\">\n\t<p>Luk\u00e1\u0161 Breda is a Law student at the Comenius University in Bratislava, currently enroled in the second year of his Bachelor\u00b4s degree.<\/p>\n<p>Luk\u00e1\u0161 has been working at the law firm ULC \u010carnogursk\u00fd since October 2024 as a legal assistant.<\/p>\n<p>He speaks English.<\/p>\n<\/div>\n<\/div><\/div><\/div><div id=\"pgc-5900-0-2\"  class=\"panel-grid-cell panel-grid-cell-empty\" ><\/div><\/div><\/div>","protected":false},"excerpt":{"rendered":"<p>Luk\u00e1\u0161 Breda is a Law student at the Comenius University in Bratislava, currently enroled in the second year of his Bachelor\u00b4s degree. Luk\u00e1\u0161 has been working at the law firm ULC \u010carnogursk\u00fd since October 2024 as a legal assistant. He speaks English.<\/p>\n","protected":false},"author":8,"featured_media":5865,"parent":0,"menu_order":0,"comment_status":"closed","ping_status":"closed","template":"","meta":{"_acf_changed":false,"footnotes":""},"class_list":["post-5900","page","type-page","status-publish","has-post-thumbnail","hentry"],"acf":[],"_links":{"self":[{"href":"https:\/\/www.ulclegal.com\/en\/wp-json\/wp\/v2\/pages\/5900","targetHints":{"allow":["GET"]}}],"collection":[{"href":"https:\/\/www.ulclegal.com\/en\/wp-json\/wp\/v2\/pages"}],"about":[{"href":"https:\/\/www.ulclegal.com\/en\/wp-json\/wp\/v2\/types\/page"}],"author":[{"embeddable":true,"href":"https:\/\/www.ulclegal.com\/en\/wp-json\/wp\/v2\/users\/8"}],"replies":[{"embeddable":true,"href":"https:\/\/www.ulclegal.com\/en\/wp-json\/wp\/v2\/comments?post=5900"}],"version-history":[{"count":0,"href":"https:\/\/www.ulclegal.com\/en\/wp-json\/wp\/v2\/pages\/5900\/revisions"}],"wp:featuredmedia":[{"embeddable":true,"href":"https:\/\/www.ulclegal.com\/en\/wp-json\/wp\/v2\/media\/5865"}],"wp:attachment":[{"href":"https:\/\/www.ulclegal.com\/en\/wp-json\/wp\/v2\/media?parent=5900"}],"curies":[{"name":"wp","href":"https:\/\/api.w.org\/{rel}","templated":true}]}}