{"id":6121,"date":"2023-02-13T08:33:25","date_gmt":"2023-02-13T07:33:25","guid":{"rendered":"https:\/\/www.ulclegal.com\/phdr-monika-carnogurska\/"},"modified":"2023-02-13T08:33:25","modified_gmt":"2023-02-13T07:33:25","slug":"phdr-monika-carnogurska","status":"publish","type":"page","link":"https:\/\/www.ulclegal.com\/en\/phdr-monika-carnogurska\/","title":{"rendered":"PhDr.\nMonika \u010carnogursk\u00e1"},"content":{"rendered":"<div id=\"pl-6121\"  class=\"panel-layout\" ><div id=\"pg-6121-0\"  class=\"panel-grid panel-no-style\" ><div id=\"pgc-6121-0-0\"  class=\"panel-grid-cell panel-grid-cell-empty\" ><\/div><div id=\"pgc-6121-0-1\"  class=\"panel-grid-cell panel-grid-cell-mobile-last\" ><div id=\"panel-6121-0-1-0\" class=\"so-panel widget widget_sow-editor panel-first-child panel-last-child\" data-index=\"0\" ><div\n\t\t\t\n\t\t\tclass=\"so-widget-sow-editor so-widget-sow-editor-base\"\n\t\t\t\n\t\t>\n<div class=\"siteorigin-widget-tinymce textwidget\">\n\t<div class=\"abstract\">\n<div class=\"abstract\">\n<p>Monika \u010carnogursk\u00e1 holds a PhD from the Faculty of Political Science and International Relations at Matej Bel University in Bansk\u00e1 Bystrica. <a class=\"external\" href=\"http:\/\/www.fpvmv.umb.sk\/\" target=\"_blank\" rel=\"noopener\"><br \/>\n<\/a><\/p>\n<\/div>\n<p>She speaks English, German and Russian.<\/p>\n<\/div>\n<\/div>\n<\/div><\/div><\/div><div id=\"pgc-6121-0-2\"  class=\"panel-grid-cell panel-grid-cell-empty\" ><\/div><\/div><\/div>","protected":false},"excerpt":{"rendered":"<p>Monika \u010carnogursk\u00e1 holds a PhD from the Faculty of Political Science and International Relations at Matej Bel University in Bansk\u00e1 Bystrica. She speaks English, German and Russian.<\/p>\n","protected":false},"author":9,"featured_media":594,"parent":0,"menu_order":0,"comment_status":"closed","ping_status":"closed","template":"","meta":{"_acf_changed":false,"footnotes":""},"class_list":["post-6121","page","type-page","status-publish","has-post-thumbnail","hentry"],"acf":[],"_links":{"self":[{"href":"https:\/\/www.ulclegal.com\/en\/wp-json\/wp\/v2\/pages\/6121","targetHints":{"allow":["GET"]}}],"collection":[{"href":"https:\/\/www.ulclegal.com\/en\/wp-json\/wp\/v2\/pages"}],"about":[{"href":"https:\/\/www.ulclegal.com\/en\/wp-json\/wp\/v2\/types\/page"}],"author":[{"embeddable":true,"href":"https:\/\/www.ulclegal.com\/en\/wp-json\/wp\/v2\/users\/9"}],"replies":[{"embeddable":true,"href":"https:\/\/www.ulclegal.com\/en\/wp-json\/wp\/v2\/comments?post=6121"}],"version-history":[{"count":0,"href":"https:\/\/www.ulclegal.com\/en\/wp-json\/wp\/v2\/pages\/6121\/revisions"}],"wp:featuredmedia":[{"embeddable":true,"href":"https:\/\/www.ulclegal.com\/en\/wp-json\/wp\/v2\/media\/594"}],"wp:attachment":[{"href":"https:\/\/www.ulclegal.com\/en\/wp-json\/wp\/v2\/media?parent=6121"}],"curies":[{"name":"wp","href":"https:\/\/api.w.org\/{rel}","templated":true}]}}