{"id":7884,"date":"2023-03-13T16:58:57","date_gmt":"2023-03-13T15:58:57","guid":{"rendered":"https:\/\/www.ulclegal.com\/lena-kiss\/"},"modified":"2025-07-23T14:51:20","modified_gmt":"2025-07-23T12:51:20","slug":"lena-kiss","status":"publish","type":"page","link":"https:\/\/www.ulclegal.com\/en\/lena-kiss\/","title":{"rendered":"Lena Kissov\u00e1"},"content":{"rendered":"<div id=\"pl-7884\"  class=\"panel-layout\" ><div id=\"pg-7884-0\"  class=\"panel-grid panel-no-style\" ><div id=\"pgc-7884-0-0\"  class=\"panel-grid-cell panel-grid-cell-empty\" ><\/div><div id=\"pgc-7884-0-1\"  class=\"panel-grid-cell panel-grid-cell-mobile-last\" ><div id=\"panel-7884-0-1-0\" class=\"so-panel widget widget_sow-editor panel-first-child panel-last-child\" data-index=\"0\" ><div\n\t\t\t\n\t\t\tclass=\"so-widget-sow-editor so-widget-sow-editor-base\"\n\t\t\t\n\t\t>\n<div class=\"siteorigin-widget-tinymce textwidget\">\n\t<div class=\"abstract\">\n<div class=\"abstract\">\n<div class=\"abstract\">\n<p>Lena Kissov\u00e1 is a second year student at the Faculty of Law of Comenius University in Bratislava.<\/p>\n<p>Lena has been working at ULC \u010carnogursk\u00fd since July 2025 as a legal assistant.<\/p>\n<p>He speaks English.<\/p>\n<\/div>\n<\/div>\n<\/div>\n<\/div>\n<\/div><\/div><\/div><div id=\"pgc-7884-0-2\"  class=\"panel-grid-cell panel-grid-cell-empty\" ><\/div><\/div><\/div>","protected":false},"excerpt":{"rendered":"<p>Lena Kissov\u00e1 is a second year student at the Faculty of Law of Comenius University in Bratislava. Lena has been working at ULC \u010carnogursk\u00fd since July 2025 as a legal assistant. He speaks English.<\/p>\n","protected":false},"author":8,"featured_media":7875,"parent":0,"menu_order":0,"comment_status":"closed","ping_status":"closed","template":"","meta":{"_acf_changed":false,"footnotes":""},"class_list":["post-7884","page","type-page","status-publish","has-post-thumbnail","hentry"],"acf":[],"_links":{"self":[{"href":"https:\/\/www.ulclegal.com\/en\/wp-json\/wp\/v2\/pages\/7884","targetHints":{"allow":["GET"]}}],"collection":[{"href":"https:\/\/www.ulclegal.com\/en\/wp-json\/wp\/v2\/pages"}],"about":[{"href":"https:\/\/www.ulclegal.com\/en\/wp-json\/wp\/v2\/types\/page"}],"author":[{"embeddable":true,"href":"https:\/\/www.ulclegal.com\/en\/wp-json\/wp\/v2\/users\/8"}],"replies":[{"embeddable":true,"href":"https:\/\/www.ulclegal.com\/en\/wp-json\/wp\/v2\/comments?post=7884"}],"version-history":[{"count":0,"href":"https:\/\/www.ulclegal.com\/en\/wp-json\/wp\/v2\/pages\/7884\/revisions"}],"wp:featuredmedia":[{"embeddable":true,"href":"https:\/\/www.ulclegal.com\/en\/wp-json\/wp\/v2\/media\/7875"}],"wp:attachment":[{"href":"https:\/\/www.ulclegal.com\/en\/wp-json\/wp\/v2\/media?parent=7884"}],"curies":[{"name":"wp","href":"https:\/\/api.w.org\/{rel}","templated":true}]}}