{"id":7891,"date":"2024-03-27T15:11:11","date_gmt":"2024-03-27T14:11:11","guid":{"rendered":"https:\/\/www.ulclegal.com\/vladimir-molnar\/"},"modified":"2024-03-27T15:11:11","modified_gmt":"2024-03-27T14:11:11","slug":"vladimir-molnar","status":"publish","type":"page","link":"https:\/\/www.ulclegal.com\/en\/vladimir-molnar\/","title":{"rendered":"Vladim\u00edr Moln\u00e1r"},"content":{"rendered":"<div id=\"pl-7891\"  class=\"panel-layout\" ><div id=\"pg-7891-0\"  class=\"panel-grid panel-no-style\" ><div id=\"pgc-7891-0-0\"  class=\"panel-grid-cell panel-grid-cell-empty\" ><\/div><div id=\"pgc-7891-0-1\"  class=\"panel-grid-cell panel-grid-cell-mobile-last\" ><div id=\"panel-7891-0-1-0\" class=\"so-panel widget widget_sow-editor panel-first-child panel-last-child\" data-index=\"0\" ><div\n\t\t\t\n\t\t\tclass=\"so-widget-sow-editor so-widget-sow-editor-base\"\n\t\t\t\n\t\t>\n<div class=\"siteorigin-widget-tinymce textwidget\">\n\t<div class=\"abstract\">\n<div class=\"abstract\">\n<div class=\"abstract\">\n<p>Vladim\u00edr Moln\u00e1r is a first year student at University College Cork, Ireland.<\/p>\n<p>Vladim\u00edr has been working at ULC \u010carnogursk\u00fd since May 2025 as a legal assistant.<\/p>\n<p>He speaks English.<\/p>\n<\/div>\n<\/div>\n<\/div>\n<\/div>\n<\/div><\/div><\/div><div id=\"pgc-7891-0-2\"  class=\"panel-grid-cell panel-grid-cell-empty\" ><\/div><\/div><\/div>","protected":false},"excerpt":{"rendered":"<p>Vladim\u00edr Moln\u00e1r is a first year student at University College Cork, Ireland. Vladim\u00edr has been working at ULC \u010carnogursk\u00fd since May 2025 as a legal assistant. He speaks English.<\/p>\n","protected":false},"author":8,"featured_media":10015,"parent":0,"menu_order":0,"comment_status":"closed","ping_status":"closed","template":"","meta":{"_acf_changed":false,"footnotes":""},"class_list":["post-7891","page","type-page","status-publish","has-post-thumbnail","hentry"],"acf":[],"_links":{"self":[{"href":"https:\/\/www.ulclegal.com\/en\/wp-json\/wp\/v2\/pages\/7891","targetHints":{"allow":["GET"]}}],"collection":[{"href":"https:\/\/www.ulclegal.com\/en\/wp-json\/wp\/v2\/pages"}],"about":[{"href":"https:\/\/www.ulclegal.com\/en\/wp-json\/wp\/v2\/types\/page"}],"author":[{"embeddable":true,"href":"https:\/\/www.ulclegal.com\/en\/wp-json\/wp\/v2\/users\/8"}],"replies":[{"embeddable":true,"href":"https:\/\/www.ulclegal.com\/en\/wp-json\/wp\/v2\/comments?post=7891"}],"version-history":[{"count":0,"href":"https:\/\/www.ulclegal.com\/en\/wp-json\/wp\/v2\/pages\/7891\/revisions"}],"wp:featuredmedia":[{"embeddable":true,"href":"https:\/\/www.ulclegal.com\/en\/wp-json\/wp\/v2\/media\/10015"}],"wp:attachment":[{"href":"https:\/\/www.ulclegal.com\/en\/wp-json\/wp\/v2\/media?parent=7891"}],"curies":[{"name":"wp","href":"https:\/\/api.w.org\/{rel}","templated":true}]}}