{"id":9940,"date":"2025-11-26T17:15:01","date_gmt":"2025-11-26T16:15:01","guid":{"rendered":"https:\/\/www.ulclegal.com\/judr-mag-jan-carnogursky-mba\/"},"modified":"2025-11-26T17:47:52","modified_gmt":"2025-11-26T16:47:52","slug":"judr-mag-jan-carnogursky-mba","status":"publish","type":"page","link":"https:\/\/www.ulclegal.com\/en\/judr-mag-jan-carnogursky-mba\/","title":{"rendered":"JUDr.Mag. J\u00e1n \u010carnogursk\u00fd, MBA"},"content":{"rendered":"<div id=\"pl-9940\"  class=\"panel-layout\" ><div id=\"pg-9940-0\"  class=\"panel-grid panel-no-style\" ><div id=\"pgc-9940-0-0\"  class=\"panel-grid-cell panel-grid-cell-empty\" ><\/div><div id=\"pgc-9940-0-1\"  class=\"panel-grid-cell panel-grid-cell-mobile-last\" ><div id=\"panel-9940-0-1-0\" class=\"so-panel widget widget_sow-editor panel-first-child panel-last-child\" data-index=\"0\" ><div\n\t\t\t\n\t\t\tclass=\"so-widget-sow-editor so-widget-sow-editor-base\"\n\t\t\t\n\t\t>\n<div class=\"siteorigin-widget-tinymce textwidget\">\n\t<div class=\"abstract\">\n<div class=\"abstract\">\n<div class=\"abstract\">\n<p class=\"font-claude-response-body whitespace-normal break-words\"><strong>Education<\/strong><\/p>\n<p class=\"font-claude-response-body whitespace-normal break-words\">J\u00e1n \u010carnogursk\u00fd received his Master of Laws degree from the Faculty of Law of the University of Vienna (1995) and then successfully completed his studies at the Faculty of Law of Comenius University in Bratislava (1997), where he was awarded the degree of Doctor of Laws (JUDr.) in 1999. In 2025 he completed his studies at the University of Cumbria and obtained a Master of Business Administration degree. <\/p>\n<p class=\"font-claude-response-body whitespace-normal break-words\"><strong>Academic activity<\/strong><\/p>\n<p class=\"font-claude-response-body whitespace-normal break-words\">After graduating in Vienna, he worked as a lecturer at the Department of Central and Eastern European Economic Law at the University of Economics in Vienna.<\/p>\n<p class=\"font-claude-response-body whitespace-normal break-words\"><strong>Professional practice<\/strong><\/p>\n<p class=\"font-claude-response-body whitespace-normal break-words\">JUDr. JUDr. Mag. J\u00e1n \u010carnogursk\u00fd began his legal career as an articled clerk in 1995. From 2000, he spent over a decade as a partner at a leading multinational law firm with more than 1,500 lawyers worldwide. He is now the Managing Partner of ULC \u010carnogursk\u00fd.   <\/p>\n<p class=\"font-claude-response-body whitespace-normal break-words\">During his practice he has gained extensive experience in privatisation, mergers and acquisitions and investment projects. He specializes in energy law, banking and finance law, real estate law, securities law and civil law. He has conducted legal due diligence on major transactions involving energy companies, chemical plants, banks, insurance and pharmaceutical companies.  <\/p>\n<p class=\"font-claude-response-body whitespace-normal break-words\"><strong>Credentials<\/strong><\/p>\n<p class=\"font-claude-response-body whitespace-normal break-words\">J\u00e1n \u010carnogursk\u00fd is registered in the list of attorneys of the Slovak Bar Association and is a Certified Cybersecurity Manager.<\/p>\n<p class=\"font-claude-response-body whitespace-normal break-words\"><strong>Languages:<\/strong> Slovak, English, German, Russian<\/p>\n<p class=\"font-claude-response-body whitespace-normal break-words\">In 2011 he successfully summited the highest mountain in the world - Mount Everest (8 848 m).<\/p>\n<\/div>\n<\/div>\n<\/div>\n<\/div>\n<\/div><\/div><\/div><div id=\"pgc-9940-0-2\"  class=\"panel-grid-cell panel-grid-cell-empty\" ><\/div><\/div><\/div>","protected":false},"excerpt":{"rendered":"<p>Education J\u00e1n \u010carnogursk\u00fd received his Master of Laws degree from the Faculty of Law of the University of Vienna (1995) and then successfully completed his studies at the Faculty of Law of Comenius University in Bratislava (1997), where he was awarded the degree of Doctor of Laws (JUDr.) in 1999. In 2025 he completed his [&hellip;]<\/p>\n","protected":false},"author":8,"featured_media":5324,"parent":0,"menu_order":0,"comment_status":"closed","ping_status":"closed","template":"","meta":{"_acf_changed":false,"footnotes":""},"class_list":["post-9940","page","type-page","status-publish","has-post-thumbnail","hentry"],"acf":[],"_links":{"self":[{"href":"https:\/\/www.ulclegal.com\/en\/wp-json\/wp\/v2\/pages\/9940","targetHints":{"allow":["GET"]}}],"collection":[{"href":"https:\/\/www.ulclegal.com\/en\/wp-json\/wp\/v2\/pages"}],"about":[{"href":"https:\/\/www.ulclegal.com\/en\/wp-json\/wp\/v2\/types\/page"}],"author":[{"embeddable":true,"href":"https:\/\/www.ulclegal.com\/en\/wp-json\/wp\/v2\/users\/8"}],"replies":[{"embeddable":true,"href":"https:\/\/www.ulclegal.com\/en\/wp-json\/wp\/v2\/comments?post=9940"}],"version-history":[{"count":0,"href":"https:\/\/www.ulclegal.com\/en\/wp-json\/wp\/v2\/pages\/9940\/revisions"}],"wp:featuredmedia":[{"embeddable":true,"href":"https:\/\/www.ulclegal.com\/en\/wp-json\/wp\/v2\/media\/5324"}],"wp:attachment":[{"href":"https:\/\/www.ulclegal.com\/en\/wp-json\/wp\/v2\/media?parent=9940"}],"curies":[{"name":"wp","href":"https:\/\/api.w.org\/{rel}","templated":true}]}}