{"id":9965,"date":"2025-11-27T15:39:26","date_gmt":"2025-11-27T14:39:26","guid":{"rendered":"https:\/\/www.ulclegal.com\/natalia-vasova\/"},"modified":"2025-11-27T15:39:56","modified_gmt":"2025-11-27T14:39:56","slug":"natalia-vasova","status":"publish","type":"page","link":"https:\/\/www.ulclegal.com\/en\/natalia-vasova\/","title":{"rendered":"Nat\u00e1lia V\u00e1\u0161ov\u00e1"},"content":{"rendered":"<div id=\"pl-9965\"  class=\"panel-layout\" ><div id=\"pg-9965-0\"  class=\"panel-grid panel-no-style\" ><div id=\"pgc-9965-0-0\"  class=\"panel-grid-cell panel-grid-cell-empty\" ><\/div><div id=\"pgc-9965-0-1\"  class=\"panel-grid-cell panel-grid-cell-mobile-last\" ><div id=\"panel-9965-0-1-0\" class=\"so-panel widget widget_sow-editor panel-first-child panel-last-child\" data-index=\"0\" ><div\n\t\t\t\n\t\t\tclass=\"so-widget-sow-editor so-widget-sow-editor-base\"\n\t\t\t\n\t\t>\n<div class=\"siteorigin-widget-tinymce textwidget\">\n\t<div class=\"abstract\">\n<div class=\"abstract\">\n<div class=\"abstract\">\n<p>Nat\u00e1lia has gained significant experience in administration and client care in multinational companies.<\/p>\n<p>With his knowledge and experience from several years of practice, he is the right hand for lawyers and seamlessly ensures the smooth running of the office.<\/p>\n<p>Nat\u00e1lia has been with ULC \u010carnogursk\u00fd since December 2023.<\/p>\n<p>She speaks English.<\/p>\n<\/div>\n<\/div>\n<\/div>\n<\/div>\n<\/div><\/div><\/div><div id=\"pgc-9965-0-2\"  class=\"panel-grid-cell panel-grid-cell-empty\" ><\/div><\/div><\/div>","protected":false},"excerpt":{"rendered":"<p>Nat\u00e1lia has gained significant experience in administration and client care in multinational companies. With his knowledge and experience from several years of practice, he is the right hand for lawyers and seamlessly ensures the smooth running of the office. Nat\u00e1lia has been with ULC \u010carnogursk\u00fd since December 2023. She speaks English.<\/p>\n","protected":false},"author":8,"featured_media":5293,"parent":0,"menu_order":0,"comment_status":"closed","ping_status":"closed","template":"","meta":{"_acf_changed":false,"footnotes":""},"class_list":["post-9965","page","type-page","status-publish","has-post-thumbnail","hentry"],"acf":[],"_links":{"self":[{"href":"https:\/\/www.ulclegal.com\/en\/wp-json\/wp\/v2\/pages\/9965","targetHints":{"allow":["GET"]}}],"collection":[{"href":"https:\/\/www.ulclegal.com\/en\/wp-json\/wp\/v2\/pages"}],"about":[{"href":"https:\/\/www.ulclegal.com\/en\/wp-json\/wp\/v2\/types\/page"}],"author":[{"embeddable":true,"href":"https:\/\/www.ulclegal.com\/en\/wp-json\/wp\/v2\/users\/8"}],"replies":[{"embeddable":true,"href":"https:\/\/www.ulclegal.com\/en\/wp-json\/wp\/v2\/comments?post=9965"}],"version-history":[{"count":0,"href":"https:\/\/www.ulclegal.com\/en\/wp-json\/wp\/v2\/pages\/9965\/revisions"}],"wp:featuredmedia":[{"embeddable":true,"href":"https:\/\/www.ulclegal.com\/en\/wp-json\/wp\/v2\/media\/5293"}],"wp:attachment":[{"href":"https:\/\/www.ulclegal.com\/en\/wp-json\/wp\/v2\/media?parent=9965"}],"curies":[{"name":"wp","href":"https:\/\/api.w.org\/{rel}","templated":true}]}}