{"id":5440,"date":"2023-02-13T08:05:06","date_gmt":"2023-02-13T07:05:06","guid":{"rendered":"https:\/\/www.ulclegal.com\/%d0%be-%d0%bd%d0%b0%d1%81\/"},"modified":"2025-07-28T13:11:50","modified_gmt":"2025-07-28T11:11:50","slug":"%d0%be-%d0%bd%d0%b0%d1%81","status":"publish","type":"page","link":"https:\/\/www.ulclegal.com\/ru\/%d0%be-%d0%bd%d0%b0%d1%81\/","title":{"rendered":"\u041e \u043d\u0430\u0441"},"content":{"rendered":"<div id=\"pl-gb5440-69dd567769520\"  class=\"panel-layout wp-block-siteorigin-panels-layout-block\" ><div id=\"pg-gb5440-69dd567769520-0\"  class=\"panel-grid panel-no-style\" ><div id=\"pgc-gb5440-69dd567769520-0-0\"  class=\"panel-grid-cell panel-grid-cell-empty\" ><\/div><div id=\"pgc-gb5440-69dd567769520-0-1\"  class=\"panel-grid-cell panel-grid-cell-mobile-last\" ><div id=\"panel-gb5440-69dd567769520-0-1-0\" class=\"so-panel widget widget_sow-editor panel-first-child panel-last-child\" data-index=\"0\" ><div\n\t\t\t\n\t\t\tclass=\"so-widget-sow-editor so-widget-sow-editor-base\"\n\t\t\t\n\t\t>\n<div class=\"siteorigin-widget-tinymce textwidget\">\n\t<h3 style=\"text-align: center;\">\u041d\u0430\u0448\u0430 \u043a\u043e\u043c\u043f\u0430\u043d\u0438\u044f \u043f\u0440\u0435\u0434\u043e\u0441\u0442\u0430\u0432\u043b\u044f\u0435\u0442 \u0441\u0432\u043e\u0438\u043c \u043a\u043b\u0438\u0435\u043d\u0442\u0430\u043c \u043a\u0432\u0430\u043b\u0438\u0444\u0438\u0446\u0438\u0440\u043e\u0432\u0430\u043d\u043d\u0443\u044e \u044e\u0440\u0438\u0434\u0438\u0447\u0435\u0441\u043a\u0443\u044e \u043f\u043e\u043c\u043e\u0449\u044c, \u043e\u0441\u043d\u043e\u0432\u0430\u043d\u043d\u0443\u044e \u043d\u0430 \u0434\u043e\u0432\u0435\u0440\u0438\u0438 \u043c\u0435\u0436\u0434\u0443 \u043a\u043b\u0438\u0435\u043d\u0442\u043e\u043c \u0438 \u0430\u0434\u0432\u043e\u043a\u0430\u0442\u043e\u043c, \u0430 \u0442\u0430\u043a\u0436\u0435 \u043d\u0430 \u0440\u0435\u0430\u043b\u0438\u0437\u0430\u0446\u0438\u0438 \u044d\u0442\u0438\u0447\u0435\u0441\u043a\u0438\u0445 \u043f\u0440\u0438\u043d\u0446\u0438\u043f\u043e\u0432, \u043f\u0440\u0438\u0441\u0443\u0449\u0438\u0445 \u0430\u0434\u0432\u043e\u043a\u0430\u0442\u0441\u043a\u043e\u0439 \u043f\u0440\u043e\u0444\u0435\u0441\u0441\u0438\u0438.<\/h3>\n<p>&nbsp;<\/p>\n<\/div>\n<\/div><\/div><\/div><div id=\"pgc-gb5440-69dd567769520-0-2\"  class=\"panel-grid-cell panel-grid-cell-empty\" ><\/div><\/div><div id=\"pg-gb5440-69dd567769520-1\"  class=\"panel-grid panel-no-style\" ><div id=\"pgc-gb5440-69dd567769520-1-0\"  class=\"panel-grid-cell\" ><div id=\"panel-gb5440-69dd567769520-1-0-0\" class=\"so-panel widget widget_sow-image panel-first-child panel-last-child\" data-index=\"1\" ><div\n\t\t\t\n\t\t\tclass=\"so-widget-sow-image so-widget-sow-image-default-8b5b6f678277-5440\"\n\t\t\t\n\t\t>\n<div class=\"sow-image-container\">\n\t\t<img \n\tdata-src=\"https:\/\/www.ulclegal.com\/wp-content\/uploads\/2023\/02\/business-people-walking-outside-office-building.jpg\" width=\"2500\" height=\"1667\" data-srcset=\"https:\/\/www.ulclegal.com\/wp-content\/uploads\/2023\/02\/business-people-walking-outside-office-building.jpg 2500w, https:\/\/www.ulclegal.com\/wp-content\/uploads\/2023\/02\/business-people-walking-outside-office-building-300x200.jpg 300w, https:\/\/www.ulclegal.com\/wp-content\/uploads\/2023\/02\/business-people-walking-outside-office-building-1024x683.jpg 1024w, https:\/\/www.ulclegal.com\/wp-content\/uploads\/2023\/02\/business-people-walking-outside-office-building-768x512.jpg 768w, https:\/\/www.ulclegal.com\/wp-content\/uploads\/2023\/02\/business-people-walking-outside-office-building-1536x1024.jpg 1536w, https:\/\/www.ulclegal.com\/wp-content\/uploads\/2023\/02\/business-people-walking-outside-office-building-2048x1365.jpg 2048w, https:\/\/www.ulclegal.com\/wp-content\/uploads\/2023\/02\/business-people-walking-outside-office-building-480x320.jpg 480w, https:\/\/www.ulclegal.com\/wp-content\/uploads\/2023\/02\/business-people-walking-outside-office-building-992x661.jpg 992w, https:\/\/www.ulclegal.com\/wp-content\/uploads\/2023\/02\/business-people-walking-outside-office-building-1200x800.jpg 1200w, https:\/\/www.ulclegal.com\/wp-content\/uploads\/2023\/02\/business-people-walking-outside-office-building-272x182.jpg 272w\" data-sizes=\"(max-width: 2500px) 100vw, 2500px\" title=\"Group of business people walking outside the entrance of an office building\" alt=\"krypto-advokat-bratislava-slovakia\" \t\tclass=\"so-widget-image lazyload\" src=\"data:image\/svg+xml;base64,PHN2ZyB3aWR0aD0iMSIgaGVpZ2h0PSIxIiB4bWxucz0iaHR0cDovL3d3dy53My5vcmcvMjAwMC9zdmciPjwvc3ZnPg==\" style=\"--smush-placeholder-width: 2500px; --smush-placeholder-aspect-ratio: 2500\/1667;\" \/>\n\t<\/div>\n\n<\/div><\/div><\/div><div id=\"pgc-gb5440-69dd567769520-1-1\"  class=\"panel-grid-cell\" ><div id=\"panel-gb5440-69dd567769520-1-1-0\" class=\"so-panel widget widget_sow-editor panel-first-child panel-last-child\" data-index=\"2\" ><div\n\t\t\t\n\t\t\tclass=\"so-widget-sow-editor so-widget-sow-editor-base\"\n\t\t\t\n\t\t>\n<div class=\"siteorigin-widget-tinymce textwidget\">\n\t<h2>\u042d\u0440\u0443\u0434\u0438\u0440\u043e\u0432\u0430\u043d\u043d\u043e\u0441\u0442\u044c \u044f\u0432\u043b\u044f\u0435\u0442\u0441\u044f \u043a\u043b\u044e\u0447\u0435\u0432\u043e\u0439 \u043a\u043e\u043c\u043f\u0435\u0442\u0435\u043d\u0446\u0438\u0435\u0439 \u043d\u0430\u0448\u0438\u0445 \u0441\u043e\u0442\u0440\u0443\u0434\u043d\u0438\u043a\u043e\u0432.<\/h2>\n<p>\u0422\u0430\u043a\u0436\u0435 \u0432\u0430\u0436\u043d\u044b \u043b\u0438\u0447\u043d\u044b\u0435 \u043a\u0430\u0447\u0435\u0441\u0442\u0432\u0430, \u0442\u0430\u043a\u0438\u0435 \u043a\u0430\u043a \u043a\u043e\u043c\u043c\u0443\u043d\u0438\u043a\u0430\u0431\u0435\u043b\u044c\u043d\u043e\u0441\u0442\u044c, \u0433\u0438\u0431\u043a\u043e\u0441\u0442\u044c, \u0442\u043e\u0447\u043d\u043e\u0441\u0442\u044c, \u0441\u0442\u043e\u0439\u043a\u043e\u0441\u0442\u044c \u043a \u0441\u0442\u0440\u0435\u0441\u0441\u0443, \u0433\u043e\u0442\u043e\u0432\u043d\u043e\u0441\u0442\u044c \u043f\u043e\u0441\u0442\u043e\u044f\u043d\u043d\u043e \u0443\u0447\u0438\u0442\u044c\u0441\u044f \u0438 \u043d\u0435\u043e\u0442\u044a\u0435\u043c\u043b\u0435\u043c\u044b\u0439 \u044d\u043d\u0442\u0443\u0437\u0438\u0430\u0437\u043c \u043a \u0430\u0434\u0432\u043e\u043a\u0430\u0442\u0441\u043a\u043e\u0439 \u043f\u0440\u043e\u0444\u0435\u0441\u0441\u0438\u0438.<\/p>\n<\/div>\n<\/div><\/div><\/div><\/div><div id=\"pg-gb5440-69dd567769520-2\"  class=\"panel-grid panel-has-style\" ><div class=\"panel-row-style panel-row-style-for-gb5440-69dd567769520-2\" ><div id=\"pgc-gb5440-69dd567769520-2-0\"  class=\"panel-grid-cell panel-grid-cell-empty\" ><\/div><div id=\"pgc-gb5440-69dd567769520-2-1\"  class=\"panel-grid-cell panel-grid-cell-mobile-last\" ><div id=\"panel-gb5440-69dd567769520-2-1-0\" class=\"so-panel widget widget_sow-editor panel-first-child panel-last-child\" data-index=\"3\" ><div\n\t\t\t\n\t\t\tclass=\"so-widget-sow-editor so-widget-sow-editor-base\"\n\t\t\t\n\t\t>\n<div class=\"siteorigin-widget-tinymce textwidget\">\n\t<h2 style=\"text-align: center;\">\u041d\u0430\u0448\u0430 \u043a\u043e\u043c\u0430\u043d\u0434\u0430<\/h2>\n<\/div>\n<\/div><\/div><\/div><div id=\"pgc-gb5440-69dd567769520-2-2\"  class=\"panel-grid-cell panel-grid-cell-empty\" ><\/div><\/div><\/div><div id=\"pg-gb5440-69dd567769520-3\"  class=\"panel-grid panel-no-style\" ><div id=\"pgc-gb5440-69dd567769520-3-0\"  class=\"panel-grid-cell\" ><div id=\"panel-gb5440-69dd567769520-3-0-0\" class=\"so-panel widget widget_sow-image panel-first-child\" data-index=\"4\" ><div\n\t\t\t\n\t\t\tclass=\"so-widget-sow-image so-widget-sow-image-default-8b5b6f678277-5440\"\n\t\t\t\n\t\t>\n<div class=\"sow-image-container\">\n\t\t\t<a href=\"https:\/\/www.ulclegal.com\/en\/judr-mag-jan-carnogursky-en\/\"\n\t\t\t\t\t>\n\t\t\t<img \n\tdata-src=\"https:\/\/www.ulclegal.com\/wp-content\/uploads\/2023\/03\/Jan-Carnogursky-na-web-2.jpg\" width=\"147\" height=\"199\" data-sizes=\"(max-width: 147px) 100vw, 147px\" title=\"J\u00e1n \u010carnogursk\u00fd na web\" alt=\"krypto-advokat-bratislava-slovakia\" \t\tclass=\"so-widget-image lazyload\" src=\"data:image\/svg+xml;base64,PHN2ZyB3aWR0aD0iMSIgaGVpZ2h0PSIxIiB4bWxucz0iaHR0cDovL3d3dy53My5vcmcvMjAwMC9zdmciPjwvc3ZnPg==\" style=\"--smush-placeholder-width: 147px; --smush-placeholder-aspect-ratio: 147\/199;\" \/>\n\t\t\t<\/a><\/div>\n\n<\/div><\/div><div id=\"panel-gb5440-69dd567769520-3-0-1\" class=\"so-panel widget widget_sow-editor panel-last-child\" data-index=\"5\" ><div\n\t\t\t\n\t\t\tclass=\"so-widget-sow-editor so-widget-sow-editor-base\"\n\t\t\t\n\t\t>\n<div class=\"siteorigin-widget-tinymce textwidget\">\n\t<h5><a href=\"https:\/\/www.ulclegal.com\/ru\/judr-mag-jan-carnogursky\/\">JUDr.Mag. J\u00e1n \u010carnogursk\u00fd<\/a><\/h5>\n<\/div>\n<\/div><\/div><\/div><div id=\"pgc-gb5440-69dd567769520-3-1\"  class=\"panel-grid-cell\" ><div id=\"panel-gb5440-69dd567769520-3-1-0\" class=\"so-panel widget widget_sow-image panel-first-child\" data-index=\"6\" ><div\n\t\t\t\n\t\t\tclass=\"so-widget-sow-image so-widget-sow-image-default-8b5b6f678277-5440\"\n\t\t\t\n\t\t>\n<div class=\"sow-image-container\">\n\t\t\t<a href=\"https:\/\/www.ulclegal.com\/monika-carnogurska\/\"\n\t\t\t\t\t>\n\t\t\t<img \n\tdata-src=\"https:\/\/www.ulclegal.com\/wp-content\/uploads\/2023\/02\/image-1.jpeg\" width=\"135\" height=\"199\" data-sizes=\"(max-width: 135px) 100vw, 135px\" title=\"image\" alt=\"MonikaKo\u010dka\" \t\tclass=\"so-widget-image lazyload\" src=\"data:image\/svg+xml;base64,PHN2ZyB3aWR0aD0iMSIgaGVpZ2h0PSIxIiB4bWxucz0iaHR0cDovL3d3dy53My5vcmcvMjAwMC9zdmciPjwvc3ZnPg==\" style=\"--smush-placeholder-width: 135px; --smush-placeholder-aspect-ratio: 135\/199;\" \/>\n\t\t\t<\/a><\/div>\n\n<\/div><\/div><div id=\"panel-gb5440-69dd567769520-3-1-1\" class=\"so-panel widget widget_sow-editor panel-last-child\" data-index=\"7\" ><div\n\t\t\t\n\t\t\tclass=\"so-widget-sow-editor so-widget-sow-editor-base\"\n\t\t\t\n\t\t>\n<div class=\"siteorigin-widget-tinymce textwidget\">\n\t<h5><a href=\"https:\/\/www.ulclegal.com\/ru\/phdr-monika-carnogurska\/\">PhDr. Monika \u010carnogursk\u00e1<\/a><\/h5>\n<\/div>\n<\/div><\/div><\/div><div id=\"pgc-gb5440-69dd567769520-3-2\"  class=\"panel-grid-cell\" ><div id=\"panel-gb5440-69dd567769520-3-2-0\" class=\"so-panel widget widget_sow-image panel-first-child\" data-index=\"8\" ><div\n\t\t\t\n\t\t\tclass=\"so-widget-sow-image so-widget-sow-image-default-8b5b6f678277-5440\"\n\t\t\t\n\t\t>\n<div class=\"sow-image-container\">\n\t\t\t<a href=\"https:\/\/www.ulclegal.com\/ru\/judr-iryna-sambor\/\"\n\t\t\t\t\t>\n\t\t\t<img \n\tdata-src=\"https:\/\/www.ulclegal.com\/wp-content\/uploads\/2025\/07\/IMG_4136-1-e1753701066781.jpeg\" width=\"155\" height=\"200\" data-sizes=\"(max-width: 155px) 100vw, 155px\" title=\"IMG_4136\" alt=\"\" \t\tclass=\"so-widget-image lazyload\" src=\"data:image\/svg+xml;base64,PHN2ZyB3aWR0aD0iMSIgaGVpZ2h0PSIxIiB4bWxucz0iaHR0cDovL3d3dy53My5vcmcvMjAwMC9zdmciPjwvc3ZnPg==\" style=\"--smush-placeholder-width: 155px; --smush-placeholder-aspect-ratio: 155\/200;\" \/>\n\t\t\t<\/a><\/div>\n\n<\/div><\/div><div id=\"panel-gb5440-69dd567769520-3-2-1\" class=\"so-panel widget widget_sow-editor panel-last-child\" data-index=\"9\" ><div\n\t\t\t\n\t\t\tclass=\"so-widget-sow-editor so-widget-sow-editor-base\"\n\t\t\t\n\t\t>\n<div class=\"siteorigin-widget-tinymce textwidget\">\n\t<h5><a href=\"https:\/\/www.ulclegal.com\/ru\/judr-iryna-sambor\/\">JUDr. Iryna Sambor<\/a><\/h5>\n<\/div>\n<\/div><\/div><\/div><div id=\"pgc-gb5440-69dd567769520-3-3\"  class=\"panel-grid-cell\" ><div id=\"panel-gb5440-69dd567769520-3-3-0\" class=\"so-panel widget widget_sow-image panel-first-child\" data-index=\"10\" ><div\n\t\t\t\n\t\t\tclass=\"so-widget-sow-image so-widget-sow-image-default-8b5b6f678277-5440\"\n\t\t\t\n\t\t><\/div><\/div><div id=\"panel-gb5440-69dd567769520-3-3-1\" class=\"so-panel widget widget_sow-editor panel-last-child\" data-index=\"11\" ><div\n\t\t\t\n\t\t\tclass=\"so-widget-sow-editor so-widget-sow-editor-base\"\n\t\t\t\n\t\t>\n<div class=\"siteorigin-widget-tinymce textwidget\">\n\t<h5><a href=\"https:\/\/www.ulclegal.com\/ru\/mgr-bc-katarina-spiess\/\">Mgr. Bc. Katar\u00edna Spiess<\/a><\/h5>\n<\/div>\n<\/div><\/div><\/div><\/div><div id=\"pg-gb5440-69dd567769520-4\"  class=\"panel-grid panel-has-style\" ><div class=\"panel-row-style panel-row-style-for-gb5440-69dd567769520-4\" ><div id=\"pgc-gb5440-69dd567769520-4-0\"  class=\"panel-grid-cell\" ><div id=\"panel-gb5440-69dd567769520-4-0-0\" class=\"so-panel widget widget_sow-image panel-first-child\" data-index=\"12\" ><div\n\t\t\t\n\t\t\tclass=\"so-widget-sow-image so-widget-sow-image-default-8b5b6f678277-5440\"\n\t\t\t\n\t\t>\n<div class=\"sow-image-container\">\n\t\t\t<a href=\"https:\/\/www.ulclegal.com\/natalia-vasova\/\"\n\t\t\t\t\t>\n\t\t\t<img \n\tdata-src=\"https:\/\/www.ulclegal.com\/wp-content\/uploads\/2023\/12\/6B92EB16-D1DB-4A4C-B4AE-A7F472FC7280-e1703154578700.jpg\" width=\"162\" height=\"199\" data-sizes=\"(max-width: 162px) 100vw, 162px\" title=\"V\u00e1\u0161ov\u00e1 Nat\u00e1lia\" alt=\"NataliaKo\u010dka\" \t\tclass=\"so-widget-image lazyload\" src=\"data:image\/svg+xml;base64,PHN2ZyB3aWR0aD0iMSIgaGVpZ2h0PSIxIiB4bWxucz0iaHR0cDovL3d3dy53My5vcmcvMjAwMC9zdmciPjwvc3ZnPg==\" style=\"--smush-placeholder-width: 162px; --smush-placeholder-aspect-ratio: 162\/199;\" \/>\n\t\t\t<\/a><\/div>\n\n<\/div><\/div><div id=\"panel-gb5440-69dd567769520-4-0-1\" class=\"so-panel widget widget_sow-editor panel-last-child\" data-index=\"13\" ><div\n\t\t\t\n\t\t\tclass=\"so-widget-sow-editor so-widget-sow-editor-base\"\n\t\t\t\n\t\t>\n<div class=\"siteorigin-widget-tinymce textwidget\">\n\t<h5><a href=\"https:\/\/www.ulclegal.com\/ru\/natalia-vasova\/\">Nat\u00e1lia V\u00e1\u0161ov\u00e1<\/a><\/h5>\n<\/div>\n<\/div><\/div><\/div><div id=\"pgc-gb5440-69dd567769520-4-1\"  class=\"panel-grid-cell\" ><div id=\"panel-gb5440-69dd567769520-4-1-0\" class=\"so-panel widget widget_sow-image panel-first-child\" data-index=\"14\" ><div\n\t\t\t\n\t\t\tclass=\"so-widget-sow-image so-widget-sow-image-default-8b5b6f678277-5440\"\n\t\t\t\n\t\t>\n<div class=\"sow-image-container\">\n\t\t<img \n\tdata-src=\"https:\/\/www.ulclegal.com\/wp-content\/uploads\/2025\/01\/Lukas-1-e1738846425608.png\" width=\"169\" height=\"199\" data-sizes=\"(max-width: 169px) 100vw, 169px\" title=\"Luk\u00e1\u0161\" alt=\"Lukas1\" \t\tclass=\"so-widget-image lazyload\" src=\"data:image\/svg+xml;base64,PHN2ZyB3aWR0aD0iMSIgaGVpZ2h0PSIxIiB4bWxucz0iaHR0cDovL3d3dy53My5vcmcvMjAwMC9zdmciPjwvc3ZnPg==\" style=\"--smush-placeholder-width: 169px; --smush-placeholder-aspect-ratio: 169\/199;\" \/>\n\t<\/div>\n\n<\/div><\/div><div id=\"panel-gb5440-69dd567769520-4-1-1\" class=\"so-panel widget widget_sow-editor panel-last-child\" data-index=\"15\" ><div\n\t\t\t\n\t\t\tclass=\"so-widget-sow-editor so-widget-sow-editor-base\"\n\t\t\t\n\t\t>\n<div class=\"siteorigin-widget-tinymce textwidget\">\n\t<h5><a href=\"https:\/\/www.ulclegal.com\/ru\/lukas-breda\/\">Bc. Luk\u00e1\u0161 Breda<\/a><\/h5>\n<p>&nbsp;<\/p>\n<\/div>\n<\/div><\/div><\/div><div id=\"pgc-gb5440-69dd567769520-4-2\"  class=\"panel-grid-cell\" ><div id=\"panel-gb5440-69dd567769520-4-2-0\" class=\"so-panel widget widget_sow-image panel-first-child\" data-index=\"16\" ><div\n\t\t\t\n\t\t\tclass=\"so-widget-sow-image so-widget-sow-image-default-8b5b6f678277-5440\"\n\t\t\t\n\t\t>\n<div class=\"sow-image-container\">\n\t\t\t<a href=\"https:\/\/www.ulclegal.com\/peter-preto\/\"\n\t\t\t\t\t>\n\t\t\t<img \n\tdata-src=\"https:\/\/www.ulclegal.com\/wp-content\/uploads\/2025\/07\/IMG_7479-2-e1753279314799.jpg\" width=\"155\" height=\"200\" data-sizes=\"(max-width: 155px) 100vw, 155px\" title=\"IMG_7479\" alt=\"\" \t\tclass=\"so-widget-image lazyload\" src=\"data:image\/svg+xml;base64,PHN2ZyB3aWR0aD0iMSIgaGVpZ2h0PSIxIiB4bWxucz0iaHR0cDovL3d3dy53My5vcmcvMjAwMC9zdmciPjwvc3ZnPg==\" style=\"--smush-placeholder-width: 155px; --smush-placeholder-aspect-ratio: 155\/200;\" \/>\n\t\t\t<\/a><\/div>\n\n<\/div><\/div><div id=\"panel-gb5440-69dd567769520-4-2-1\" class=\"so-panel widget widget_sow-editor panel-last-child\" data-index=\"17\" ><div\n\t\t\t\n\t\t\tclass=\"so-widget-sow-editor so-widget-sow-editor-base\"\n\t\t\t\n\t\t>\n<div class=\"siteorigin-widget-tinymce textwidget\">\n\t<h5><a href=\"https:\/\/www.ulclegal.com\/en\/bc-peter-preto\/\">Bc. Peter Pre\u0165o<\/a><\/h5>\n<p>&nbsp;<\/p>\n<\/div>\n<\/div><\/div><\/div><div id=\"pgc-gb5440-69dd567769520-4-3\"  class=\"panel-grid-cell\" ><div id=\"panel-gb5440-69dd567769520-4-3-0\" class=\"so-panel widget widget_sow-image panel-first-child\" data-index=\"18\" ><div\n\t\t\t\n\t\t\tclass=\"so-widget-sow-image so-widget-sow-image-default-8b5b6f678277-5440\"\n\t\t\t\n\t\t>\n<div class=\"sow-image-container\">\n\t\t\t<a href=\"https:\/\/www.ulclegal.com\/peter-preto\/\"\n\t\t\t\t\t>\n\t\t\t<img \n\tdata-src=\"https:\/\/www.ulclegal.com\/wp-content\/uploads\/2025\/07\/IMG_7457-5-e1753279404674.jpg\" width=\"155\" height=\"200\" data-sizes=\"(max-width: 155px) 100vw, 155px\" title=\"IMG_7457\" alt=\"\" \t\tclass=\"so-widget-image lazyload\" src=\"data:image\/svg+xml;base64,PHN2ZyB3aWR0aD0iMSIgaGVpZ2h0PSIxIiB4bWxucz0iaHR0cDovL3d3dy53My5vcmcvMjAwMC9zdmciPjwvc3ZnPg==\" style=\"--smush-placeholder-width: 155px; --smush-placeholder-aspect-ratio: 155\/200;\" \/>\n\t\t\t<\/a><\/div>\n\n<\/div><\/div><div id=\"panel-gb5440-69dd567769520-4-3-1\" class=\"so-panel widget widget_sow-editor panel-last-child\" data-index=\"19\" ><div\n\t\t\t\n\t\t\tclass=\"so-widget-sow-editor so-widget-sow-editor-base\"\n\t\t\t\n\t\t>\n<div class=\"siteorigin-widget-tinymce textwidget\">\n\t<h5><a href=\"https:\/\/www.ulclegal.com\/sophia-jursikova\/\">Sophia Jurs\u00edkova<\/a><\/h5>\n<p>&nbsp;<\/p>\n<\/div>\n<\/div><\/div><\/div><\/div><\/div><div id=\"pg-gb5440-69dd567769520-5\"  class=\"panel-grid panel-has-style\" ><div class=\"panel-row-style panel-row-style-for-gb5440-69dd567769520-5\" ><div id=\"pgc-gb5440-69dd567769520-5-0\"  class=\"panel-grid-cell\" ><div id=\"panel-gb5440-69dd567769520-5-0-0\" class=\"so-panel widget widget_sow-image panel-first-child\" data-index=\"20\" ><div\n\t\t\t\n\t\t\tclass=\"so-widget-sow-image so-widget-sow-image-default-8b5b6f678277-5440\"\n\t\t\t\n\t\t>\n<div class=\"sow-image-container\">\n\t\t<img \n\tdata-src=\"https:\/\/www.ulclegal.com\/wp-content\/uploads\/2025\/07\/IMG_7483-2-e1753279617191.jpg\" width=\"155\" height=\"200\" data-sizes=\"(max-width: 155px) 100vw, 155px\" title=\"IMG_7483\" alt=\"\" \t\tclass=\"so-widget-image lazyload\" src=\"data:image\/svg+xml;base64,PHN2ZyB3aWR0aD0iMSIgaGVpZ2h0PSIxIiB4bWxucz0iaHR0cDovL3d3dy53My5vcmcvMjAwMC9zdmciPjwvc3ZnPg==\" style=\"--smush-placeholder-width: 155px; --smush-placeholder-aspect-ratio: 155\/200;\" \/>\n\t<\/div>\n\n<\/div><\/div><div id=\"panel-gb5440-69dd567769520-5-0-1\" class=\"so-panel widget widget_sow-editor panel-last-child\" data-index=\"21\" ><div\n\t\t\t\n\t\t\tclass=\"so-widget-sow-editor so-widget-sow-editor-base\"\n\t\t\t\n\t\t>\n<div class=\"siteorigin-widget-tinymce textwidget\">\n\t<h5><a href=\"https:\/\/www.ulclegal.com\/ru\/%d0%bb%d0%b5%d0%bd%d0%b0-%d0%ba%d0%b8%d1%81%d1%81\/\">Lena Kissov\u00e1<\/a><\/h5>\n<\/div>\n<\/div><\/div><\/div><div id=\"pgc-gb5440-69dd567769520-5-1\"  class=\"panel-grid-cell\" ><div id=\"panel-gb5440-69dd567769520-5-1-0\" class=\"so-panel widget widget_sow-image panel-first-child\" data-index=\"22\" ><div\n\t\t\t\n\t\t\tclass=\"so-widget-sow-image so-widget-sow-image-default-8b5b6f678277-5440\"\n\t\t\t\n\t\t>\n<div class=\"sow-image-container\">\n\t\t<img \n\tdata-src=\"https:\/\/www.ulclegal.com\/wp-content\/uploads\/2025\/07\/IMG_7451-3-e1753279466806.jpg\" width=\"155\" height=\"200\" data-sizes=\"(max-width: 155px) 100vw, 155px\" title=\"IMG_7451\" alt=\"\" \t\tclass=\"so-widget-image lazyload\" src=\"data:image\/svg+xml;base64,PHN2ZyB3aWR0aD0iMSIgaGVpZ2h0PSIxIiB4bWxucz0iaHR0cDovL3d3dy53My5vcmcvMjAwMC9zdmciPjwvc3ZnPg==\" style=\"--smush-placeholder-width: 155px; --smush-placeholder-aspect-ratio: 155\/200;\" \/>\n\t<\/div>\n\n<\/div><\/div><div id=\"panel-gb5440-69dd567769520-5-1-1\" class=\"so-panel widget widget_sow-editor panel-last-child\" data-index=\"23\" ><div\n\t\t\t\n\t\t\tclass=\"so-widget-sow-editor so-widget-sow-editor-base\"\n\t\t\t\n\t\t>\n<div class=\"siteorigin-widget-tinymce textwidget\">\n\t<h5><a href=\"https:\/\/www.ulclegal.com\/ru\/?page_id=5567&amp;preview=true\">Vladim\u00edr Moln\u00e1r<\/a><\/h5>\n<\/div>\n<\/div><\/div><\/div><div id=\"pgc-gb5440-69dd567769520-5-2\"  class=\"panel-grid-cell\" ><div id=\"panel-gb5440-69dd567769520-5-2-0\" class=\"so-panel widget widget_sow-image panel-first-child\" data-index=\"24\" ><div\n\t\t\t\n\t\t\tclass=\"so-widget-sow-image so-widget-sow-image-default-8b5b6f678277-5440\"\n\t\t\t\n\t\t>\n<div class=\"sow-image-container\">\n\t\t<img \n\tdata-src=\"https:\/\/www.ulclegal.com\/wp-content\/uploads\/2025\/01\/taby-2-e1738849947495.jpg\" width=\"149\" height=\"199\" data-sizes=\"(max-width: 149px) 100vw, 149px\" title=\"taby\" alt=\"krypto-advok\u00e1t-kancel\u00e1ria-anwalt-bratislava-slowakei-predaj-firiem\" \t\tclass=\"so-widget-image lazyload\" src=\"data:image\/svg+xml;base64,PHN2ZyB3aWR0aD0iMSIgaGVpZ2h0PSIxIiB4bWxucz0iaHR0cDovL3d3dy53My5vcmcvMjAwMC9zdmciPjwvc3ZnPg==\" style=\"--smush-placeholder-width: 149px; --smush-placeholder-aspect-ratio: 149\/199;\" \/>\n\t<\/div>\n\n<\/div><\/div><div id=\"panel-gb5440-69dd567769520-5-2-1\" class=\"so-panel widget widget_sow-editor panel-last-child\" data-index=\"25\" ><div\n\t\t\t\n\t\t\tclass=\"so-widget-sow-editor so-widget-sow-editor-base\"\n\t\t\t\n\t\t>\n<div class=\"siteorigin-widget-tinymce textwidget\">\n\t<h5><a href=\"https:\/\/www.ulclegal.com\/ru\/judr-martin-taby\/\">JUDr. Martin T\u00e1by<\/a><\/h5>\n<\/div>\n<\/div><\/div><\/div><div id=\"pgc-gb5440-69dd567769520-5-3\"  class=\"panel-grid-cell\" ><div id=\"panel-gb5440-69dd567769520-5-3-0\" class=\"so-panel widget widget_sow-image panel-first-child\" data-index=\"26\" ><div\n\t\t\t\n\t\t\tclass=\"so-widget-sow-image so-widget-sow-image-default-8b5b6f678277-5440\"\n\t\t\t\n\t\t>\n<div class=\"sow-image-container\">\n\t\t<img \n\tdata-src=\"https:\/\/www.ulclegal.com\/wp-content\/uploads\/2025\/01\/tocek-e1738846457252.jpg\" width=\"149\" height=\"199\" data-sizes=\"(max-width: 149px) 100vw, 149px\" title=\"tocek\" alt=\"MTocek\" \t\tclass=\"so-widget-image lazyload\" src=\"data:image\/svg+xml;base64,PHN2ZyB3aWR0aD0iMSIgaGVpZ2h0PSIxIiB4bWxucz0iaHR0cDovL3d3dy53My5vcmcvMjAwMC9zdmciPjwvc3ZnPg==\" style=\"--smush-placeholder-width: 149px; --smush-placeholder-aspect-ratio: 149\/199;\" \/>\n\t<\/div>\n\n<\/div><\/div><div id=\"panel-gb5440-69dd567769520-5-3-1\" class=\"so-panel widget widget_sow-editor panel-last-child\" data-index=\"27\" ><div\n\t\t\t\n\t\t\tclass=\"so-widget-sow-editor so-widget-sow-editor-base\"\n\t\t\t\n\t\t>\n<div class=\"siteorigin-widget-tinymce textwidget\">\n\t<h5><a href=\"https:\/\/www.ulclegal.com\/ru\/judr-martin-tocek\/\">JUDr. Martin To\u010dek<\/a><\/h5>\n<\/div>\n<\/div><\/div><\/div><\/div><\/div><\/div>\n\n\n<p><\/p>\n","protected":false},"excerpt":{"rendered":"<p>\u041d\u0430\u0448\u0430 \u043a\u043e\u043c\u043f\u0430\u043d\u0438\u044f \u043f\u0440\u0435\u0434\u043e\u0441\u0442\u0430\u0432\u043b\u044f\u0435\u0442 \u0441\u0432\u043e\u0438\u043c \u043a\u043b\u0438\u0435\u043d\u0442\u0430\u043c \u043a\u0432\u0430\u043b\u0438\u0444\u0438\u0446\u0438\u0440\u043e\u0432\u0430\u043d\u043d\u0443\u044e \u044e\u0440\u0438\u0434\u0438\u0447\u0435\u0441\u043a\u0443\u044e \u043f\u043e\u043c\u043e\u0449\u044c, \u043e\u0441\u043d\u043e\u0432\u0430\u043d\u043d\u0443\u044e \u043d\u0430 \u0434\u043e\u0432\u0435\u0440\u0438\u0438 \u043c\u0435\u0436\u0434\u0443 \u043a\u043b\u0438\u0435\u043d\u0442\u043e\u043c \u0438 \u0430\u0434\u0432\u043e\u043a\u0430\u0442\u043e\u043c, \u0430 \u0442\u0430\u043a\u0436\u0435 \u043d\u0430 \u0440\u0435\u0430\u043b\u0438\u0437\u0430\u0446\u0438\u0438 \u044d\u0442\u0438\u0447\u0435\u0441\u043a\u0438\u0445 \u043f\u0440\u0438\u043d\u0446\u0438\u043f\u043e\u0432, \u043f\u0440\u0438\u0441\u0443\u0449\u0438\u0445 \u0430\u0434\u0432\u043e\u043a\u0430\u0442\u0441\u043a\u043e\u0439 \u043f\u0440\u043e\u0444\u0435\u0441\u0441\u0438\u0438. &nbsp; \u042d\u0440\u0443\u0434\u0438\u0440\u043e\u0432\u0430\u043d\u043d\u043e\u0441\u0442\u044c \u044f\u0432\u043b\u044f\u0435\u0442\u0441\u044f \u043a\u043b\u044e\u0447\u0435\u0432\u043e\u0439 \u043a\u043e\u043c\u043f\u0435\u0442\u0435\u043d\u0446\u0438\u0435\u0439 \u043d\u0430\u0448\u0438\u0445 \u0441\u043e\u0442\u0440\u0443\u0434\u043d\u0438\u043a\u043e\u0432. \u0422\u0430\u043a\u0436\u0435 \u0432\u0430\u0436\u043d\u044b \u043b\u0438\u0447\u043d\u044b\u0435 \u043a\u0430\u0447\u0435\u0441\u0442\u0432\u0430, \u0442\u0430\u043a\u0438\u0435 \u043a\u0430\u043a \u043a\u043e\u043c\u043c\u0443\u043d\u0438\u043a\u0430\u0431\u0435\u043b\u044c\u043d\u043e\u0441\u0442\u044c, \u0433\u0438\u0431\u043a\u043e\u0441\u0442\u044c, \u0442\u043e\u0447\u043d\u043e\u0441\u0442\u044c, \u0441\u0442\u043e\u0439\u043a\u043e\u0441\u0442\u044c \u043a \u0441\u0442\u0440\u0435\u0441\u0441\u0443, \u0433\u043e\u0442\u043e\u0432\u043d\u043e\u0441\u0442\u044c \u043f\u043e\u0441\u0442\u043e\u044f\u043d\u043d\u043e \u0443\u0447\u0438\u0442\u044c\u0441\u044f \u0438 \u043d\u0435\u043e\u0442\u044a\u0435\u043c\u043b\u0435\u043c\u044b\u0439 \u044d\u043d\u0442\u0443\u0437\u0438\u0430\u0437\u043c \u043a \u0430\u0434\u0432\u043e\u043a\u0430\u0442\u0441\u043a\u043e\u0439 \u043f\u0440\u043e\u0444\u0435\u0441\u0441\u0438\u0438.<\/p>\n","protected":false},"author":9,"featured_media":5448,"parent":0,"menu_order":0,"comment_status":"closed","ping_status":"closed","template":"","meta":{"_acf_changed":false,"footnotes":""},"class_list":["post-5440","page","type-page","status-publish","has-post-thumbnail","hentry"],"acf":[],"_links":{"self":[{"href":"https:\/\/www.ulclegal.com\/ru\/wp-json\/wp\/v2\/pages\/5440","targetHints":{"allow":["GET"]}}],"collection":[{"href":"https:\/\/www.ulclegal.com\/ru\/wp-json\/wp\/v2\/pages"}],"about":[{"href":"https:\/\/www.ulclegal.com\/ru\/wp-json\/wp\/v2\/types\/page"}],"author":[{"embeddable":true,"href":"https:\/\/www.ulclegal.com\/ru\/wp-json\/wp\/v2\/users\/9"}],"replies":[{"embeddable":true,"href":"https:\/\/www.ulclegal.com\/ru\/wp-json\/wp\/v2\/comments?post=5440"}],"version-history":[{"count":0,"href":"https:\/\/www.ulclegal.com\/ru\/wp-json\/wp\/v2\/pages\/5440\/revisions"}],"wp:featuredmedia":[{"embeddable":true,"href":"https:\/\/www.ulclegal.com\/ru\/wp-json\/wp\/v2\/media\/5448"}],"wp:attachment":[{"href":"https:\/\/www.ulclegal.com\/ru\/wp-json\/wp\/v2\/media?parent=5440"}],"curies":[{"name":"wp","href":"https:\/\/api.w.org\/{rel}","templated":true}]}}