{"id":5486,"date":"2023-02-10T13:13:19","date_gmt":"2023-02-10T12:13:19","guid":{"rendered":"https:\/\/www.ulclegal.com\/%d0%ba%d0%be%d0%bd%d1%82%d0%b0%d0%ba%d1%82\/"},"modified":"2026-04-15T11:25:30","modified_gmt":"2026-04-15T09:25:30","slug":"%d0%ba%d0%be%d0%bd%d1%82%d0%b0%d0%ba%d1%82","status":"publish","type":"page","link":"https:\/\/www.ulclegal.com\/ru\/%d0%ba%d0%be%d0%bd%d1%82%d0%b0%d0%ba%d1%82\/","title":{"rendered":"\u041a\u043e\u043d\u0442\u0430\u043a\u0442"},"content":{"rendered":"<div id=\"pl-gb5486-69df671b502c9\"  class=\"panel-layout\" ><div id=\"pg-gb5486-69df671b502c9-0\"  class=\"panel-grid panel-no-style\" ><div id=\"pgc-gb5486-69df671b502c9-0-0\"  class=\"panel-grid-cell\" ><div id=\"panel-gb5486-69df671b502c9-0-0-0\" class=\"so-panel widget widget_sow-editor panel-first-child panel-last-child\" data-index=\"0\" ><div\n\t\t\t\n\t\t\tclass=\"so-widget-sow-editor so-widget-sow-editor-base\"\n\t\t\t\n\t\t>\n<div class=\"siteorigin-widget-tinymce textwidget\">\n\t<div style=\"width: 100%\"><\/div>\n<\/div>\n<\/div><\/div><\/div><div id=\"pgc-gb5486-69df671b502c9-0-1\"  class=\"panel-grid-cell\" ><div id=\"panel-gb5486-69df671b502c9-0-1-0\" class=\"so-panel widget widget_sow-editor panel-first-child panel-last-child\" data-index=\"1\" ><div\n\t\t\t\n\t\t\tclass=\"so-widget-sow-editor so-widget-sow-editor-base\"\n\t\t\t\n\t\t>\n<div class=\"siteorigin-widget-tinymce textwidget\">\n\t<h4>ULC \u010carnogursk\u00fd s.r.o.<\/h4>\n<p>Tvaro\u017ekova 5, P.O.Box 21<br \/>814 99 Bratislava 1<br \/>\u0421\u043b\u043e\u0432\u0430\u043a\u0438\u044f<\/p>\n<p>\u0418\u041d\u041e: 35975016<br \/>\u0418\u041d\u041d: 2022119231<br \/>\u041d\u0414\u0421: SK2022119231<\/p>\n<p>\u0422\u0435\u043b.: <a>+421-2-5720 1717<\/a><br \/>\u0424\u0430\u043a\u0441: <a>+421-2-5720 1777<\/a><br \/>E-mail: <a href=\"mailto:office@ulclegal.com\">office@ulclegal.com<\/a><\/p>\n<\/div>\n<\/div><\/div><\/div><\/div><\/div>","protected":false},"excerpt":{"rendered":"<p>ULC \u010carnogursk\u00fd s.r.o. Tvaro\u017ekova 5, P.O.Box 21814 99 Bratislava 1\u0421\u043b\u043e\u0432\u0430\u043a\u0438\u044f \u0418\u041d\u041e: 35975016\u0418\u041d\u041d: 2022119231\u041d\u0414\u0421: SK2022119231 \u0422\u0435\u043b.: +421-2-5720 1717\u0424\u0430\u043a\u0441: +421-2-5720 1777E-mail: office@ulclegal.com<\/p>\n","protected":false},"author":9,"featured_media":5487,"parent":0,"menu_order":0,"comment_status":"closed","ping_status":"closed","template":"","meta":{"_acf_changed":false,"footnotes":""},"class_list":["post-5486","page","type-page","status-publish","has-post-thumbnail","hentry"],"acf":[],"_links":{"self":[{"href":"https:\/\/www.ulclegal.com\/ru\/wp-json\/wp\/v2\/pages\/5486","targetHints":{"allow":["GET"]}}],"collection":[{"href":"https:\/\/www.ulclegal.com\/ru\/wp-json\/wp\/v2\/pages"}],"about":[{"href":"https:\/\/www.ulclegal.com\/ru\/wp-json\/wp\/v2\/types\/page"}],"author":[{"embeddable":true,"href":"https:\/\/www.ulclegal.com\/ru\/wp-json\/wp\/v2\/users\/9"}],"replies":[{"embeddable":true,"href":"https:\/\/www.ulclegal.com\/ru\/wp-json\/wp\/v2\/comments?post=5486"}],"version-history":[{"count":1,"href":"https:\/\/www.ulclegal.com\/ru\/wp-json\/wp\/v2\/pages\/5486\/revisions"}],"predecessor-version":[{"id":11458,"href":"https:\/\/www.ulclegal.com\/ru\/wp-json\/wp\/v2\/pages\/5486\/revisions\/11458"}],"wp:featuredmedia":[{"embeddable":true,"href":"https:\/\/www.ulclegal.com\/ru\/wp-json\/wp\/v2\/media\/5487"}],"wp:attachment":[{"href":"https:\/\/www.ulclegal.com\/ru\/wp-json\/wp\/v2\/media?parent=5486"}],"curies":[{"name":"wp","href":"https:\/\/api.w.org\/{rel}","templated":true}]}}