{"id":5565,"date":"2023-05-15T15:52:30","date_gmt":"2023-05-15T13:52:30","guid":{"rendered":"https:\/\/www.ulclegal.com\/natalia-vasova\/"},"modified":"2024-11-08T08:49:05","modified_gmt":"2024-11-08T07:49:05","slug":"natalia-vasova","status":"publish","type":"page","link":"https:\/\/www.ulclegal.com\/ru\/natalia-vasova\/","title":{"rendered":"Nat\u00e1lia V\u00e1\u0161ov\u00e1"},"content":{"rendered":"<div id=\"pl-5565\"  class=\"panel-layout\" ><div id=\"pg-5565-0\"  class=\"panel-grid panel-no-style\" ><div id=\"pgc-5565-0-0\"  class=\"panel-grid-cell panel-grid-cell-empty\" ><\/div><div id=\"pgc-5565-0-1\"  class=\"panel-grid-cell panel-grid-cell-mobile-last\" ><div id=\"panel-5565-0-1-0\" class=\"so-panel widget widget_sow-editor panel-first-child panel-last-child\" data-index=\"0\" ><div\n\t\t\t\n\t\t\tclass=\"so-widget-sow-editor so-widget-sow-editor-base\"\n\t\t\t\n\t\t>\n<div class=\"siteorigin-widget-tinymce textwidget\">\n\t<div class=\"abstract\">\n<div class=\"abstract\">\n<div class=\"abstract\">\n<p>\u041d\u0430\u0442\u0430\u043b\u0438\u044f \u043f\u0440\u0438\u043e\u0431\u0440\u0435\u043b\u0430 \u0437\u043d\u0430\u0447\u0438\u0442\u0435\u043b\u044c\u043d\u044b\u0439 \u043e\u043f\u044b\u0442 \u0432 \u043e\u0431\u043b\u0430\u0441\u0442\u0438 \u0430\u0434\u043c\u0438\u043d\u0438\u0441\u0442\u0440\u0438\u0440\u043e\u0432\u0430\u043d\u0438\u044f \u0438 \u043e\u0431\u0441\u043b\u0443\u0436\u0438\u0432\u0430\u043d\u0438\u044f \u043a\u043b\u0438\u0435\u043d\u0442\u043e\u0432 \u0432 \u043c\u043d\u043e\u0433\u043e\u043d\u0430\u0446\u0438\u043e\u043d\u0430\u043b\u044c\u043d\u044b\u0445 \u043a\u043e\u043c\u043f\u0430\u043d\u0438\u044f\u0445.<\/p>\n<p>\u0411\u043b\u0430\u0433\u043e\u0434\u0430\u0440\u044f \u0441\u0432\u043e\u0438\u043c \u0437\u043d\u0430\u043d\u0438\u044f\u043c \u0438 \u043e\u043f\u044b\u0442\u0443, \u043d\u0430\u043a\u043e\u043f\u043b\u0435\u043d\u043d\u043e\u043c\u0443 \u0437\u0430 \u043d\u0435\u0441\u043a\u043e\u043b\u044c\u043a\u043e \u043b\u0435\u0442 \u043f\u0440\u0430\u043a\u0442\u0438\u043a\u0438, \u043e\u043d \u044f\u0432\u043b\u044f\u0435\u0442\u0441\u044f \u043f\u0440\u0430\u0432\u043e\u0439 \u0440\u0443\u043a\u043e\u0439 \u0434\u043b\u044f \u044e\u0440\u0438\u0441\u0442\u043e\u0432 \u0438 \u043e\u0431\u0435\u0441\u043f\u0435\u0447\u0438\u0432\u0430\u0435\u0442 \u0431\u0435\u0441\u043f\u0435\u0440\u0435\u0431\u043e\u0439\u043d\u0443\u044e \u0440\u0430\u0431\u043e\u0442\u0443 \u043e\u0444\u0438\u0441\u0430.<\/p>\n<p>\u041d\u0430\u0442\u0430\u043b\u0438\u044f \u0440\u0430\u0431\u043e\u0442\u0430\u0435\u0442 \u0432 ULC \u010carnogursk\u00fd \u0441 \u0434\u0435\u043a\u0430\u0431\u0440\u044f 2023 \u0433\u043e\u0434\u0430.<\/p>\n<p>\u041e\u043d \u0433\u043e\u0432\u043e\u0440\u0438\u0442 \u043f\u043e-\u0430\u043d\u0433\u043b\u0438\u0439\u0441\u043a\u0438.<\/p>\n<\/div>\n<\/div>\n<\/div>\n<\/div>\n<\/div><\/div><\/div><div id=\"pgc-5565-0-2\"  class=\"panel-grid-cell panel-grid-cell-empty\" ><\/div><\/div><\/div>","protected":false},"excerpt":{"rendered":"<p>\u041d\u0430\u0442\u0430\u043b\u0438\u044f \u043f\u0440\u0438\u043e\u0431\u0440\u0435\u043b\u0430 \u0437\u043d\u0430\u0447\u0438\u0442\u0435\u043b\u044c\u043d\u044b\u0439 \u043e\u043f\u044b\u0442 \u0432 \u043e\u0431\u043b\u0430\u0441\u0442\u0438 \u0430\u0434\u043c\u0438\u043d\u0438\u0441\u0442\u0440\u0438\u0440\u043e\u0432\u0430\u043d\u0438\u044f \u0438 \u043e\u0431\u0441\u043b\u0443\u0436\u0438\u0432\u0430\u043d\u0438\u044f \u043a\u043b\u0438\u0435\u043d\u0442\u043e\u0432 \u0432 \u043c\u043d\u043e\u0433\u043e\u043d\u0430\u0446\u0438\u043e\u043d\u0430\u043b\u044c\u043d\u044b\u0445 \u043a\u043e\u043c\u043f\u0430\u043d\u0438\u044f\u0445. \u0411\u043b\u0430\u0433\u043e\u0434\u0430\u0440\u044f \u0441\u0432\u043e\u0438\u043c \u0437\u043d\u0430\u043d\u0438\u044f\u043c \u0438 \u043e\u043f\u044b\u0442\u0443, \u043d\u0430\u043a\u043e\u043f\u043b\u0435\u043d\u043d\u043e\u043c\u0443 \u0437\u0430 \u043d\u0435\u0441\u043a\u043e\u043b\u044c\u043a\u043e \u043b\u0435\u0442 \u043f\u0440\u0430\u043a\u0442\u0438\u043a\u0438, \u043e\u043d \u044f\u0432\u043b\u044f\u0435\u0442\u0441\u044f \u043f\u0440\u0430\u0432\u043e\u0439 \u0440\u0443\u043a\u043e\u0439 \u0434\u043b\u044f \u044e\u0440\u0438\u0441\u0442\u043e\u0432 \u0438 \u043e\u0431\u0435\u0441\u043f\u0435\u0447\u0438\u0432\u0430\u0435\u0442 \u0431\u0435\u0441\u043f\u0435\u0440\u0435\u0431\u043e\u0439\u043d\u0443\u044e \u0440\u0430\u0431\u043e\u0442\u0443 \u043e\u0444\u0438\u0441\u0430. \u041d\u0430\u0442\u0430\u043b\u0438\u044f \u0440\u0430\u0431\u043e\u0442\u0430\u0435\u0442 \u0432 ULC \u010carnogursk\u00fd \u0441 \u0434\u0435\u043a\u0430\u0431\u0440\u044f 2023 \u0433\u043e\u0434\u0430. \u041e\u043d \u0433\u043e\u0432\u043e\u0440\u0438\u0442 \u043f\u043e-\u0430\u043d\u0433\u043b\u0438\u0439\u0441\u043a\u0438.<\/p>\n","protected":false},"author":8,"featured_media":5566,"parent":0,"menu_order":0,"comment_status":"closed","ping_status":"closed","template":"","meta":{"_acf_changed":false,"footnotes":""},"class_list":["post-5565","page","type-page","status-publish","has-post-thumbnail","hentry"],"acf":[],"_links":{"self":[{"href":"https:\/\/www.ulclegal.com\/ru\/wp-json\/wp\/v2\/pages\/5565","targetHints":{"allow":["GET"]}}],"collection":[{"href":"https:\/\/www.ulclegal.com\/ru\/wp-json\/wp\/v2\/pages"}],"about":[{"href":"https:\/\/www.ulclegal.com\/ru\/wp-json\/wp\/v2\/types\/page"}],"author":[{"embeddable":true,"href":"https:\/\/www.ulclegal.com\/ru\/wp-json\/wp\/v2\/users\/8"}],"replies":[{"embeddable":true,"href":"https:\/\/www.ulclegal.com\/ru\/wp-json\/wp\/v2\/comments?post=5565"}],"version-history":[{"count":0,"href":"https:\/\/www.ulclegal.com\/ru\/wp-json\/wp\/v2\/pages\/5565\/revisions"}],"wp:featuredmedia":[{"embeddable":true,"href":"https:\/\/www.ulclegal.com\/ru\/wp-json\/wp\/v2\/media\/5566"}],"wp:attachment":[{"href":"https:\/\/www.ulclegal.com\/ru\/wp-json\/wp\/v2\/media?parent=5565"}],"curies":[{"name":"wp","href":"https:\/\/api.w.org\/{rel}","templated":true}]}}