{"id":5586,"date":"2023-03-14T14:12:53","date_gmt":"2023-03-14T13:12:53","guid":{"rendered":"https:\/\/www.ulclegal.com\/judr-mag-jan-carnogursky-en\/"},"modified":"2024-11-08T08:41:48","modified_gmt":"2024-11-08T07:41:48","slug":"judr-mag-jan-carnogursky","status":"publish","type":"page","link":"https:\/\/www.ulclegal.com\/ru\/judr-mag-jan-carnogursky\/","title":{"rendered":"\u042f\u043d \u0427\u0430\u0440\u043d\u043e\u0433\u0443\u0440\u0441\u043a\u0438\u0439"},"content":{"rendered":"<div id=\"pl-5586\"  class=\"panel-layout\" ><div id=\"pg-5586-0\"  class=\"panel-grid panel-no-style\" ><div id=\"pgc-5586-0-0\"  class=\"panel-grid-cell panel-grid-cell-empty\" ><\/div><div id=\"pgc-5586-0-1\"  class=\"panel-grid-cell panel-grid-cell-mobile-last\" ><div id=\"panel-5586-0-1-0\" class=\"so-panel widget widget_sow-editor panel-first-child panel-last-child\" data-index=\"0\" ><div\n\t\t\t\n\t\t\tclass=\"so-widget-sow-editor so-widget-sow-editor-base\"\n\t\t\t\n\t\t>\n<div class=\"siteorigin-widget-tinymce textwidget\">\n\t<p class=\"font-claude-response-body whitespace-normal break-words\"><strong>Education<\/strong><\/p>\n<p class=\"font-claude-response-body whitespace-normal break-words\">J\u00e1n \u010carnogursk\u00fd earned his Master of Law degree from the University of Vienna (1995) and subsequently graduated from the Law Faculty of Comenius University in Bratislava (1997), where he was awarded his doctorate in law (JUDr.) in 1999. He later completed his Master of Business Administration at the University of Cumbria.<\/p>\n<p class=\"font-claude-response-body whitespace-normal break-words\"><strong>Academic Career<\/strong><\/p>\n<p class=\"font-claude-response-body whitespace-normal break-words\">Following his studies in Vienna, he served as a lecturer at the Department of Central and East European Business Law at the Vienna University of Economics and Business Administration.<\/p>\n<p class=\"font-claude-response-body whitespace-normal break-words\"><strong>Professional Experience<\/strong><\/p>\n<p class=\"font-claude-response-body whitespace-normal break-words\">JUDr. Mag. J\u00e1n \u010carnogursk\u00fd began his legal career as an articled clerk in 1995. From 2000, he spent over a decade as a partner at a leading multinational law firm with more than 1,500 lawyers worldwide. He is now the Managing Partner of ULC \u010carnogursk\u00fd.<\/p>\n<p class=\"font-claude-response-body whitespace-normal break-words\">Throughout his career, he has developed extensive expertise in privatisation, mergers and acquisitions, and investment projects. His practice encompasses energy law, banking and finance, real estate, securities, and civil law. He has led legal due diligence for major transactions involving energy companies, chemical manufacturers, banks, insurance companies, and pharmaceutical firms.<\/p>\n<p class=\"font-claude-response-body whitespace-normal break-words\"><strong>Credentials<\/strong><\/p>\n<p class=\"font-claude-response-body whitespace-normal break-words\">J\u00e1n \u010carnogursk\u00fd is a registered attorney with the Slovak Bar Association and a certified Cyber Security Manager.<\/p>\n<p class=\"font-claude-response-body whitespace-normal break-words\"><strong>Languages:<\/strong> English, German, Russian<\/p>\n<p class=\"font-claude-response-body whitespace-normal break-words\">In 2011, he summited Mount Everest (8,848 m).<\/p>\n<\/div>\n<\/div><\/div><\/div><div id=\"pgc-5586-0-2\"  class=\"panel-grid-cell panel-grid-cell-empty\" ><\/div><\/div><\/div>","protected":false},"excerpt":{"rendered":"<p>Education J\u00e1n \u010carnogursk\u00fd earned his Master of Law degree from the University of Vienna (1995) and subsequently graduated from the Law Faculty of Comenius University in Bratislava (1997), where he was awarded his doctorate in law (JUDr.) in 1999. He later completed his Master of Business Administration at the University of Cumbria. Academic Career Following [&hellip;]<\/p>\n","protected":false},"author":8,"featured_media":5588,"parent":0,"menu_order":0,"comment_status":"closed","ping_status":"closed","template":"","meta":{"_acf_changed":false,"footnotes":""},"class_list":["post-5586","page","type-page","status-publish","has-post-thumbnail","hentry"],"acf":[],"_links":{"self":[{"href":"https:\/\/www.ulclegal.com\/ru\/wp-json\/wp\/v2\/pages\/5586","targetHints":{"allow":["GET"]}}],"collection":[{"href":"https:\/\/www.ulclegal.com\/ru\/wp-json\/wp\/v2\/pages"}],"about":[{"href":"https:\/\/www.ulclegal.com\/ru\/wp-json\/wp\/v2\/types\/page"}],"author":[{"embeddable":true,"href":"https:\/\/www.ulclegal.com\/ru\/wp-json\/wp\/v2\/users\/8"}],"replies":[{"embeddable":true,"href":"https:\/\/www.ulclegal.com\/ru\/wp-json\/wp\/v2\/comments?post=5586"}],"version-history":[{"count":0,"href":"https:\/\/www.ulclegal.com\/ru\/wp-json\/wp\/v2\/pages\/5586\/revisions"}],"wp:featuredmedia":[{"embeddable":true,"href":"https:\/\/www.ulclegal.com\/ru\/wp-json\/wp\/v2\/media\/5588"}],"wp:attachment":[{"href":"https:\/\/www.ulclegal.com\/ru\/wp-json\/wp\/v2\/media?parent=5586"}],"curies":[{"name":"wp","href":"https:\/\/api.w.org\/{rel}","templated":true}]}}